{"id":477704,"date":"2024-07-10T10:04:28","date_gmt":"2024-07-10T10:04:28","guid":{"rendered":"https:\/\/harristweed-shop.be\/product\/college-shawl-st-andrews-university-united-college-scarf\/"},"modified":"2026-04-08T10:25:20","modified_gmt":"2026-04-08T10:25:20","slug":"college-shawl-st-andrews-university-united-college-scarf","status":"publish","type":"product","link":"https:\/\/harristweed-shop.be\/fr\/produit\/chale-universitaire-echarpe-du-united-college-de-luniversite-st-andrews-2\/","title":{"rendered":"Ch\u00e2le universitaire, Universit\u00e9 de St Andrews, \u00c9charpe United College"},"content":{"rendered":"<p>L&#039;Universit\u00e9 de St Andrews est une universit\u00e9 publique situ\u00e9e \u00e0 St Andrews, en \u00c9cosse. C&#039;est la plus ancienne universit\u00e9 d&#039;\u00c9cosse et, apr\u00e8s Oxford et Cambridge, la troisi\u00e8me plus ancienne universit\u00e9 du monde anglophone. Le United College of St Salvator and St Leonard est l&#039;un des deux coll\u00e8ges statutaires de l&#039;Universit\u00e9 de St Andrews. Nous sommes ravis de vous proposer cette magnifique \u00e9charpe, fabriqu\u00e9e dans notre propre atelier \u00e0 Cambridge, en Angleterre. Elle mesure environ 1,80 m de long. Confectionn\u00e9e dans le style universitaire traditionnel en laine de Saxe 100%. Elle est orn\u00e9e de notre embl\u00e9matique label \u00ab\u00a0Made in England\u00a0\u00bb.<\/p>","protected":false},"excerpt":{"rendered":"<p>Fabriqu\u00e9 en Angleterre et fini avec l&#039;\u00e9tiquette embl\u00e9matique Ryder &amp; Amies.<\/p>","protected":false},"featured_media":477705,"template":"","meta":[],"product_brand":[],"product_cat":[1038,1037,874,873,105,1135],"product_tag":[],"class_list":{"0":"post-477704","1":"product","2":"type-product","3":"status-publish","4":"has-post-thumbnail","6":"product_cat-college-schals","7":"product_cat-college-shawls","8":"product_cat-schals-schals","9":"product_cat-schals","10":"product_cat-shawls","11":"product_cat-thetweedshop","12":"pa_merk-ryder-and-amies","14":"first","15":"outofstock","16":"taxable","17":"shipping-taxable","18":"purchasable","19":"product-type-simple"},"df_price":84.95,"df_sale_price":"","df_regular_price":84.95,"df_image_link":"https:\/\/harristweed-shop.be\/wp-content\/uploads\/2024\/07\/fcf7f4296ddf4b0bf50f41d2864efd50_College_Shawl__St_Andrews_University__United_College_Scarf-225x300.jpeg","_links":{"self":[{"href":"https:\/\/harristweed-shop.be\/fr\/wp-json\/wp\/v2\/product\/477704","targetHints":{"allow":["GET"]}}],"collection":[{"href":"https:\/\/harristweed-shop.be\/fr\/wp-json\/wp\/v2\/product"}],"about":[{"href":"https:\/\/harristweed-shop.be\/fr\/wp-json\/wp\/v2\/types\/product"}],"wp:featuredmedia":[{"embeddable":true,"href":"https:\/\/harristweed-shop.be\/fr\/wp-json\/wp\/v2\/media\/477705"}],"wp:attachment":[{"href":"https:\/\/harristweed-shop.be\/fr\/wp-json\/wp\/v2\/media?parent=477704"}],"wp:term":[{"taxonomy":"product_brand","embeddable":true,"href":"https:\/\/harristweed-shop.be\/fr\/wp-json\/wp\/v2\/product_brand?post=477704"},{"taxonomy":"product_cat","embeddable":true,"href":"https:\/\/harristweed-shop.be\/fr\/wp-json\/wp\/v2\/product_cat?post=477704"},{"taxonomy":"product_tag","embeddable":true,"href":"https:\/\/harristweed-shop.be\/fr\/wp-json\/wp\/v2\/product_tag?post=477704"}],"curies":[{"name":"wp","href":"https:\/\/api.w.org\/{rel}","templated":true}]}}