{"id":4632,"date":"2020-09-26T08:17:52","date_gmt":"2020-09-26T08:17:52","guid":{"rendered":"https:\/\/harristweed-shop.be\/?post_type=product&#038;p=4632"},"modified":"2023-10-26T14:43:03","modified_gmt":"2023-10-26T14:43:03","slug":"sir-redman-bretels-combi-pack-botanical-flow-rose","status":"publish","type":"product","link":"https:\/\/harristweed-shop.be\/fr\/produit\/bretelles-sir-redman-lot-combine-rose-florale\/","title":{"rendered":"Pack de bretelles Sir Redman Botanical Flow \u2013 rose"},"content":{"rendered":"<p><img fetchpriority=\"high\" decoding=\"async\" class=\"alignnone wp-image-4473\" src=\"https:\/\/harristweed-shop.be\/wp-content\/uploads\/2020\/09\/Sir_Redman_logo_zwart.gif\" alt=\"\" width=\"332\" height=\"249\" \/><\/p>","protected":false},"excerpt":{"rendered":"<p><b>FI\u00c8REMENT FABRIQU\u00c9 \u00c0 LA MAIN AUX PAYS-BAS<\/b><br \/>\nSir Redman fabrique ses bretelles enti\u00e8rement \u00e0 la main dans ses ateliers. Ces bretelles sont dot\u00e9es de passants en cuir de la plus haute qualit\u00e9 et de clips robustes. Leur taille est \u00e9galement r\u00e9glable gr\u00e2ce \u00e0 des clips coulissants. Gr\u00e2ce \u00e0 la bo\u00eete fournie contenant 6 boutons, une aiguille, du fil et une entretoise pour fixer les boutons \u00e0 l&#039;int\u00e9rieur de votre pantalon, portez vos bretelles de mani\u00e8re authentique en toute simplicit\u00e9. Pas fan ? Utilisez les clips de haute qualit\u00e9 pour les fixer \u00e0 la ceinture de votre pantalon. Elles sont amovibles individuellement. Lorsque vous n&#039;utilisez pas les passants, rangez-les dans la bo\u00eete\u00a0: pratique, non\u00a0?<\/p>\n<p>Taille de l&#039;arc : 11,5 cm x 4,5 cm<\/p>\n<p>Article #SRCOMBI20002B<\/p>\n<p>Couleur rose antique \/ marron dor\u00e9<\/p>\n<p>Mat\u00e9riau polyester tiss\u00e9 Microfill<\/p>\n<p>Largeur des bretelles 3,5 cm<\/p>\n<p>Clips 3, avec boucles en cuir v\u00e9ritable marron<\/p>\n<p><img decoding=\"async\" class=\"alignnone wp-image-4474\" src=\"https:\/\/harristweed-shop.be\/wp-content\/uploads\/2020\/09\/Sir_Redman_logo_zwart-1.gif\" alt=\"\" width=\"312\" height=\"234\" \/><\/p>","protected":false},"featured_media":0,"template":"","meta":[],"product_brand":[],"product_cat":[320,332],"product_tag":[324,329,328,330,326,327,325],"class_list":{"0":"post-4632","1":"product","2":"type-product","3":"status-publish","5":"product_cat-bretels","6":"product_cat-combi-pack-met-strik","7":"product_tag-bretels","8":"product_tag-bretels-met-knopen","9":"product_tag-bretels-met-leertjes","10":"product_tag-bretels-met-lussen","11":"product_tag-bretels-vintage-style","12":"product_tag-suspenders","13":"product_tag-vintage-bretels","15":"first","16":"outofstock","17":"taxable","18":"shipping-taxable","19":"purchasable","20":"product-type-simple"},"df_price":79.95,"df_sale_price":"","df_regular_price":79.95,"df_image_link":"https:\/\/harristweed-shop.be\/wp-content\/uploads\/woocommerce-placeholder-300x300.png","_links":{"self":[{"href":"https:\/\/harristweed-shop.be\/fr\/wp-json\/wp\/v2\/product\/4632","targetHints":{"allow":["GET"]}}],"collection":[{"href":"https:\/\/harristweed-shop.be\/fr\/wp-json\/wp\/v2\/product"}],"about":[{"href":"https:\/\/harristweed-shop.be\/fr\/wp-json\/wp\/v2\/types\/product"}],"wp:attachment":[{"href":"https:\/\/harristweed-shop.be\/fr\/wp-json\/wp\/v2\/media?parent=4632"}],"wp:term":[{"taxonomy":"product_brand","embeddable":true,"href":"https:\/\/harristweed-shop.be\/fr\/wp-json\/wp\/v2\/product_brand?post=4632"},{"taxonomy":"product_cat","embeddable":true,"href":"https:\/\/harristweed-shop.be\/fr\/wp-json\/wp\/v2\/product_cat?post=4632"},{"taxonomy":"product_tag","embeddable":true,"href":"https:\/\/harristweed-shop.be\/fr\/wp-json\/wp\/v2\/product_tag?post=4632"}],"curies":[{"name":"wp","href":"https:\/\/api.w.org\/{rel}","templated":true}]}}