{"id":4613,"date":"2020-09-26T08:01:14","date_gmt":"2020-09-26T08:01:14","guid":{"rendered":"https:\/\/harristweed-shop.be\/?post_type=product&#038;p=4613"},"modified":"2023-10-26T14:44:02","modified_gmt":"2023-10-26T14:44:02","slug":"sir-redman-bretels-combi-pack-urban-paisley","status":"publish","type":"product","link":"https:\/\/harristweed-shop.be\/fr\/produit\/ensemble-de-bretelles-sir-redman-urban-paisley\/","title":{"rendered":"Pack combin\u00e9 de bretelles Sir Redman Urban Paisley"},"content":{"rendered":"<p><img fetchpriority=\"high\" decoding=\"async\" class=\"alignnone wp-image-4473\" src=\"https:\/\/harristweed-shop.be\/wp-content\/uploads\/2020\/09\/Sir_Redman_logo_zwart.gif\" alt=\"\" width=\"332\" height=\"249\" \/><\/p>","protected":false},"excerpt":{"rendered":"<p><strong>FI\u00c8REMENT FABRIQU\u00c9 \u00c0 LA MAIN AUX PAYS-BAS<\/strong><br \/>\nLes bretelles Sir Redman sont orn\u00e9es de d\u00e9tails en cuir raffin\u00e9s et de clips robustes. Leur taille est \u00e9galement r\u00e9glable gr\u00e2ce \u00e0 des clips coulissants. Elles sont fabriqu\u00e9es avec la plus grande pr\u00e9cision et un souci du d\u00e9tail extr\u00eame. La qualit\u00e9 est primordiale, de l&#039;\u00e9lastique utilis\u00e9 au cuir soigneusement s\u00e9lectionn\u00e9, en passant par les clips de haute qualit\u00e9.<\/p>\n<p>Art SRCOMBI20070B<\/p>\n<p>Couleur bleu nuit \/ bleu clair<\/p>\n<p>Largeur des bretelles 3,5 cm<\/p>\n<p>Longueur environ 130 cm (boucles incluses)<\/p>\n<p>Clips 3, avec d\u00e9tails en cuir v\u00e9ritable<\/p>\n<p>Noeud 11,6 cm x 4,5 cm<\/p>\n<p><img decoding=\"async\" class=\"alignnone wp-image-4474\" src=\"https:\/\/harristweed-shop.be\/wp-content\/uploads\/2020\/09\/Sir_Redman_logo_zwart-1.gif\" alt=\"\" width=\"312\" height=\"234\" \/><\/p>","protected":false},"featured_media":0,"template":"","meta":[],"product_brand":[],"product_cat":[320,332],"product_tag":[324,329,328,330,326,327,325],"class_list":{"0":"post-4613","1":"product","2":"type-product","3":"status-publish","5":"product_cat-bretels","6":"product_cat-combi-pack-met-strik","7":"product_tag-bretels","8":"product_tag-bretels-met-knopen","9":"product_tag-bretels-met-leertjes","10":"product_tag-bretels-met-lussen","11":"product_tag-bretels-vintage-style","12":"product_tag-suspenders","13":"product_tag-vintage-bretels","15":"first","16":"outofstock","17":"taxable","18":"shipping-taxable","19":"purchasable","20":"product-type-simple"},"df_price":63.95,"df_sale_price":"","df_regular_price":63.95,"df_image_link":"https:\/\/harristweed-shop.be\/wp-content\/uploads\/woocommerce-placeholder-300x300.png","_links":{"self":[{"href":"https:\/\/harristweed-shop.be\/fr\/wp-json\/wp\/v2\/product\/4613","targetHints":{"allow":["GET"]}}],"collection":[{"href":"https:\/\/harristweed-shop.be\/fr\/wp-json\/wp\/v2\/product"}],"about":[{"href":"https:\/\/harristweed-shop.be\/fr\/wp-json\/wp\/v2\/types\/product"}],"wp:attachment":[{"href":"https:\/\/harristweed-shop.be\/fr\/wp-json\/wp\/v2\/media?parent=4613"}],"wp:term":[{"taxonomy":"product_brand","embeddable":true,"href":"https:\/\/harristweed-shop.be\/fr\/wp-json\/wp\/v2\/product_brand?post=4613"},{"taxonomy":"product_cat","embeddable":true,"href":"https:\/\/harristweed-shop.be\/fr\/wp-json\/wp\/v2\/product_cat?post=4613"},{"taxonomy":"product_tag","embeddable":true,"href":"https:\/\/harristweed-shop.be\/fr\/wp-json\/wp\/v2\/product_tag?post=4613"}],"curies":[{"name":"wp","href":"https:\/\/api.w.org\/{rel}","templated":true}]}}