{"id":454985,"date":"2024-06-12T09:13:00","date_gmt":"2024-06-12T09:13:00","guid":{"rendered":"https:\/\/harristweed-shop.be\/product\/france-rugby-1997-cap-blue-grand-slam\/"},"modified":"2026-04-08T10:55:21","modified_gmt":"2026-04-08T10:55:21","slug":"france-rugby-1997-cap-blue-grand-slam","status":"publish","type":"product","link":"https:\/\/harristweed-shop.be\/fr\/produit\/casquette-bleue-du-grand-chelem-de-france-rugby-1997\/","title":{"rendered":"Casquette Bleue France Rugby 1997 Grand Chelem"},"content":{"rendered":"<p>Casquette France Rugby 1997 Bleu<\/p>\n<p>France Rugby 1997 Grand Chelem<\/p>\n<p>Ce mod\u00e8le classique est confectionn\u00e9 en coton bleu bross\u00e9 \u00e9pais avec une finition p\u00eache. Il pr\u00e9sente les six empi\u00e8cements lat\u00e9raux classiques, une sangle arri\u00e8re \u00e0 boucle bronze vintage et cinq a\u00e9rations sur le dessus. Cette casquette arbore l&#039;\u00e9cusson vintage de l&#039;\u00e9quipe de France de rugby de 1997 sur le devant. De plus, elle arbore l&#039;\u00e9l\u00e9gante broderie ton sur ton du XV d&#039;Ellis sur le panneau lat\u00e9ral. Cette casquette bleue du Grand Chelem de l&#039;\u00e9quipe de France de rugby de 1997 d&#039;Ellis est confortable et s&#039;adapte \u00e0 toutes les morphologies.<br \/>\nAutres styles de rugby fran\u00e7ais<\/p>\n<p>En plus de cette casquette, nous proposons \u00e9galement le maillot de rugby de la France 1968 Grand Chelem, ainsi que le maillot de rugby vintage de la France. Il existe \u00e9galement le polo r\u00e9tro de la France.<\/p>","protected":false},"excerpt":{"rendered":"<p>Ce mod\u00e8le classique est confectionn\u00e9 en coton bleu bross\u00e9 \u00e9pais avec une finition p\u00eache. Il pr\u00e9sente les six empi\u00e8cements lat\u00e9raux classiques, une sangle arri\u00e8re \u00e0 boucle bronze vintage et cinq a\u00e9rations sur le dessus. Cette casquette arbore l&#039;\u00e9cusson vintage de l&#039;\u00e9quipe de France de Rugby 1997 sur le devant. De plus, elle arbore l&#039;\u00e9l\u00e9gante broderie ton sur ton Ellis XV sur le panneau lat\u00e9ral. Cette casquette Ellis Rugby France Rugby 1997 Bleue Grand Chelem s&#039;adapte confortablement \u00e0 toutes les morphologies.<\/p>","protected":false},"featured_media":454986,"template":"","meta":[],"product_brand":[],"product_cat":[395,83,423,394],"product_tag":[],"class_list":{"0":"post-454985","1":"product","2":"type-product","3":"status-publish","4":"has-post-thumbnail","6":"product_cat-black-and-blue-1871","7":"product_cat-petten-en-caps","8":"product_cat-rugby-caps","9":"product_cat-rugby-shirts-2","10":"pa_merk-ellis-rugby","12":"first","13":"instock","14":"taxable","15":"shipping-taxable","16":"purchasable","17":"product-type-simple"},"df_price":29.95,"df_sale_price":"","df_regular_price":29.95,"df_image_link":"https:\/\/harristweed-shop.be\/wp-content\/uploads\/2024\/06\/a3b5e37f0a65f47f4f7806571d38c621_France_Rugby_1997_Cap_Blue_Grand_Slam-300x300.jpeg","_links":{"self":[{"href":"https:\/\/harristweed-shop.be\/fr\/wp-json\/wp\/v2\/product\/454985","targetHints":{"allow":["GET"]}}],"collection":[{"href":"https:\/\/harristweed-shop.be\/fr\/wp-json\/wp\/v2\/product"}],"about":[{"href":"https:\/\/harristweed-shop.be\/fr\/wp-json\/wp\/v2\/types\/product"}],"wp:featuredmedia":[{"embeddable":true,"href":"https:\/\/harristweed-shop.be\/fr\/wp-json\/wp\/v2\/media\/454986"}],"wp:attachment":[{"href":"https:\/\/harristweed-shop.be\/fr\/wp-json\/wp\/v2\/media?parent=454985"}],"wp:term":[{"taxonomy":"product_brand","embeddable":true,"href":"https:\/\/harristweed-shop.be\/fr\/wp-json\/wp\/v2\/product_brand?post=454985"},{"taxonomy":"product_cat","embeddable":true,"href":"https:\/\/harristweed-shop.be\/fr\/wp-json\/wp\/v2\/product_cat?post=454985"},{"taxonomy":"product_tag","embeddable":true,"href":"https:\/\/harristweed-shop.be\/fr\/wp-json\/wp\/v2\/product_tag?post=454985"}],"curies":[{"name":"wp","href":"https:\/\/api.w.org\/{rel}","templated":true}]}}