{"id":454794,"date":"2024-06-12T09:02:28","date_gmt":"2024-06-12T09:02:28","guid":{"rendered":"https:\/\/harristweed-shop.be\/product\/rugby-world-cup-1995-rugby-shirt\/"},"modified":"2026-05-05T04:54:30","modified_gmt":"2026-05-05T04:54:30","slug":"rugby-world-cup-1995-rugby-shirt","status":"publish","type":"product","link":"https:\/\/harristweed-shop.be\/fr\/produit\/maillot-de-rugby-de-la-coupe-du-monde-de-rugby-1995\/","title":{"rendered":"Maillot de rugby de la Coupe du monde de rugby 1995"},"content":{"rendered":"<p>Maillot de rugby de la Coupe du monde de rugby 1995. Inspir\u00e9 du film Invictus et de la victoire des Springboks face \u00e0 la RWC 1995.<\/p>\n<p>Nelson Mandela et la Coupe du monde de rugby 1995<\/p>\n<p>Le 11 f\u00e9vrier 1990, Nelson Mandela est lib\u00e9r\u00e9 de la prison Victor Verster apr\u00e8s 27 ans de d\u00e9tention. Quatre ans plus tard, Mandela est \u00e9lu premier pr\u00e9sident noir d&#039;Afrique du Sud. Sa pr\u00e9sidence est confront\u00e9e \u00e0 d&#039;\u00e9normes d\u00e9fis dans l&#039;\u00e8re post-apartheid, notamment une pauvret\u00e9 et une criminalit\u00e9 end\u00e9miques. Mandela est particuli\u00e8rement pr\u00e9occup\u00e9 par les divisions raciales entre Sud-Africains noirs et blancs, qui pourraient conduire \u00e0 la violence.<\/p>\n<p>Toute l&#039;Afrique du Sud soutient les Springboks<\/p>\n<p>Alors qu&#039;il assiste \u00e0 un match entre les Springboks, l&#039;\u00e9quipe nationale de rugby \u00e0 XV, et l&#039;Angleterre, Mandela constate que certains Noirs pr\u00e9sents dans le stade encouragent l&#039;Angleterre, et non leur propre pays. Car les Springboks, majoritairement blancs, repr\u00e9sentent \u00e0 leurs yeux les pr\u00e9jug\u00e9s et l&#039;apartheid. Il remarque qu&#039;il a fait de m\u00eame lorsqu&#039;il \u00e9tait emprisonn\u00e9 \u00e0 Robben Island.<\/p>\n<p>Fran\u00e7ois Pienaar \u2013 Invictus \u2013 L&#039;Homme dans l&#039;ar\u00e8ne<\/p>\n<p>Il rencontre ensuite le capitaine de l&#039;\u00e9quipe de rugby des Springboks, Fran\u00e7ois Pienaar (Matt Damon). Il lui laisse entendre qu&#039;une victoire des Springboks \u00e0 la Coupe du monde unifierait et inspirerait la nation. Mandela partage \u00e9galement avec Fran\u00e7ois un po\u00e8me britannique, \u00ab\u00a0Invictus\u00a0\u00bb. C&#039;est ce po\u00e8me qui l&#039;avait inspir\u00e9 pendant son s\u00e9jour en prison. En r\u00e9alit\u00e9, ce n&#039;est pas tout \u00e0 fait exact, car c&#039;est le c\u00e9l\u00e8bre discours de Theodore Roosevelt, \u00ab\u00a0L&#039;Homme dans l&#039;ar\u00e8ne\u00a0\u00bb, prononc\u00e9 en 1910, que Mandela a remis \u00e0 Pienaar.<\/p>","protected":false},"excerpt":{"rendered":"<p>Nelson Mandela et la Coupe du monde de rugby 1995<\/p>\n<p>Le 11 f\u00e9vrier 1990, Nelson Mandela est lib\u00e9r\u00e9 de la prison Victor Verster apr\u00e8s 27 ans de d\u00e9tention. Quatre ans plus tard, Mandela est \u00e9lu premier pr\u00e9sident noir d&#039;Afrique du Sud. Sa pr\u00e9sidence est confront\u00e9e \u00e0 d&#039;\u00e9normes d\u00e9fis dans l&#039;\u00e8re post-apartheid, notamment une pauvret\u00e9 et une criminalit\u00e9 end\u00e9miques. Mandela est particuli\u00e8rement pr\u00e9occup\u00e9 par les divisions raciales entre Sud-Africains noirs et blancs, qui pourraient conduire \u00e0 la violence.<\/p>","protected":false},"featured_media":454802,"template":"","meta":[],"product_brand":[],"product_cat":[397,394,955,960],"product_tag":[],"class_list":{"0":"post-454794","1":"product","2":"type-product","3":"status-publish","4":"has-post-thumbnail","6":"product_cat-international","7":"product_cat-rugby-shirts-2","8":"product_cat-shop-by-country-club","9":"product_cat-south-africa-springboks-shop-by-country-club","10":"pa_merk-ellis-rugby","12":"first","13":"instock","14":"taxable","15":"shipping-taxable","16":"purchasable","17":"product-type-variable"},"df_price":89.95,"df_sale_price":"","df_regular_price":89.95,"df_image_link":"https:\/\/harristweed-shop.be\/wp-content\/uploads\/2024\/06\/bfc841b8a5d6998cf9f53b8ecc8d1951_Rugby_World_Cup_1995_Rugby_Shirt-300x300.jpeg","_links":{"self":[{"href":"https:\/\/harristweed-shop.be\/fr\/wp-json\/wp\/v2\/product\/454794","targetHints":{"allow":["GET"]}}],"collection":[{"href":"https:\/\/harristweed-shop.be\/fr\/wp-json\/wp\/v2\/product"}],"about":[{"href":"https:\/\/harristweed-shop.be\/fr\/wp-json\/wp\/v2\/types\/product"}],"wp:featuredmedia":[{"embeddable":true,"href":"https:\/\/harristweed-shop.be\/fr\/wp-json\/wp\/v2\/media\/454802"}],"wp:attachment":[{"href":"https:\/\/harristweed-shop.be\/fr\/wp-json\/wp\/v2\/media?parent=454794"}],"wp:term":[{"taxonomy":"product_brand","embeddable":true,"href":"https:\/\/harristweed-shop.be\/fr\/wp-json\/wp\/v2\/product_brand?post=454794"},{"taxonomy":"product_cat","embeddable":true,"href":"https:\/\/harristweed-shop.be\/fr\/wp-json\/wp\/v2\/product_cat?post=454794"},{"taxonomy":"product_tag","embeddable":true,"href":"https:\/\/harristweed-shop.be\/fr\/wp-json\/wp\/v2\/product_tag?post=454794"}],"curies":[{"name":"wp","href":"https:\/\/api.w.org\/{rel}","templated":true}]}}