{"id":452934,"date":"2024-06-10T18:42:26","date_gmt":"2024-06-10T18:42:26","guid":{"rendered":"https:\/\/harristweed-shop.be\/product\/cambridge-1872-rugby-shirt-striped\/"},"modified":"2026-05-05T04:54:30","modified_gmt":"2026-05-05T04:54:30","slug":"cambridge-1872-rugby-shirt-striped","status":"publish","type":"product","link":"https:\/\/harristweed-shop.be\/fr\/produit\/maillot-de-rugby-raye-cambridge-1872\/","title":{"rendered":"Maillot de rugby Cambridge 1872 \u2013 ray\u00e9"},"content":{"rendered":"<p>Coton flamm\u00e9 100% tr\u00e8s r\u00e9sistant<\/p>\n<p>380 g\/m\u00b2<\/p>\n<p>Logo lion rouge vintage brod\u00e9 avec la date du premier match universitaire<\/p>\n<p>D\u00e9tail brod\u00e9 1871 \u00e0 l&#039;arri\u00e8re du cou<\/p>\n<p>Ourlets renforc\u00e9s<\/p>\n<p>Plaque \u00e0 deux boutons en caoutchouc<\/p>\n<p>Lavable en machine<\/p>\n<p>Fabriqu\u00e9 au Portugal<\/p>","protected":false},"excerpt":{"rendered":"<p>Le maillot de rugby vintage Cambridge 1872 est fabriqu\u00e9 avec un coton flamm\u00e9 \u00e9pais qui donne au maillot une finition r\u00e9sistante mais douce et confortable.<\/p>\n<p>Cette chemise \u00ab old school \u00bb h\u00e9ritage combine des teintures de couleurs vintage avec un d\u00e9lavage vieilli pour produire un aspect et une sensation joliment us\u00e9s.<\/p>","protected":false},"featured_media":452942,"template":"","meta":[],"product_brand":[],"product_cat":[395,962,394,955],"product_tag":[],"class_list":{"0":"post-452934","1":"product","2":"type-product","3":"status-publish","4":"has-post-thumbnail","6":"product_cat-black-and-blue-1871","7":"product_cat-cambridge-shop-by-country-club","8":"product_cat-rugby-shirts-2","9":"product_cat-shop-by-country-club","10":"pa_merk-blackandblue1871","12":"first","13":"instock","14":"taxable","15":"shipping-taxable","16":"purchasable","17":"product-type-variable"},"df_price":135.95,"df_sale_price":"","df_regular_price":135.95,"df_image_link":"https:\/\/harristweed-shop.be\/wp-content\/uploads\/2024\/06\/1679a1c129081322474e2657ee06f34c_Cambridge_1872_Rugby_Shirt___striped-300x300.jpeg","_links":{"self":[{"href":"https:\/\/harristweed-shop.be\/fr\/wp-json\/wp\/v2\/product\/452934","targetHints":{"allow":["GET"]}}],"collection":[{"href":"https:\/\/harristweed-shop.be\/fr\/wp-json\/wp\/v2\/product"}],"about":[{"href":"https:\/\/harristweed-shop.be\/fr\/wp-json\/wp\/v2\/types\/product"}],"wp:featuredmedia":[{"embeddable":true,"href":"https:\/\/harristweed-shop.be\/fr\/wp-json\/wp\/v2\/media\/452942"}],"wp:attachment":[{"href":"https:\/\/harristweed-shop.be\/fr\/wp-json\/wp\/v2\/media?parent=452934"}],"wp:term":[{"taxonomy":"product_brand","embeddable":true,"href":"https:\/\/harristweed-shop.be\/fr\/wp-json\/wp\/v2\/product_brand?post=452934"},{"taxonomy":"product_cat","embeddable":true,"href":"https:\/\/harristweed-shop.be\/fr\/wp-json\/wp\/v2\/product_cat?post=452934"},{"taxonomy":"product_tag","embeddable":true,"href":"https:\/\/harristweed-shop.be\/fr\/wp-json\/wp\/v2\/product_tag?post=452934"}],"curies":[{"name":"wp","href":"https:\/\/api.w.org\/{rel}","templated":true}]}}