{"id":4499,"date":"2020-09-25T11:07:39","date_gmt":"2020-09-25T11:07:39","guid":{"rendered":"https:\/\/harristweed-shop.be\/?post_type=product&#038;p=4499"},"modified":"2023-10-26T14:51:00","modified_gmt":"2023-10-26T14:51:00","slug":"sir-redman-luxe-bretels-okay-owen","status":"publish","type":"product","link":"https:\/\/harristweed-shop.be\/fr\/produit\/monsieur-redman-luxe-bretels-ok-owen\/","title":{"rendered":"Appareil dentaire de luxe Sir Redman, OK Owen"},"content":{"rendered":"<p><img fetchpriority=\"high\" decoding=\"async\" class=\"alignnone wp-image-4473\" src=\"https:\/\/harristweed-shop.be\/wp-content\/uploads\/2020\/09\/Sir_Redman_logo_zwart.gif\" alt=\"\" width=\"332\" height=\"249\" \/><\/p>","protected":false},"excerpt":{"rendered":"<p><strong>FI\u00c8REMENT FABRIQU\u00c9 \u00c0 LA MAIN AUX PAYS-BAS<\/strong><br \/>\nSir Redman fabrique ses bretelles enti\u00e8rement \u00e0 la main dans ses locaux. Ces bretelles sont dot\u00e9es de passants en cuir de la plus haute qualit\u00e9 et de clips robustes. Leur taille est \u00e9galement r\u00e9glable gr\u00e2ce \u00e0 des boucles. Gr\u00e2ce \u00e0 la bo\u00eete fournie contenant 6 boutons, une aiguille, du fil et une entretoise pour fixer les boutons \u00e0 l&#039;int\u00e9rieur de votre pantalon, portez vos bretelles de mani\u00e8re authentique en toute simplicit\u00e9. Pas fan ? Utilisez les clips de haute qualit\u00e9 pour les fixer \u00e0 la ceinture de votre pantalon. Elles sont amovibles individuellement. Lorsque vous n&#039;utilisez pas les passants, rangez-les dans la bo\u00eete\u00a0: pratique, non\u00a0?<\/p>\n<p>Art SR159<\/p>\n<p>Couleur bleu marine \/ bleu clair<\/p>\n<p>Mat\u00e9riau de la bande \u00e9lastique : polyester 81% \/ \u00e9lastodi\u00e8ne 15% \/ polyamide 4%<\/p>\n<p>Largeur 3,5 cm<\/p>\n<p>Longueur environ 130 cm (boucles incluses)<\/p>\n<p>Clips 3, avec boucles bleues en cuir v\u00e9ritable<\/p>\n<p><img decoding=\"async\" class=\"alignnone wp-image-4474\" src=\"https:\/\/harristweed-shop.be\/wp-content\/uploads\/2020\/09\/Sir_Redman_logo_zwart-1.gif\" alt=\"\" width=\"312\" height=\"234\" \/><\/p>","protected":false},"featured_media":0,"template":"","meta":[],"product_brand":[],"product_cat":[320,334],"product_tag":[324,329,328,330,326,327,325],"class_list":{"0":"post-4499","1":"product","2":"type-product","3":"status-publish","5":"product_cat-bretels","6":"product_cat-bretels-met-leertjes","7":"product_tag-bretels","8":"product_tag-bretels-met-knopen","9":"product_tag-bretels-met-leertjes","10":"product_tag-bretels-met-lussen","11":"product_tag-bretels-vintage-style","12":"product_tag-suspenders","13":"product_tag-vintage-bretels","15":"first","16":"outofstock","17":"taxable","18":"shipping-taxable","19":"purchasable","20":"product-type-simple"},"df_price":49.95,"df_sale_price":"","df_regular_price":49.95,"df_image_link":"https:\/\/harristweed-shop.be\/wp-content\/uploads\/woocommerce-placeholder-300x300.png","_links":{"self":[{"href":"https:\/\/harristweed-shop.be\/fr\/wp-json\/wp\/v2\/product\/4499","targetHints":{"allow":["GET"]}}],"collection":[{"href":"https:\/\/harristweed-shop.be\/fr\/wp-json\/wp\/v2\/product"}],"about":[{"href":"https:\/\/harristweed-shop.be\/fr\/wp-json\/wp\/v2\/types\/product"}],"wp:attachment":[{"href":"https:\/\/harristweed-shop.be\/fr\/wp-json\/wp\/v2\/media?parent=4499"}],"wp:term":[{"taxonomy":"product_brand","embeddable":true,"href":"https:\/\/harristweed-shop.be\/fr\/wp-json\/wp\/v2\/product_brand?post=4499"},{"taxonomy":"product_cat","embeddable":true,"href":"https:\/\/harristweed-shop.be\/fr\/wp-json\/wp\/v2\/product_cat?post=4499"},{"taxonomy":"product_tag","embeddable":true,"href":"https:\/\/harristweed-shop.be\/fr\/wp-json\/wp\/v2\/product_tag?post=4499"}],"curies":[{"name":"wp","href":"https:\/\/api.w.org\/{rel}","templated":true}]}}