{"id":4373,"date":"2020-09-23T15:31:37","date_gmt":"2020-09-23T15:31:37","guid":{"rendered":"https:\/\/harristweed-shop.be\/?post_type=product&#038;p=4373"},"modified":"2023-10-26T14:54:10","modified_gmt":"2023-10-26T14:54:10","slug":"olymp-luxor-24-seven-modern-fit-zakelijke-overhemd-new-kent-bruin","status":"publish","type":"product","link":"https:\/\/harristweed-shop.be\/fr\/produit\/chemise-business-olymp-luxor-24-seven-coupe-moderne-marron-kent\/","title":{"rendered":"Chemise business coupe moderne OLYMP Luxor 24\/Seven, New Kent, marron"},"content":{"rendered":"<p>Le maillot OLYMP 24\/Seven Dynamic Flex Jersey All-Time\u00a0: aussi confortable qu&#039;un t-shirt, aussi \u00e9l\u00e9gant qu&#039;une chemise. Gr\u00e2ce \u00e0 son tissu respirant, extensible, \u00e0 s\u00e9chage rapide, facile \u00e0 repasser et anti-odeurs, le maillot OLYMP 24\/Seven Dynamic Flex Jersey All-Time est un v\u00e9ritable mod\u00e8le polyvalent. La symbiose parfaite entre style et confort. Pr\u00eat \u00e0 porter, 24\u00a0h\/24, 7\u00a0j\/7. Pour toutes les occasions. 24\u00a0h\/24.<\/p>\n<ul class=\"product-details-bullet-points\">\n<li class=\"product-details-bullet-point\">coupe moderne<\/li>\n<li class=\"product-details-bullet-point\">Brun<\/li>\n<li class=\"product-details-bullet-point\">Uni<\/li>\n<li class=\"product-details-bullet-point\">Nouveau Kent<\/li>\n<li class=\"product-details-bullet-point\">Manches longues<\/li>\n<li class=\"product-details-bullet-point\">Maillot<\/li>\n<li class=\"product-details-bullet-point\">STANDARD 100 par OEKO-TEX\u00ae (95.0.3008 HTTI)<\/li>\n<li class=\"product-details-bullet-point\">Respirant et doux pour la peau<\/li>\n<li class=\"product-details-bullet-point\">patte de boutonnage italienne<\/li>\n<li class=\"product-details-bullet-point\">Dimensionnellement stable<\/li>\n<\/ul>\n<ul class=\"product-details-bullet-points\">\n<li><img fetchpriority=\"high\" decoding=\"async\" class=\"alignnone size-full wp-image-4322\" src=\"https:\/\/harristweed-shop.be\/wp-content\/uploads\/2020\/09\/Schermafbeelding-2020-09-23-om-17.20.18.png\" alt=\"\" width=\"697\" height=\"297\" srcset=\"https:\/\/harristweed-shop.be\/wp-content\/uploads\/2020\/09\/Schermafbeelding-2020-09-23-om-17.20.18.png 697w, https:\/\/harristweed-shop.be\/wp-content\/uploads\/2020\/09\/Schermafbeelding-2020-09-23-om-17.20.18-262x112.png 262w, https:\/\/harristweed-shop.be\/wp-content\/uploads\/2020\/09\/Schermafbeelding-2020-09-23-om-17.20.18-555x236.png 555w, https:\/\/harristweed-shop.be\/wp-content\/uploads\/2020\/09\/Schermafbeelding-2020-09-23-om-17.20.18-300x128.png 300w\" sizes=\"(max-width: 697px) 100vw, 697px\" \/><\/li>\n<\/ul>","protected":false},"excerpt":{"rendered":"<p>Le maillot OLYMP 24\/Seven Dynamic Flex Jersey All-Time\u00a0: aussi confortable qu&#039;un t-shirt, aussi \u00e9l\u00e9gant qu&#039;une chemise. Gr\u00e2ce \u00e0 son tissu respirant, extensible, \u00e0 s\u00e9chage rapide, facile \u00e0 repasser et anti-odeurs, le maillot OLYMP 24\/Seven Dynamic Flex Jersey All-Time est un v\u00e9ritable mod\u00e8le polyvalent. La symbiose parfaite entre style et confort. Pr\u00eat \u00e0 porter, 24\u00a0h\/24, 7\u00a0j\/7. Pour toutes les occasions. 24\u00a0h\/24.<\/p>","protected":false},"featured_media":0,"template":"","meta":[],"product_brand":[],"product_cat":[314,86],"product_tag":[],"class_list":{"0":"post-4373","1":"product","2":"type-product","3":"status-publish","5":"product_cat-jersey-stretch-overhemden","6":"product_cat-shirts-en-overhemden","7":"pa_merk-olymp","9":"first","10":"outofstock","11":"taxable","12":"shipping-taxable","13":"product-type-variable"},"df_price":"","df_sale_price":"","df_regular_price":"","df_image_link":"https:\/\/harristweed-shop.be\/wp-content\/uploads\/woocommerce-placeholder-300x300.png","_links":{"self":[{"href":"https:\/\/harristweed-shop.be\/fr\/wp-json\/wp\/v2\/product\/4373","targetHints":{"allow":["GET"]}}],"collection":[{"href":"https:\/\/harristweed-shop.be\/fr\/wp-json\/wp\/v2\/product"}],"about":[{"href":"https:\/\/harristweed-shop.be\/fr\/wp-json\/wp\/v2\/types\/product"}],"wp:attachment":[{"href":"https:\/\/harristweed-shop.be\/fr\/wp-json\/wp\/v2\/media?parent=4373"}],"wp:term":[{"taxonomy":"product_brand","embeddable":true,"href":"https:\/\/harristweed-shop.be\/fr\/wp-json\/wp\/v2\/product_brand?post=4373"},{"taxonomy":"product_cat","embeddable":true,"href":"https:\/\/harristweed-shop.be\/fr\/wp-json\/wp\/v2\/product_cat?post=4373"},{"taxonomy":"product_tag","embeddable":true,"href":"https:\/\/harristweed-shop.be\/fr\/wp-json\/wp\/v2\/product_tag?post=4373"}],"curies":[{"name":"wp","href":"https:\/\/api.w.org\/{rel}","templated":true}]}}