{"id":4296,"date":"2020-09-23T14:04:20","date_gmt":"2020-09-23T14:04:20","guid":{"rendered":"https:\/\/harristweed-shop.be\/?post_type=product&#038;p=4296"},"modified":"2023-10-26T15:08:52","modified_gmt":"2023-10-26T15:08:52","slug":"olymp-level-five-24-seven-body-fit-zakelijke-overhemd-new-york-kent-zwart","status":"publish","type":"product","link":"https:\/\/harristweed-shop.be\/fr\/produit\/chemise-daffaires-olympia-niveau-cinq-24-7-body-fit-new-york-kent-noire\/","title":{"rendered":"Chemise d&#039;affaires ajust\u00e9e OLYMP Level Five 24\/Seven, New York Kent, noire"},"content":{"rendered":"<p>\u00c9l\u00e9gante et incroyablement d\u00e9contract\u00e9e\u00a0: la ligne OLYMP Level Five Body Fit est compl\u00e9t\u00e9e par la nouvelle chemise All Time 24\/Seven Dynamic Flex Jersey. Une chemise culte, comme il se doit\u00a0: toujours pr\u00eate \u00e0 l&#039;action, en tenue professionnelle ou d\u00e9contract\u00e9e, elle s&#039;accorde parfaitement avec un costume, une veste ou un jean. Le jersey de coton ultra-doux et extensible assure une coupe parfaite, un confort respirant et une allure exceptionnellement s\u00e9duisante. La coupe slim, id\u00e9ale pour les hommes d&#039;affaires sportifs, est soulign\u00e9e par un Kent New York tendance. Le large choix de couleurs unies vous invite \u00e0 opter pour deux ou trois teintes pr\u00e9f\u00e9r\u00e9es. De quoi choisir la tenue tendance d\u00e8s le matin.<\/p>\n<ul class=\"product-details-bullet-points\">\n<li class=\"product-details-bullet-point\">ajustement du corps<\/li>\n<li class=\"product-details-bullet-point\">Noir<\/li>\n<li class=\"product-details-bullet-point\">Uni<\/li>\n<li class=\"product-details-bullet-point\">New York Kent<\/li>\n<li class=\"product-details-bullet-point\">Manches longues<\/li>\n<li class=\"product-details-bullet-point\">Maillot<\/li>\n<li class=\"product-details-bullet-point\">Respirant<\/li>\n<li class=\"product-details-bullet-point\">S\u00e9chage rapide<\/li>\n<li class=\"product-details-bullet-point\">tr\u00e8s \u00e9lastique<\/li>\n<li class=\"product-details-bullet-point\">Repassage facile<\/li>\n<li class=\"product-details-bullet-point\">anti-odeurs<\/li>\n<li class=\"product-details-bullet-point\">Automne<\/li>\n<li><img fetchpriority=\"high\" decoding=\"async\" class=\"alignnone size-full wp-image-4204\" src=\"https:\/\/harristweed-shop.be\/wp-content\/uploads\/2020\/09\/Schermafbeelding-2020-09-23-om-15.38.32.png\" alt=\"\" width=\"688\" height=\"272\" srcset=\"https:\/\/harristweed-shop.be\/wp-content\/uploads\/2020\/09\/Schermafbeelding-2020-09-23-om-15.38.32.png 688w, https:\/\/harristweed-shop.be\/wp-content\/uploads\/2020\/09\/Schermafbeelding-2020-09-23-om-15.38.32-262x104.png 262w, https:\/\/harristweed-shop.be\/wp-content\/uploads\/2020\/09\/Schermafbeelding-2020-09-23-om-15.38.32-555x219.png 555w, https:\/\/harristweed-shop.be\/wp-content\/uploads\/2020\/09\/Schermafbeelding-2020-09-23-om-15.38.32-300x119.png 300w\" sizes=\"(max-width: 688px) 100vw, 688px\" \/><\/li>\n<\/ul>","protected":false},"excerpt":{"rendered":"<p>Le maillot OLYMP 24\/Seven Dynamic Flex Jersey All-Time\u00a0: aussi confortable qu&#039;un t-shirt, aussi \u00e9l\u00e9gant qu&#039;une chemise. Gr\u00e2ce \u00e0 son tissu respirant, extensible, \u00e0 s\u00e9chage rapide, facile \u00e0 repasser et anti-odeurs, le maillot OLYMP 24\/Seven Dynamic Flex Jersey All-Time est un v\u00e9ritable mod\u00e8le polyvalent. La symbiose parfaite entre style et confort. Pr\u00eat \u00e0 porter, 24\u00a0h\/24, 7\u00a0j\/7. Pour toutes les occasions. 24\u00a0h\/24.<\/p>","protected":false},"featured_media":0,"template":"","meta":[],"product_brand":[],"product_cat":[314,86],"product_tag":[],"class_list":{"0":"post-4296","1":"product","2":"type-product","3":"status-publish","5":"product_cat-jersey-stretch-overhemden","6":"product_cat-shirts-en-overhemden","7":"pa_merk-olymp","9":"first","10":"outofstock","11":"taxable","12":"shipping-taxable","13":"product-type-variable"},"df_price":"","df_sale_price":"","df_regular_price":"","df_image_link":"https:\/\/harristweed-shop.be\/wp-content\/uploads\/woocommerce-placeholder-300x300.png","_links":{"self":[{"href":"https:\/\/harristweed-shop.be\/fr\/wp-json\/wp\/v2\/product\/4296","targetHints":{"allow":["GET"]}}],"collection":[{"href":"https:\/\/harristweed-shop.be\/fr\/wp-json\/wp\/v2\/product"}],"about":[{"href":"https:\/\/harristweed-shop.be\/fr\/wp-json\/wp\/v2\/types\/product"}],"wp:attachment":[{"href":"https:\/\/harristweed-shop.be\/fr\/wp-json\/wp\/v2\/media?parent=4296"}],"wp:term":[{"taxonomy":"product_brand","embeddable":true,"href":"https:\/\/harristweed-shop.be\/fr\/wp-json\/wp\/v2\/product_brand?post=4296"},{"taxonomy":"product_cat","embeddable":true,"href":"https:\/\/harristweed-shop.be\/fr\/wp-json\/wp\/v2\/product_cat?post=4296"},{"taxonomy":"product_tag","embeddable":true,"href":"https:\/\/harristweed-shop.be\/fr\/wp-json\/wp\/v2\/product_tag?post=4296"}],"curies":[{"name":"wp","href":"https:\/\/api.w.org\/{rel}","templated":true}]}}