{"id":414598,"date":"2024-04-19T10:04:33","date_gmt":"2024-04-19T10:04:33","guid":{"rendered":"https:\/\/harristweed-shop.be\/product\/sokken-beige-sand\/"},"modified":"2026-04-08T10:55:27","modified_gmt":"2026-04-08T10:55:27","slug":"sokken-beige-sand","status":"publish","type":"product","link":"https:\/\/harristweed-shop.be\/fr\/produit\/chaussettes-beige-sable\/","title":{"rendered":"Chaussettes homme en coton Classico beige"},"content":{"rendered":"<p>Chaussettes beiges pour homme \u2013 L&#039;expression du raffinement italien. Affirmez votre style avec les chaussettes beiges\/sable Carlo Lanza\u00a0: l&#039;\u00e9l\u00e9gance commence d\u00e8s le premier regard. Confectionn\u00e9es en coton \u00e9gyptien respirant, ces chaussettes sont pens\u00e9es pour les hommes qui savent qu&#039;une bonne paire de chaussettes fait toute la diff\u00e9rence. Choisir des chaussettes pour homme, c&#039;est bien plus qu&#039;une question de couleur\u00a0: c&#039;est aussi une question de coupe, de mati\u00e8re et de qualit\u00e9 de fabrication. La tige l\u00e9g\u00e8rement plus haute \u00e9vite que la peau ne soit visible en position assise et apporte une touche d&#039;\u00e9l\u00e9gance suppl\u00e9mentaire. Chez Carlo Lanza, nous sommes convaincus que les meilleures chaussettes allient esth\u00e9tique et confort durable. Que vous recherchiez des chaussettes en coton pour tous les jours ou un cadeau raffin\u00e9, ce mod\u00e8le beige\/sable r\u00e9pondra \u00e0 toutes vos attentes. Conseils d&#039;entretien\u00a0: Lavez les chaussettes \u00e0 l&#039;envers \u00e0 30\u00a0\u00b0C maximum, s\u00e9chez-les sur un \u00e9tendoir et portez-les avec des chaussons \u00e0 l&#039;int\u00e9rieur. Vous prolongerez ainsi leur dur\u00e9e de vie et pr\u00e9serverez l&#039;\u00e9clat de leur couleur. Portez-les avec un costume ou en tenue d\u00e9contract\u00e9e\u00a0: le confort reste in\u00e9gal\u00e9.<\/p>\n<p>Toutes les chaussettes et bas haut de gamme de la marque Carlo Lanza sont confectionn\u00e9s artisanalement avec le plus grand soin dans une usine italienne. Ici, la fabrication de chaussettes est un v\u00e9ritable art. Au sein de cette entreprise familiale, seuls les tissus les plus fins au monde sont utilis\u00e9s pour garantir la qualit\u00e9 de leurs produits. Cependant, ces mati\u00e8res \u00e9tant d\u00e9licates, il est important de manipuler et de nettoyer vos chaussettes et bas haut de gamme avec pr\u00e9caution.<\/p>\n<p>Nos chaussettes de qualit\u00e9 finissent souvent par se retrouver dans le tas de linge sale et, malheureusement, elles ne re\u00e7oivent pas beaucoup d&#039;attention. Cependant, nous souhaitons vous donner quelques conseils pour laver vos chaussettes et pr\u00e9server ainsi leur belle couleur. Si vous suivez les conseils ci-dessous apr\u00e8s avoir achet\u00e9 nos chaussettes, vous constaterez qu&#039;ils prolongeront leur dur\u00e9e de vie\u00a0:<\/p>\n<ul>\n<li>Lavez vos chaussettes \u00e0 une temp\u00e9rature maximale de 30 degr\u00e9s.<\/li>\n<li>Il est pr\u00e9f\u00e9rable de laver ses chaussettes \u00e0 l&#039;envers.<\/li>\n<li>Faites s\u00e9cher vos chaussettes sur l&#039;\u00e9tendoir \u00e0 linge et non dans le s\u00e8che-linge.<\/li>\n<li>\u00c9vitez autant que possible de porter des chaussettes \u00e0 l&#039;int\u00e9rieur. Portez des chaussons ou des tongs confortables pour pr\u00e9server vos chaussettes.<\/li>\n<\/ul>\n<p>Marque : Carlo Lanza<br \/>\nMati\u00e8re : 80% coton \u00e9gyptien | 16% polyamide | 4% \u00e9lasthanne<br \/>\nTraitement suppl\u00e9mentaire : le fil d&#039;\u00e9cosse apporte un \u00e9clat soyeux sur les chaussettes<br \/>\nDisponible dans les tailles : S (39-43) et M (44-48).<br \/>\nLongueur de la chaussette \u00e0 partir du talon : \u00b1 27 cm<br \/>\nD\u00e9tails\u00a0: Bout remaill\u00e9 \u00e0 la main. Le bout et le talon sont renforc\u00e9s de nylon, ce qui les rend tr\u00e8s r\u00e9sistants.<br \/>\nLabel de qualit\u00e9 Oeko Tex\u00ae<br \/>\nFabriqu\u00e9 en Italie<\/p>","protected":false},"excerpt":{"rendered":"<p>Chaussettes homme en coton classique beige.<\/p>\n<p>Chaussettes beiges pour homme\u00a0: l\u2019\u00e9l\u00e9gance \u00e0 l\u2019italienne. Affirmez votre style avec les chaussettes beiges\/sable Carlo Lanza\u00a0: l\u2019\u00e9l\u00e9gance commence par l\u2019essentiel. Confectionn\u00e9es en coton \u00e9gyptien respirant, ces chaussettes sont pens\u00e9es pour les hommes qui savent qu\u2019une bonne paire de chaussettes fait toute la diff\u00e9rence.<\/p>","protected":false},"featured_media":414601,"template":"","meta":[],"product_brand":[],"product_cat":[925,134],"product_tag":[],"class_list":{"0":"post-414598","1":"product","2":"type-product","3":"status-publish","4":"has-post-thumbnail","6":"product_cat-socken","7":"product_cat-sokken","8":"pa_merk-carlolanza","10":"first","11":"instock","12":"taxable","13":"shipping-taxable","14":"purchasable","15":"product-type-variable"},"df_price":17.95,"df_sale_price":"","df_regular_price":17.95,"df_image_link":"https:\/\/harristweed-shop.be\/wp-content\/uploads\/2024\/04\/353495866ce81e343711c34f21565da2_Sokken_Beige___Sand-300x300.jpeg","_links":{"self":[{"href":"https:\/\/harristweed-shop.be\/fr\/wp-json\/wp\/v2\/product\/414598","targetHints":{"allow":["GET"]}}],"collection":[{"href":"https:\/\/harristweed-shop.be\/fr\/wp-json\/wp\/v2\/product"}],"about":[{"href":"https:\/\/harristweed-shop.be\/fr\/wp-json\/wp\/v2\/types\/product"}],"wp:featuredmedia":[{"embeddable":true,"href":"https:\/\/harristweed-shop.be\/fr\/wp-json\/wp\/v2\/media\/414601"}],"wp:attachment":[{"href":"https:\/\/harristweed-shop.be\/fr\/wp-json\/wp\/v2\/media?parent=414598"}],"wp:term":[{"taxonomy":"product_brand","embeddable":true,"href":"https:\/\/harristweed-shop.be\/fr\/wp-json\/wp\/v2\/product_brand?post=414598"},{"taxonomy":"product_cat","embeddable":true,"href":"https:\/\/harristweed-shop.be\/fr\/wp-json\/wp\/v2\/product_cat?post=414598"},{"taxonomy":"product_tag","embeddable":true,"href":"https:\/\/harristweed-shop.be\/fr\/wp-json\/wp\/v2\/product_tag?post=414598"}],"curies":[{"name":"wp","href":"https:\/\/api.w.org\/{rel}","templated":true}]}}