{"id":4089,"date":"2020-09-11T15:43:09","date_gmt":"2020-09-11T15:43:09","guid":{"rendered":"https:\/\/harristweed-shop.be\/?post_type=product&#038;p=4089"},"modified":"2023-10-27T07:32:08","modified_gmt":"2023-10-27T07:32:08","slug":"alan-paine-kabeltrui-navy-roll-neck-jumper-updated-fit","status":"publish","type":"product","link":"https:\/\/harristweed-shop.be\/fr\/produit\/pull-alan-paine-a-torsades-bleu-marine-col-roule-coupe-revisitee\/","title":{"rendered":"Alan Paine, Pull torsad\u00e9 bleu marine \u00e0 col roul\u00e9 - Coupe revisit\u00e9e"},"content":{"rendered":"<p><a class=\"absolute-accordion__item__link absolute-accordion__item__link--active\" href=\"https:\/\/eu.alanpaine.co.uk\/rathmell-lambswool-crew-neck-jumper-regular-fit-navy#\" data-absolute-accordion-link=\"shortdesc\">DESCRIPTION<\/a><\/p>\n<div class=\"absolute-accordion__item__content absolute-accordion__item__content--active\" data-absolute-accordion-content=\"shortdesc\">\n<p>Notre pull en maille torsad\u00e9e \u00e0 col roul\u00e9 est con\u00e7u avec de la laine d&#039;agneau 100% du sud-est de l&#039;Australie, synonyme de production du meilleur cachemire au monde.<\/p>\n<p><strong>LES CARACT\u00c9RISTIQUES D&#039;ALAN PAINE<\/strong><br \/>\n\u2022 Laine d&#039;agneau 100%.<br \/>\n\u2022 Enti\u00e8rement fa\u00e7onn\u00e9 \u2013 Tricot\u00e9 \u00e0 la forme sur la machine \u00e0 tricoter. Nous laissons \u00e0 d&#039;autres le soin de faire des \u00e9conomies.<br \/>\n\u2022 Fini \u00e0 la main \u2013 Chaque point est reli\u00e9 \u00e0 la main pour donner la jonction la plus lisse possible.<br \/>\n\u2022 Poignets et ourlet c\u00f4tel\u00e9s \u2013 Pour plus de confort et d\u2019ajustement.<\/p>\n<p><strong>La taille compte<\/strong><br \/>\n\u2022 Coupe r\u00e9guli\u00e8re \u2013 Notre coupe la plus moderne.<br \/>\n\u2022 Le mannequin porte une taille britannique 40, mesure 1,85 m et p\u00e8se 180 lb.<br \/>\n\u2022 Plus de conseils\u00a0? Vous trouverez plus d&#039;informations sur les tailles en s\u00e9lectionnant votre taille (ci-dessus).<\/p>\n<\/div>","protected":false},"excerpt":{"rendered":"<p>Magnifique pull en laine d&#039;agneau torsad\u00e9e avec col d&#039;Alan Paine en bleu marine.<\/p>\n<p><img fetchpriority=\"high\" decoding=\"async\" class=\"alignnone size-full wp-image-3121\" src=\"https:\/\/harristweed-shop.be\/wp-content\/uploads\/2020\/08\/alan-paine.png\" alt=\"\" width=\"480\" height=\"169\" srcset=\"https:\/\/harristweed-shop.be\/wp-content\/uploads\/2020\/08\/alan-paine.png 480w, https:\/\/harristweed-shop.be\/wp-content\/uploads\/2020\/08\/alan-paine-262x92.png 262w, https:\/\/harristweed-shop.be\/wp-content\/uploads\/2020\/08\/alan-paine-300x106.png 300w\" sizes=\"(max-width: 480px) 100vw, 480px\" \/><\/p>","protected":false},"featured_media":0,"template":"","meta":[],"product_brand":[],"product_cat":[84,442],"product_tag":[],"class_list":{"0":"post-4089","1":"product","2":"type-product","3":"status-publish","5":"product_cat-truien-en-pullovers","6":"product_cat-wollen-truien","7":"pa_merk-alan-paine","9":"first","10":"outofstock","11":"taxable","12":"shipping-taxable","13":"product-type-variable"},"df_price":"","df_sale_price":"","df_regular_price":"","df_image_link":"https:\/\/harristweed-shop.be\/wp-content\/uploads\/woocommerce-placeholder-300x300.png","_links":{"self":[{"href":"https:\/\/harristweed-shop.be\/fr\/wp-json\/wp\/v2\/product\/4089","targetHints":{"allow":["GET"]}}],"collection":[{"href":"https:\/\/harristweed-shop.be\/fr\/wp-json\/wp\/v2\/product"}],"about":[{"href":"https:\/\/harristweed-shop.be\/fr\/wp-json\/wp\/v2\/types\/product"}],"wp:attachment":[{"href":"https:\/\/harristweed-shop.be\/fr\/wp-json\/wp\/v2\/media?parent=4089"}],"wp:term":[{"taxonomy":"product_brand","embeddable":true,"href":"https:\/\/harristweed-shop.be\/fr\/wp-json\/wp\/v2\/product_brand?post=4089"},{"taxonomy":"product_cat","embeddable":true,"href":"https:\/\/harristweed-shop.be\/fr\/wp-json\/wp\/v2\/product_cat?post=4089"},{"taxonomy":"product_tag","embeddable":true,"href":"https:\/\/harristweed-shop.be\/fr\/wp-json\/wp\/v2\/product_tag?post=4089"}],"curies":[{"name":"wp","href":"https:\/\/api.w.org\/{rel}","templated":true}]}}