{"id":403580,"date":"2024-03-29T13:55:13","date_gmt":"2024-03-29T13:55:13","guid":{"rendered":"https:\/\/harristweed-shop.be\/product\/ladies-brown-leather-harris-tweed-gloves-boxed-in-macleod\/"},"modified":"2026-05-08T15:03:55","modified_gmt":"2026-05-08T15:03:55","slug":"ladies-brown-leather-harris-tweed-gloves-boxed-in-macleod","status":"publish","type":"product","link":"https:\/\/harristweed-shop.be\/fr\/produit\/gants-en-cuir-marron-harris-tweed-pour-femme-livres-dans-une-boite-macleod\/","title":{"rendered":"Gants pour femmes en cuir marron et tweed Harris, pr\u00e9sent\u00e9s dans une bo\u00eete en tartan MacLeod"},"content":{"rendered":"<p>D\u00e9couvrez l&#039;alliance parfaite de l&#039;\u00e9l\u00e9gance classique, des mat\u00e9riaux haut de gamme et du savoir-faire traditionnel avec les gants pour femme Glen Appin, confectionn\u00e9s en authentique laine Harris Tweed. Ces gants sont un accessoire \u00e0 la fois \u00e9l\u00e9gant et pratique, indispensable pour les mois les plus froids.<\/p>\n<p>Les gants pour femmes Glen Appin Harris Tweed sont confectionn\u00e9s en laine Harris Tweed 100%, tiss\u00e9e \u00e0 la main dans les H\u00e9brides ext\u00e9rieures d&#039;\u00c9cosse selon une tradition s\u00e9culaire. Le r\u00e9sultat\u00a0? Une paire de gants \u00e0 la texture riche, offrant une isolation thermique optimale et un style unique. Gr\u00e2ce au tissage naturel du tweed, chaque paire est unique et poss\u00e8de son propre caract\u00e8re.<\/p>\n<p>Caract\u00e9ristiques:<\/p>\n<p>\u2013 Mati\u00e8res de haute qualit\u00e9\u00a0: Authentique laine Harris Tweed, certifi\u00e9e Harris Tweed.  \u2013 Chaud et confortable\u00a0: Id\u00e9al par temps froid gr\u00e2ce \u00e0 ses excellentes propri\u00e9t\u00e9s isolantes.  \u2013 Design \u00e9l\u00e9gant\u00a0: Un style tweed classique qui apporte une touche d\u2019\u00e9l\u00e9gance \u00e0 toutes vos tenues d\u2019hiver et d\u2019automne.  \u2013 Coupe parfaite\u00a0: Coupe ergonomique pour une libert\u00e9 de mouvement optimale et un confort exceptionnel.  \u2013 Durable et intemporel\u00a0: Des fibres de laine robustes qui conservent leur beaut\u00e9 longtemps.  \u2013 Facile \u00e0 associer\u00a0: Se marie parfaitement avec des manteaux en laine ou en cuir, des \u00e9charpes et autres accessoires.<\/p>\n<p>Ces gants allient \u00e0 la perfection le savoir-faire \u00e9cossais traditionnel et la fonctionnalit\u00e9 moderne. Confortables et chauds, ils rehaussent instantan\u00e9ment votre tenue hivernale. Id\u00e9aux au quotidien, pour les promenades en ville ou les aventures hivernales en plein air.<\/p>\n<p>Id\u00e9al pour :<\/p>\n<p>\u2714 Journ\u00e9es froides d&#039;hiver<br \/>\u2714 Des tenues \u00e9l\u00e9gantes pour tous les jours<br \/>\u2714 Id\u00e9e cadeau pour les amateurs de design classique et de qualit\u00e9<\/p>","protected":false},"excerpt":{"rendered":"<p>Gants pour femmes en cuir marron et tweed Harris, pr\u00e9sent\u00e9s dans une bo\u00eete en tartan MacLeod COL015.<\/p>\n<p>D\u00e9couvrez l&#039;alliance parfaite entre \u00e9l\u00e9gance classique, mat\u00e9riaux haut de gamme et savoir-faire traditionnel avec les gants pour femmes Glen Appin, confectionn\u00e9s en authentique laine Harris Tweed.<\/p>","protected":false},"featured_media":403585,"template":"","meta":[],"product_brand":[],"product_cat":[869,886,1136,1172],"product_tag":[],"class_list":{"0":"post-403580","1":"product","2":"type-product","3":"status-publish","4":"has-post-thumbnail","6":"product_cat-handschoenen","7":"product_cat-handschuhe","8":"product_cat-harris-tweed-handschoenen","9":"product_cat-harris-tweed-handschuhe","10":"pa_merk-harristweed","12":"first","13":"instock","14":"taxable","15":"shipping-taxable","16":"purchasable","17":"product-type-variable"},"df_price":59.95,"df_sale_price":"","df_regular_price":59.95,"df_image_link":"https:\/\/harristweed-shop.be\/wp-content\/uploads\/2024\/03\/aa5321e1457ffa8fef63429f756b8b14_Ladies_Brown_Leather___Harris_Tweed_Gloves_Boxed_in_MacLeod-300x300.jpeg","_links":{"self":[{"href":"https:\/\/harristweed-shop.be\/fr\/wp-json\/wp\/v2\/product\/403580","targetHints":{"allow":["GET"]}}],"collection":[{"href":"https:\/\/harristweed-shop.be\/fr\/wp-json\/wp\/v2\/product"}],"about":[{"href":"https:\/\/harristweed-shop.be\/fr\/wp-json\/wp\/v2\/types\/product"}],"wp:featuredmedia":[{"embeddable":true,"href":"https:\/\/harristweed-shop.be\/fr\/wp-json\/wp\/v2\/media\/403585"}],"wp:attachment":[{"href":"https:\/\/harristweed-shop.be\/fr\/wp-json\/wp\/v2\/media?parent=403580"}],"wp:term":[{"taxonomy":"product_brand","embeddable":true,"href":"https:\/\/harristweed-shop.be\/fr\/wp-json\/wp\/v2\/product_brand?post=403580"},{"taxonomy":"product_cat","embeddable":true,"href":"https:\/\/harristweed-shop.be\/fr\/wp-json\/wp\/v2\/product_cat?post=403580"},{"taxonomy":"product_tag","embeddable":true,"href":"https:\/\/harristweed-shop.be\/fr\/wp-json\/wp\/v2\/product_tag?post=403580"}],"curies":[{"name":"wp","href":"https:\/\/api.w.org\/{rel}","templated":true}]}}