{"id":403568,"date":"2024-03-29T13:42:36","date_gmt":"2024-03-29T13:42:36","guid":{"rendered":"https:\/\/harristweed-shop.be\/product\/harris-tweed-scarf-in-soft-pink-buchanan\/"},"modified":"2026-04-10T17:34:13","modified_gmt":"2026-04-10T17:34:13","slug":"harris-tweed-scarf-in-soft-pink-buchanan","status":"publish","type":"product","link":"https:\/\/harristweed-shop.be\/fr\/produit\/echarpe-en-tweed-harris-en-rose-doux-buchanan\/","title":{"rendered":"\u00c9charpe en tweed Harris rose p\u00e2le Buchanan"},"content":{"rendered":"<p>\u00c9charpe \u00e0 franges en tweed Harris avec envers en polaire douce. 155 x 25 cm. Livr\u00e9e dans un coffret cadeau.<\/p>","protected":false},"excerpt":{"rendered":"<p>\u00c9charpe \u00e0 franges en tweed Harris avec envers en polaire douce. 155 x 25 cm. Livr\u00e9e dans un coffret cadeau.<\/p>","protected":false},"featured_media":403569,"template":"","meta":[],"product_brand":[],"product_cat":[1154,1028,1027,1143,874,873,105,872],"product_tag":[],"class_list":{"0":"post-403568","1":"product","2":"type-product","3":"status-publish","4":"has-post-thumbnail","6":"product_cat-harris-tweed-schals-2","7":"product_cat-harris-tweed-schals","8":"product_cat-harris-tweed-shawls","9":"product_cat-harris-tweed-shawls-2","10":"product_cat-schals-schals","11":"product_cat-schals","12":"product_cat-shawls","13":"product_cat-shawls-shawls","14":"pa_merk-harristweed","16":"first","17":"instock","18":"taxable","19":"shipping-taxable","20":"purchasable","21":"product-type-simple"},"df_price":79.95,"df_sale_price":"","df_regular_price":79.95,"df_image_link":"https:\/\/harristweed-shop.be\/wp-content\/uploads\/2024\/03\/baaf744e1f620d867931bb118b42ee24_Harris_Tweed_Scarf_in_Soft_Pink_Buchanan-300x300.jpeg","_links":{"self":[{"href":"https:\/\/harristweed-shop.be\/fr\/wp-json\/wp\/v2\/product\/403568","targetHints":{"allow":["GET"]}}],"collection":[{"href":"https:\/\/harristweed-shop.be\/fr\/wp-json\/wp\/v2\/product"}],"about":[{"href":"https:\/\/harristweed-shop.be\/fr\/wp-json\/wp\/v2\/types\/product"}],"wp:featuredmedia":[{"embeddable":true,"href":"https:\/\/harristweed-shop.be\/fr\/wp-json\/wp\/v2\/media\/403569"}],"wp:attachment":[{"href":"https:\/\/harristweed-shop.be\/fr\/wp-json\/wp\/v2\/media?parent=403568"}],"wp:term":[{"taxonomy":"product_brand","embeddable":true,"href":"https:\/\/harristweed-shop.be\/fr\/wp-json\/wp\/v2\/product_brand?post=403568"},{"taxonomy":"product_cat","embeddable":true,"href":"https:\/\/harristweed-shop.be\/fr\/wp-json\/wp\/v2\/product_cat?post=403568"},{"taxonomy":"product_tag","embeddable":true,"href":"https:\/\/harristweed-shop.be\/fr\/wp-json\/wp\/v2\/product_tag?post=403568"}],"curies":[{"name":"wp","href":"https:\/\/api.w.org\/{rel}","templated":true}]}}