{"id":403566,"date":"2024-03-29T13:42:34","date_gmt":"2024-03-29T13:42:34","guid":{"rendered":"https:\/\/harristweed-shop.be\/product\/harris-tweed-scasrf-in-light-blue-check\/"},"modified":"2026-04-08T11:25:32","modified_gmt":"2026-04-08T11:25:32","slug":"harris-tweed-scasrf-in-light-blue-check","status":"publish","type":"product","link":"https:\/\/harristweed-shop.be\/fr\/produit\/echarpe-en-tweed-harris-a-carreaux-bleu-clair\/","title":{"rendered":"\u00c9charpe en tweed Harris \u00e0 carreaux bleu clair"},"content":{"rendered":"<p>\u00c9charpe \u00e0 franges en tweed Harris avec envers en polaire douce. 155 x 25 cm. Livr\u00e9e dans un coffret cadeau.<\/p>","protected":false},"excerpt":{"rendered":"<p>\u00c9charpe \u00e0 franges en tweed Harris avec envers en polaire douce. 155 x 25 cm. Livr\u00e9e dans un coffret cadeau.<\/p>","protected":false},"featured_media":403567,"template":"","meta":[],"product_brand":[],"product_cat":[1028,1154,1143,1027,873,874,872,105],"product_tag":[],"class_list":{"0":"post-403566","1":"product","2":"type-product","3":"status-publish","4":"has-post-thumbnail","6":"product_cat-harris-tweed-schals","7":"product_cat-harris-tweed-schals-2","8":"product_cat-harris-tweed-shawls-2","9":"product_cat-harris-tweed-shawls","10":"product_cat-schals","11":"product_cat-schals-schals","12":"product_cat-shawls-shawls","13":"product_cat-shawls","14":"pa_merk-harristweed","16":"first","17":"instock","18":"taxable","19":"shipping-taxable","20":"purchasable","21":"product-type-simple"},"df_price":79.95,"df_sale_price":"","df_regular_price":79.95,"df_image_link":"https:\/\/harristweed-shop.be\/wp-content\/uploads\/2024\/03\/7d0f5e500ecb7224f3f010541b3a83ed_Harris_Tweed_Scasrf_in_Light_Blue_Check-300x300.jpeg","_links":{"self":[{"href":"https:\/\/harristweed-shop.be\/fr\/wp-json\/wp\/v2\/product\/403566","targetHints":{"allow":["GET"]}}],"collection":[{"href":"https:\/\/harristweed-shop.be\/fr\/wp-json\/wp\/v2\/product"}],"about":[{"href":"https:\/\/harristweed-shop.be\/fr\/wp-json\/wp\/v2\/types\/product"}],"wp:featuredmedia":[{"embeddable":true,"href":"https:\/\/harristweed-shop.be\/fr\/wp-json\/wp\/v2\/media\/403567"}],"wp:attachment":[{"href":"https:\/\/harristweed-shop.be\/fr\/wp-json\/wp\/v2\/media?parent=403566"}],"wp:term":[{"taxonomy":"product_brand","embeddable":true,"href":"https:\/\/harristweed-shop.be\/fr\/wp-json\/wp\/v2\/product_brand?post=403566"},{"taxonomy":"product_cat","embeddable":true,"href":"https:\/\/harristweed-shop.be\/fr\/wp-json\/wp\/v2\/product_cat?post=403566"},{"taxonomy":"product_tag","embeddable":true,"href":"https:\/\/harristweed-shop.be\/fr\/wp-json\/wp\/v2\/product_tag?post=403566"}],"curies":[{"name":"wp","href":"https:\/\/api.w.org\/{rel}","templated":true}]}}