{"id":402287,"date":"2024-03-27T17:05:12","date_gmt":"2024-03-27T17:05:12","guid":{"rendered":"https:\/\/harristweed-shop.be\/product\/wellington-zijden-dames-jasje-licht-blauw\/"},"modified":"2026-04-09T16:36:28","modified_gmt":"2026-04-09T16:36:28","slug":"wellington-zijden-dames-jasje-licht-blauw","status":"publish","type":"product","link":"https:\/\/harristweed-shop.be\/fr\/produit\/veste-femme-en-soie-wellington-bleu-clair\/","title":{"rendered":"Veste Carola pour femme en soie bleue, m\u00e9lange de soie fine et de laine Vironmental"},"content":{"rendered":"<p>Blazer femme \u201c Carola \u201d - Un blazer d&#039;\u00e9t\u00e9 en soie luxueuse \u00e0 l&#039;\u00e9l\u00e9gance classique<\/p>\n<p>D\u00e9couvrez une \u00e9l\u00e9gance intemporelle et un confort exceptionnel avec le blazer \u201c\u00a0Carola\u00a0\u201d pour femme, confectionn\u00e9 en pure soie 100%. Fine et respirante, cette soie au subtil \u00e9clat r\u00e9gule la temp\u00e9rature et procure une agr\u00e9able sensation de fra\u00eecheur \u2013 id\u00e9ale pour les beaux jours\u00a0!<\/p>\n<p>Avec sa silhouette cintr\u00e9e et l\u00e9g\u00e8rement ajust\u00e9e, ce blazer d&#039;\u00e9t\u00e9 pour femme allie un style classique intemporel \u00e0 une touche de modernit\u00e9. Ce blazer trois boutons de haute qualit\u00e9 pr\u00e9sente une coupe impeccable et des d\u00e9tails raffin\u00e9s\u00a0: \u00e9l\u00e9gants boutons effet corne, deux poches \u00e0 rabat, une v\u00e9ritable poche passepoil\u00e9e sur la poitrine, une poche ticket et une poche int\u00e9rieure pratique allient fonctionnalit\u00e9 et style. Parmi les d\u00e9tails soign\u00e9s, on note le col doubl\u00e9 de feutre de laine et les deux fentes d&#039;aisance au dos qui, associ\u00e9s aux boutons d\u00e9coratifs sous la taille, apportent une subtile note traditionnelle.<\/p>\n<p>Ce blazer est le choix parfait pour les femmes qui souhaitent allier une \u00e9l\u00e9gance intemporelle \u00e0 une modernit\u00e9 subtile \u2013 id\u00e9al pour des looks d&#039;\u00e9t\u00e9 styl\u00e9s et pleins de caract\u00e8re.<\/p>\n<p>\u2013 Soie 100%<br \/>\u2013 Blazer \u00e0 trois boutons<br \/>\u2013 Une poche int\u00e9rieure<br \/>\u2013 \u00c9tiquette nominative<br \/>\u2013 Dessous de col en feutre de laine contrastant<br \/>\u2013 Deux poches \u00e0 rabat et une poche ticket sur le c\u00f4t\u00e9 droit<br \/>\u2013 Deux fentes \u00e0 l&#039;arri\u00e8re avec des boutons<\/p>\n<p>Mensurations du mannequin\u00a0: Le mannequin mesure 176\u00a0cm et porte une taille\u00a036.<br \/>Coupe : l\u00e9g\u00e8rement ajust\u00e9e<br \/>Mesures du v\u00eatement\u00a0: Pour la taille 36, les mesures sont les suivantes\u00a0: longueur dos\u00a0: 68\u00a0cm \u2013 longueur des manches depuis l\u2019ourlet\u00a0: 61,5\u00a0cm \u2013 demi-tour de poitrine\u00a0: 47,5\u00a0cm \u2013 demi-tour de taille\u00a0: 41\u00a0cm<\/p>\n<p>Tissu ext\u00e9rieur : soie 100%<br \/>Doublure : viscose 100%<br \/>Doublure des manches : viscose 100%<\/p>","protected":false},"excerpt":{"rendered":"<p>Veste Carola Silk pour femme en m\u00e9lange de soie fine bleue et de laine Vironmental 212.<\/p>\n<p>D\u00e9couvrez une \u00e9l\u00e9gance intemporelle et un confort exceptionnel avec le blazer \u201c\u00a0Carola\u00a0\u201d pour femme, confectionn\u00e9 en pure soie 100%. Fine et respirante, cette soie au subtil \u00e9clat r\u00e9gule la temp\u00e9rature et procure une agr\u00e9able sensation de fra\u00eecheur \u2013 id\u00e9ale pour les beaux jours\u00a0!<\/p>","protected":false},"featured_media":537185,"template":"","meta":[],"product_brand":[],"product_cat":[1090,1100,1134,1085,1133,15],"product_tag":[],"class_list":{"0":"post-402287","1":"product","2":"type-product","3":"status-publish","4":"has-post-thumbnail","6":"product_cat-colberts-en-jasjes","7":"product_cat-linnen-en-zijden-dames-jasjes","8":"product_cat-linnen-en-zijden-jasjes","9":"product_cat-linnen-en-zijden-jasjes-dames","10":"product_cat-seide-und-leinen-sakkos","11":"product_cat-harris-tweed-colberts","13":"first","14":"instock","15":"taxable","16":"shipping-taxable","17":"purchasable","18":"product-type-variable"},"df_price":379.95,"df_sale_price":"","df_regular_price":379.95,"df_image_link":"https:\/\/harristweed-shop.be\/wp-content\/uploads\/2024\/03\/12930c784e7d7b8ca1aede522f9c2f84_Wellington_Zijden_Dames_Jasje_Licht_Blauw_3-225x300.jpeg","_links":{"self":[{"href":"https:\/\/harristweed-shop.be\/fr\/wp-json\/wp\/v2\/product\/402287","targetHints":{"allow":["GET"]}}],"collection":[{"href":"https:\/\/harristweed-shop.be\/fr\/wp-json\/wp\/v2\/product"}],"about":[{"href":"https:\/\/harristweed-shop.be\/fr\/wp-json\/wp\/v2\/types\/product"}],"wp:featuredmedia":[{"embeddable":true,"href":"https:\/\/harristweed-shop.be\/fr\/wp-json\/wp\/v2\/media\/537185"}],"wp:attachment":[{"href":"https:\/\/harristweed-shop.be\/fr\/wp-json\/wp\/v2\/media?parent=402287"}],"wp:term":[{"taxonomy":"product_brand","embeddable":true,"href":"https:\/\/harristweed-shop.be\/fr\/wp-json\/wp\/v2\/product_brand?post=402287"},{"taxonomy":"product_cat","embeddable":true,"href":"https:\/\/harristweed-shop.be\/fr\/wp-json\/wp\/v2\/product_cat?post=402287"},{"taxonomy":"product_tag","embeddable":true,"href":"https:\/\/harristweed-shop.be\/fr\/wp-json\/wp\/v2\/product_tag?post=402287"}],"curies":[{"name":"wp","href":"https:\/\/api.w.org\/{rel}","templated":true}]}}