{"id":3891,"date":"2020-09-03T13:42:03","date_gmt":"2020-09-03T13:42:03","guid":{"rendered":"https:\/\/harristweed-shop.be\/?post_type=product&#038;p=3891"},"modified":"2023-10-27T07:45:35","modified_gmt":"2023-10-27T07:45:35","slug":"digel-linnen-zijde-colbert-blauw-ruit","status":"publish","type":"product","link":"https:\/\/harristweed-shop.be\/fr\/produit\/blazer-digel-en-lin-et-soie-a-carreaux-bleus\/","title":{"rendered":"Digel, Blazer en lin\/soie \u00e0 carreaux bleus"},"content":{"rendered":"<p><img decoding=\"async\" class=\"alignnone size-full wp-image-3886\" src=\"https:\/\/harristweed-shop.be\/wp-content\/uploads\/2020\/09\/Harris-Tweed-shop-digel-logo-300x100-1.png\" alt=\"\" width=\"300\" height=\"100\" srcset=\"https:\/\/harristweed-shop.be\/wp-content\/uploads\/2020\/09\/Harris-Tweed-shop-digel-logo-300x100-1.png 300w, https:\/\/harristweed-shop.be\/wp-content\/uploads\/2020\/09\/Harris-Tweed-shop-digel-logo-300x100-1-262x87.png 262w\" sizes=\"(max-width: 300px) 100vw, 300px\" \/><\/p>","protected":false},"excerpt":{"rendered":"<p>Veste Digel dans une belle qualit\u00e9 coton\/lin\/soie de Bottoli.<br \/>\nBleu avec gros diamant.<\/p>\n<p>35% lin, 15% soie, 50% coton<\/p>\n<p>Blazer en lin bleu \u00e0 carreaux. Doubl\u00e9, patte de boutonnage \u00e0 deux boutons, fentes lat\u00e9rales et poches plaqu\u00e9es.<\/p>\n<p><img decoding=\"async\" class=\"alignnone size-full wp-image-3886\" src=\"https:\/\/harristweed-shop.be\/wp-content\/uploads\/2020\/09\/Harris-Tweed-shop-digel-logo-300x100-1.png\" alt=\"\" width=\"300\" height=\"100\" srcset=\"https:\/\/harristweed-shop.be\/wp-content\/uploads\/2020\/09\/Harris-Tweed-shop-digel-logo-300x100-1.png 300w, https:\/\/harristweed-shop.be\/wp-content\/uploads\/2020\/09\/Harris-Tweed-shop-digel-logo-300x100-1-262x87.png 262w\" sizes=\"(max-width: 300px) 100vw, 300px\" \/><\/p>\n<p>&nbsp;<\/p>","protected":false},"featured_media":0,"template":"","meta":[],"product_brand":[],"product_cat":[246],"product_tag":[250,249,252,251],"class_list":{"0":"post-3891","1":"product","2":"type-product","3":"status-publish","5":"product_cat-linnen-colberts","6":"product_tag-colbert-linnen","7":"product_tag-linnen-jasje","8":"product_tag-ongevoerd-colbert","9":"product_tag-zomer-colbert","10":"pa_merk-digel","12":"first","13":"outofstock","14":"taxable","15":"shipping-taxable","16":"product-type-variable"},"df_price":"","df_sale_price":"","df_regular_price":"","df_image_link":"https:\/\/harristweed-shop.be\/wp-content\/uploads\/woocommerce-placeholder-300x300.png","_links":{"self":[{"href":"https:\/\/harristweed-shop.be\/fr\/wp-json\/wp\/v2\/product\/3891","targetHints":{"allow":["GET"]}}],"collection":[{"href":"https:\/\/harristweed-shop.be\/fr\/wp-json\/wp\/v2\/product"}],"about":[{"href":"https:\/\/harristweed-shop.be\/fr\/wp-json\/wp\/v2\/types\/product"}],"wp:attachment":[{"href":"https:\/\/harristweed-shop.be\/fr\/wp-json\/wp\/v2\/media?parent=3891"}],"wp:term":[{"taxonomy":"product_brand","embeddable":true,"href":"https:\/\/harristweed-shop.be\/fr\/wp-json\/wp\/v2\/product_brand?post=3891"},{"taxonomy":"product_cat","embeddable":true,"href":"https:\/\/harristweed-shop.be\/fr\/wp-json\/wp\/v2\/product_cat?post=3891"},{"taxonomy":"product_tag","embeddable":true,"href":"https:\/\/harristweed-shop.be\/fr\/wp-json\/wp\/v2\/product_tag?post=3891"}],"curies":[{"name":"wp","href":"https:\/\/api.w.org\/{rel}","templated":true}]}}