{"id":3872,"date":"2020-09-03T11:38:51","date_gmt":"2020-09-03T11:38:51","guid":{"rendered":"https:\/\/harristweed-shop.be\/?post_type=product&#038;p=3872"},"modified":"2023-10-27T07:49:09","modified_gmt":"2023-10-27T07:49:09","slug":"eduard-dressler-linnen-colbert-blauw-ruit","status":"publish","type":"product","link":"https:\/\/harristweed-shop.be\/fr\/produit\/blazer-en-lin-bleu-a-carreaux-eduard-dressler\/","title":{"rendered":"Eduard Dressler, Blazer en lin \u00e0 carreaux bleus"},"content":{"rendered":"<p><img decoding=\"async\" class=\"alignnone size-full wp-image-3831\" src=\"https:\/\/harristweed-shop.be\/wp-content\/uploads\/2020\/09\/Eduard-Dressler-Logo-Schriftzug-Signet-Claim-1.jpeg\" alt=\"\" width=\"320\" height=\"119\" srcset=\"https:\/\/harristweed-shop.be\/wp-content\/uploads\/2020\/09\/Eduard-Dressler-Logo-Schriftzug-Signet-Claim-1.jpeg 320w, https:\/\/harristweed-shop.be\/wp-content\/uploads\/2020\/09\/Eduard-Dressler-Logo-Schriftzug-Signet-Claim-1-262x97.jpeg 262w, https:\/\/harristweed-shop.be\/wp-content\/uploads\/2020\/09\/Eduard-Dressler-Logo-Schriftzug-Signet-Claim-1-300x112.jpeg 300w\" sizes=\"(max-width: 320px) 100vw, 320px\" \/><\/p>","protected":false},"excerpt":{"rendered":"<p>Magnifique blazer en lin par Eduard Dressler.<\/p>\n<p>41% lin, 57% laine, 2% coton<\/p>\n<p>Blazer en lin \u00e0 carreaux bleus. Non doubl\u00e9, patte de boutonnage \u00e0 deux boutons, fentes lat\u00e9rales et poches plaqu\u00e9es.<\/p>\n<p><img decoding=\"async\" class=\"alignnone size-full wp-image-3831\" src=\"https:\/\/harristweed-shop.be\/wp-content\/uploads\/2020\/09\/Eduard-Dressler-Logo-Schriftzug-Signet-Claim-1.jpeg\" alt=\"\" width=\"320\" height=\"119\" srcset=\"https:\/\/harristweed-shop.be\/wp-content\/uploads\/2020\/09\/Eduard-Dressler-Logo-Schriftzug-Signet-Claim-1.jpeg 320w, https:\/\/harristweed-shop.be\/wp-content\/uploads\/2020\/09\/Eduard-Dressler-Logo-Schriftzug-Signet-Claim-1-262x97.jpeg 262w, https:\/\/harristweed-shop.be\/wp-content\/uploads\/2020\/09\/Eduard-Dressler-Logo-Schriftzug-Signet-Claim-1-300x112.jpeg 300w\" sizes=\"(max-width: 320px) 100vw, 320px\" \/><\/p>\n<p>&nbsp;<\/p>","protected":false},"featured_media":0,"template":"","meta":[],"product_brand":[],"product_cat":[246],"product_tag":[250,249,252,251],"class_list":{"0":"post-3872","1":"product","2":"type-product","3":"status-publish","5":"product_cat-linnen-colberts","6":"product_tag-colbert-linnen","7":"product_tag-linnen-jasje","8":"product_tag-ongevoerd-colbert","9":"product_tag-zomer-colbert","10":"pa_merk-eduard-dressler","12":"first","13":"outofstock","14":"taxable","15":"shipping-taxable","16":"product-type-variable"},"df_price":"","df_sale_price":"","df_regular_price":"","df_image_link":"https:\/\/harristweed-shop.be\/wp-content\/uploads\/woocommerce-placeholder-300x300.png","_links":{"self":[{"href":"https:\/\/harristweed-shop.be\/fr\/wp-json\/wp\/v2\/product\/3872","targetHints":{"allow":["GET"]}}],"collection":[{"href":"https:\/\/harristweed-shop.be\/fr\/wp-json\/wp\/v2\/product"}],"about":[{"href":"https:\/\/harristweed-shop.be\/fr\/wp-json\/wp\/v2\/types\/product"}],"wp:attachment":[{"href":"https:\/\/harristweed-shop.be\/fr\/wp-json\/wp\/v2\/media?parent=3872"}],"wp:term":[{"taxonomy":"product_brand","embeddable":true,"href":"https:\/\/harristweed-shop.be\/fr\/wp-json\/wp\/v2\/product_brand?post=3872"},{"taxonomy":"product_cat","embeddable":true,"href":"https:\/\/harristweed-shop.be\/fr\/wp-json\/wp\/v2\/product_cat?post=3872"},{"taxonomy":"product_tag","embeddable":true,"href":"https:\/\/harristweed-shop.be\/fr\/wp-json\/wp\/v2\/product_tag?post=3872"}],"curies":[{"name":"wp","href":"https:\/\/api.w.org\/{rel}","templated":true}]}}