{"id":386725,"date":"2024-03-09T16:14:10","date_gmt":"2024-03-09T16:14:10","guid":{"rendered":"https:\/\/harristweed-shop.be\/product\/1971-british-isles-lions-shirt\/"},"modified":"2026-05-05T04:58:34","modified_gmt":"2026-05-05T04:58:34","slug":"1971-british-isles-lions-shirt","status":"publish","type":"product","link":"https:\/\/harristweed-shop.be\/fr\/produit\/maillot-des-lions-des-iles-britanniques-de-1971\/","title":{"rendered":"Maillot des Lions des \u00eeles britanniques de 1971"},"content":{"rendered":"<p>Introduction au maillot des Lions des \u00eeles britanniques de 1971<\/p>\n<p>Maillot des Lions des \u00celes Britanniques de 1971. Notre inspiration. Le maillot de rugby Ellis s&#039;inspire de la c\u00e9l\u00e8bre \u00e9quipe des Lions des \u00celes Britanniques de 1971, dirig\u00e9e par John Dawes et entra\u00een\u00e9e par Carwyn James.<br \/>\nTouristes des Lions britanniques 1971<\/p>\n<p>L&#039;\u00e9quipe de 1971 se distingue de toutes les autres \u00e9quipes des Lions. Ils se sont rendus en Nouvelle-Z\u00e9lande et ont surpris les All Blacks. Ils ont remport\u00e9 la s\u00e9rie. Leur victoire, par deux tests-matchs \u00e0 un et un match nul, a \u00e9t\u00e9 un exploit incroyable.<br \/>\nLeur premier match en Nouvelle-Z\u00e9lande s&#039;est sold\u00e9 par une victoire 21-9 contre Otago. Puis, ils ont inflig\u00e9 un raz-de-mar\u00e9e 47-9, avec neuf essais, \u00e0 une \u00e9quipe de Wellington, pourtant tr\u00e8s respect\u00e9e. La semaine pr\u00e9c\u00e9dant le premier test-match, les Lions ont affront\u00e9 Canterbury avec une victoire brutale 14-3.<br \/>\nLes All Blacks ont mis les Lions sous pression pendant la majeure partie du premier test-match. Ils ont n\u00e9anmoins r\u00e9ussi \u00e0 s&#039;imposer 9-3. McLauchlan a intercept\u00e9 un coup de pied des All Blacks pour un essai en premi\u00e8re p\u00e9riode. Barry John a ajout\u00e9 deux p\u00e9nalit\u00e9s en seconde p\u00e9riode. Cette victoire repose sur la remarquable d\u00e9monstration de tactique au pied de Barry John.<br \/>\nLors du deuxi\u00e8me test, les All Blacks ont ripost\u00e9 et se sont impos\u00e9s 22-12. Ils ont inscrit cinq essais, dont deux de Bob Burgess et un remarquable solo d&#039;Ian Kirkpatrick. En r\u00e9ponse, les Lions ont inscrit deux essais par Gerald Davies.<br \/>\nLa meilleure ligne arri\u00e8re des Lions britanniques<\/p>\n<p>Lors du troisi\u00e8me test-match, les Lions ont livr\u00e9 un rugby passionnant. Durant les 20 premi\u00e8res minutes \u00e0 Wellington, leur ligne arri\u00e8re a \u00e9t\u00e9 particuli\u00e8rement performante. John Dawes et Mike Gibson \u00e9taient au centre, ainsi que les ailiers de classe mondiale Duckham et Gerald Davies. Le l\u00e9gendaire JPR Williams \u00e9tait \u00e9galement titulaire \u00e0 l&#039;arri\u00e8re. De plus, la combinaison Gareth Edwards-Barry John \u00e9tait \u00e0 l&#039;arri\u00e8re. Les Lions menaient 13-0. Barry John a conc\u00e9d\u00e9 un but \u00e0 la troisi\u00e8me minute. Edwards a ensuite r\u00e9alis\u00e9 deux perc\u00e9es magnifiques. La deuxi\u00e8me a \u00e9t\u00e9 un \u00e9chec pour Gerald Davies et Barry John. Barry John a \u00e9galement transform\u00e9 les deux essais. Les All Blacks ont marqu\u00e9 gr\u00e2ce \u00e0 un essai de Laurie Mains. Le score final \u00e9tait de 13-3.<\/p>\n<p>Menant 2-1, les Lions abordaient le dernier test-match \u00e0 Auckland. Mais les All Blacks menaient de huit points en d\u00e9but de match. Barry John a transform\u00e9 un penalty. Peter Dixon a ensuite inscrit un essai en touche. La transformation de Barry John a port\u00e9 le score \u00e0 8-8 \u00e0 la mi-temps. Il a ensuite donn\u00e9 l&#039;avantage aux Lions apr\u00e8s la pause. Mais les All Blacks ont \u00e9galis\u00e9 gr\u00e2ce \u00e0 un essai de Tom Lister. Puis, JPR Williams a inscrit un drop incroyable \u00e0 45 m\u00e8tres.<\/p>\n<p>Laurie Mains a inscrit un penalty \u00e9galisateur \u00e0 huit minutes de la fin. Mais le score \u00e9tait toujours de 14-14 au coup de sifflet final. Les Lions avaient remport\u00e9 la s\u00e9rie.<\/p>","protected":false},"excerpt":{"rendered":"<p>Introduction au maillot des Lions des \u00eeles britanniques de 1971<\/p>\n<p>Maillot des Lions des \u00celes Britanniques de 1971. Notre inspiration. Le maillot de rugby Ellis s&#039;inspire de la c\u00e9l\u00e8bre \u00e9quipe des Lions des \u00celes Britanniques de 1971, dirig\u00e9e par Mervyn Davies et entra\u00een\u00e9e par John Dawes.<\/p>","protected":false},"featured_media":386733,"template":"","meta":[],"product_brand":[],"product_cat":[968,397,394,955],"product_tag":[],"class_list":{"0":"post-386725","1":"product","2":"type-product","3":"status-publish","4":"has-post-thumbnail","6":"product_cat-british-irish-lions-shop-by-country-club","7":"product_cat-international","8":"product_cat-rugby-shirts-2","9":"product_cat-shop-by-country-club","10":"pa_merk-ellis-rugby","12":"first","13":"instock","14":"taxable","15":"shipping-taxable","16":"purchasable","17":"product-type-variable"},"df_price":89.95,"df_sale_price":"","df_regular_price":89.95,"df_image_link":"https:\/\/harristweed-shop.be\/wp-content\/uploads\/2024\/03\/61935f95b1714ee21b5277164ebde0d8_1971_British_Isles_Lions_Shirt-300x300.jpeg","_links":{"self":[{"href":"https:\/\/harristweed-shop.be\/fr\/wp-json\/wp\/v2\/product\/386725","targetHints":{"allow":["GET"]}}],"collection":[{"href":"https:\/\/harristweed-shop.be\/fr\/wp-json\/wp\/v2\/product"}],"about":[{"href":"https:\/\/harristweed-shop.be\/fr\/wp-json\/wp\/v2\/types\/product"}],"wp:featuredmedia":[{"embeddable":true,"href":"https:\/\/harristweed-shop.be\/fr\/wp-json\/wp\/v2\/media\/386733"}],"wp:attachment":[{"href":"https:\/\/harristweed-shop.be\/fr\/wp-json\/wp\/v2\/media?parent=386725"}],"wp:term":[{"taxonomy":"product_brand","embeddable":true,"href":"https:\/\/harristweed-shop.be\/fr\/wp-json\/wp\/v2\/product_brand?post=386725"},{"taxonomy":"product_cat","embeddable":true,"href":"https:\/\/harristweed-shop.be\/fr\/wp-json\/wp\/v2\/product_cat?post=386725"},{"taxonomy":"product_tag","embeddable":true,"href":"https:\/\/harristweed-shop.be\/fr\/wp-json\/wp\/v2\/product_tag?post=386725"}],"curies":[{"name":"wp","href":"https:\/\/api.w.org\/{rel}","templated":true}]}}