{"id":386340,"date":"2024-03-09T15:49:02","date_gmt":"2024-03-09T15:49:02","guid":{"rendered":"https:\/\/harristweed-shop.be\/product\/saracens-1992-1-4-zip\/"},"modified":"2026-05-05T04:59:59","modified_gmt":"2026-05-05T04:59:59","slug":"saracens-1992-1-4-zip","status":"publish","type":"product","link":"https:\/\/harristweed-shop.be\/fr\/produit\/sarrasins-1992-1-4-zip\/","title":{"rendered":"Saracens 1992 1\/4 Zip"},"content":{"rendered":"<p>Sweat-shirt zipp\u00e9 du Saracens Rugby Club 1992<\/p>\n<p>En 1984-1985, les Saracens \u00e9voluaient en deuxi\u00e8me division du rugby anglais. Ils \u00e9voluaient dans le tableau B, aux c\u00f4t\u00e9s d&#039;\u00e9quipes comme Blackheath, Headingley, Liverpool et Nottingham. Lors de la saison 1991-1992, environ trois ans avant que le rugby \u00e0 XV ne passe du statut d&#039;amateur au statut professionnel, nous avons affront\u00e9 l&#039;\u00e9lite anglaise.<br \/>\nIls ont termin\u00e9 cinqui\u00e8mes de la Courage League, remportant 7 de leurs 12 matchs, avec un nul et seulement 4 d\u00e9faites. La saison suivante, en 1992-1993, a vu le championnat se restructurer et les Saracens, comme trois autres clubs, ont \u00e9t\u00e9 rel\u00e9gu\u00e9s en deuxi\u00e8me division. En 1993-1994, les Saracens ont termin\u00e9 troisi\u00e8mes et ont manqu\u00e9 de peu la promotion. Mais l&#039;ann\u00e9e suivante, ils ont termin\u00e9 champions et ont retrouv\u00e9 l&#039;\u00e9lite.<br \/>\nSaracens Rugby 1992 Leaders inspirants<\/p>\n<p>Men\u00e9s par leur capitaine inspirant, le demi de m\u00eal\u00e9e gallois Brian Davies, les Saracens se sont impos\u00e9s comme l&#039;une des meilleures \u00e9quipes du rugby anglais. Ils ont \u00e9tabli une v\u00e9ritable forteresse sur leur terrain de Bramley Road, \u00e0 Southgate, et sont devenus incroyablement difficiles \u00e0 vaincre. Apr\u00e8s le rugby, Davies a occup\u00e9 plusieurs postes, dont celui de PDG de Wales Sport. Il a \u00e9galement \u00e9t\u00e9 d\u00e9cor\u00e9 de l&#039;Ordre de l&#039;Empire britannique pour son travail en tant que manager de l&#039;\u00e9quipe du Pays de Galles aux Jeux du Commonwealth de 2014.<\/p>\n<p>\u00c0 l&#039;arri\u00e8re, on retrouvait le talentueux Andy Tunningley. Ce trois-quarts, n\u00e9 \u00e0 Harrogate, a connu une carri\u00e8re exceptionnelle avec les Saracens et a obtenu une s\u00e9lection en \u00e9quipe nationale A. Daren O&#039;Leary \u00e9voluait \u00e9galement sur l&#039;aile droite. O&#039;Leary faisait partie de l&#039;\u00e9quipe d&#039;Angleterre senior pour le Tournoi des Cinq Nations de 1993 et la tourn\u00e9e de rugby \u00e0 XV de 1997 en Argentine et en Australie. Dan Dooley, l&#039;international irlandais A, a form\u00e9 une combinaison utile au milieu de terrain aux c\u00f4t\u00e9s de John Buckton, intronis\u00e9 au Temple de la renomm\u00e9e des Saracens.<br \/>\nIntronis\u00e9 au Temple de la renomm\u00e9e du rugby des Saracens \u2013 John Buckton<\/p>\n<p>John Buckton, l&#039;un des trois-quarts les plus remarquables \u00e0 avoir jamais repr\u00e9sent\u00e9 le club, a rejoint les Saracens en provenance de Hull et d&#039;East Riding, aux c\u00f4t\u00e9s de Laurence Smith, un duo de centre tr\u00e8s performant. Ses courses trompeuses, dignes d&#039;un tireur d&#039;\u00e9lite, ont eu un impact imm\u00e9diat. Il a m\u00eame marqu\u00e9 huit essais d\u00e8s sa premi\u00e8re saison. Il a \u00e9galement \u00e9t\u00e9 s\u00e9lectionn\u00e9 en Division Nord contre la Roumanie en d\u00e9cembre 1984.<\/p>\n<p>La saison 1985\/86 a pr\u00e9sent\u00e9 un nouveau d\u00e9fi avec l&#039;introduction du classement John Smith. Bien que les Saracens n&#039;aient pas r\u00e9ussi \u00e0 monter, ils ont termin\u00e9 troisi\u00e8mes du classement et ont connu un franc succ\u00e8s avec 28 victoires et 134 essais marqu\u00e9s. John a marqu\u00e9 onze essais. Sa progression au classement s&#039;est poursuivie r\u00e9guli\u00e8rement et il a remport\u00e9 les titres de comt\u00e9 pour le Yorkshire et de division avec le Nord. En 1987\/88, il a effectu\u00e9 un essai en Angleterre, ainsi qu&#039;une s\u00e9lection pour les Barbarians et l&#039;\u00e9quipe d&#039;Angleterre B. Il a ensuite effectu\u00e9 la tourn\u00e9e anglaise en Australie et aux Fidji, mais une blessure l&#039;a malheureusement contraint \u00e0 un retour pr\u00e9matur\u00e9.<\/p>\n<p>En 1987\/98, John fut de nouveau s\u00e9lectionn\u00e9 pour l&#039;\u00e9quipe du Nord contre les Wallabies avant de jouer pour l&#039;\u00e9quipe d&#039;Angleterre B. Il remporta enfin sa premi\u00e8re s\u00e9lection contre les Wallabies, rempla\u00e7ant Will Carling dans les derni\u00e8res minutes du match \u00e0 Twickenham. Il joua ensuite pour l&#039;\u00e9quipe d&#039;Angleterre B en 1989\/90. En 1990\/91, apr\u00e8s deux s\u00e9lections contre l&#039;Argentine, il succ\u00e9da \u00e0 Floyd Steadman comme capitaine jusqu&#039;en 1992. Il joua pour le club jusqu&#039;\u00e0 l&#039;\u00e8re professionnelle, prenant finalement sa retraite du football professionnel en 1996.<\/p>\n<p>Attaquants du Saracens Rugby Club<\/p>\n<p>Le pack des Saracens comprenait Lock et Mark Langley. L&#039;ancien joueur de Bridgend, Swansea et des Saracens formait un bon \u00e9quilibre aux c\u00f4t\u00e9s de Lee Adamson. Apr\u00e8s sa carri\u00e8re de joueur, Langley est devenu entra\u00eeneur de l&#039;\u00e9quipe premi\u00e8re du London Welsh pendant neuf saisons.<br \/>\nGregg Botterman \u00e9tait alors le talonneur combatif des Saracens. Outre son passage chez les Saracens, il a \u00e9galement \u00e9volu\u00e9 aux London Welsh et aux Old Albanians. Il \u00e9tait \u00e9galement sur le banc lorsque les Saracens ont remport\u00e9 la coupe Tetley&#039;s en 1998. \u00c0 cette \u00e9poque, George Chuter \u00e9tait responsable du maillot num\u00e9ro deux.<br \/>\nBotterman a mis fin \u00e0 sa carri\u00e8re professionnelle de rugbyman en 2004. Il est n\u00e9anmoins rest\u00e9 impliqu\u00e9 dans le rugby, jouant pendant neuf ans comme joueur et entra\u00eeneur \u00e0 temps partiel avec les Old Albanians. Ce passage a \u00e9galement inclus un match avec les Barbarians contre East Midlands, o\u00f9 il est entr\u00e9 en jeu comme rempla\u00e7ant lors d&#039;une victoire 48-17.<\/p>","protected":false},"excerpt":{"rendered":"<p>Sweat-shirt zipp\u00e9 du Saracens Rugby Club 1992<\/p>\n<p>En 1984-1985, les Saracens \u00e9voluaient en deuxi\u00e8me division du rugby anglais. Ils \u00e9voluaient dans le tableau B, aux c\u00f4t\u00e9s d&#039;\u00e9quipes comme Blackheath, Headingley, Liverpool et Nottingham. Lors de la saison 1991-1992, environ trois ans avant que le rugby \u00e0 XV ne passe du statut d&#039;amateur au statut professionnel, nous avons affront\u00e9 l&#039;\u00e9lite anglaise.<\/p>","protected":false},"featured_media":386348,"template":"","meta":[],"product_brand":[],"product_cat":[397,394,975,955],"product_tag":[],"class_list":{"0":"post-386340","1":"product","2":"type-product","3":"status-publish","4":"has-post-thumbnail","6":"product_cat-international","7":"product_cat-rugby-shirts-2","8":"product_cat-saracens","9":"product_cat-shop-by-country-club","10":"pa_merk-ellis-rugby","12":"first","13":"instock","14":"taxable","15":"shipping-taxable","16":"purchasable","17":"product-type-variable"},"df_price":89.95,"df_sale_price":"","df_regular_price":89.95,"df_image_link":"https:\/\/harristweed-shop.be\/wp-content\/uploads\/2024\/03\/2204877bf6098325c4ae8ac97e7c8eab_Saracens_1992_1_4_Zip-300x300.jpeg","_links":{"self":[{"href":"https:\/\/harristweed-shop.be\/fr\/wp-json\/wp\/v2\/product\/386340","targetHints":{"allow":["GET"]}}],"collection":[{"href":"https:\/\/harristweed-shop.be\/fr\/wp-json\/wp\/v2\/product"}],"about":[{"href":"https:\/\/harristweed-shop.be\/fr\/wp-json\/wp\/v2\/types\/product"}],"wp:featuredmedia":[{"embeddable":true,"href":"https:\/\/harristweed-shop.be\/fr\/wp-json\/wp\/v2\/media\/386348"}],"wp:attachment":[{"href":"https:\/\/harristweed-shop.be\/fr\/wp-json\/wp\/v2\/media?parent=386340"}],"wp:term":[{"taxonomy":"product_brand","embeddable":true,"href":"https:\/\/harristweed-shop.be\/fr\/wp-json\/wp\/v2\/product_brand?post=386340"},{"taxonomy":"product_cat","embeddable":true,"href":"https:\/\/harristweed-shop.be\/fr\/wp-json\/wp\/v2\/product_cat?post=386340"},{"taxonomy":"product_tag","embeddable":true,"href":"https:\/\/harristweed-shop.be\/fr\/wp-json\/wp\/v2\/product_tag?post=386340"}],"curies":[{"name":"wp","href":"https:\/\/api.w.org\/{rel}","templated":true}]}}