{"id":375697,"date":"2024-03-01T13:10:54","date_gmt":"2024-03-01T13:10:54","guid":{"rendered":"https:\/\/harristweed-shop.be\/product\/olymp-signature-tailored-fit-signature-kent-nougat\/"},"modified":"2026-04-08T12:40:38","modified_gmt":"2026-04-08T12:40:38","slug":"olymp-signature-tailored-fit-signature-kent-nougat","status":"publish","type":"product","link":"https:\/\/harristweed-shop.be\/fr\/produit\/coupe-ajustee-signature-olymp-signature-kent-nougat\/","title":{"rendered":"Coupe ajust\u00e9e OLYMP SIGNATURE, SIGNATURE Kent, Nougat"},"content":{"rendered":"<p>Cette chemise unie en twill nougat met en valeur les finitions haut de gamme de la ligne OLYMP SIGNATURE. Le coton premium de haute qualit\u00e9, \u00e0 la structure serg\u00e9e fine, pr\u00e9sente un \u00e9clat mat \u00e9l\u00e9gant et une coupe parfaite. Des d\u00e9tails tels que des coutures rabattues faites main, des boutonni\u00e8res surjet\u00e9es, des boutons en nacre v\u00e9ritable et des finitions contrast\u00e9es \u00e0 motifs compl\u00e8tent son look. Elle arbore le col Kent embl\u00e9matique SIGNATURE.<br \/>\nMati\u00e8re : Coton 100%<\/p>","protected":false},"excerpt":{"rendered":"<p>SIGNATURE OLYMPIQUE<br \/>\nCoupe ajust\u00e9e, SIGNATURE Kent, Nougat<\/p>","protected":false},"featured_media":375715,"template":"","meta":[],"product_brand":[],"product_cat":[507,505,86,506],"product_tag":[],"class_list":{"0":"post-375697","1":"product","2":"type-product","3":"status-publish","4":"has-post-thumbnail","6":"product_cat-dress-hemden","7":"product_cat-dress-shirts","8":"product_cat-shirts-en-overhemden","9":"product_cat-shirts-und-hemden","10":"pa_merk-olymp-signature","12":"first","13":"instock","14":"taxable","15":"shipping-taxable","16":"purchasable","17":"product-type-variable"},"df_price":99.95,"df_sale_price":"","df_regular_price":99.95,"df_image_link":"https:\/\/harristweed-shop.be\/wp-content\/uploads\/2024\/03\/9f4cd33f82a7fb0761b89f9c36b81366_OLYMP_SIGNATURE__Tailored_Fit__SIGNATURE_Kent__Nougat_2-225x300.jpg","_links":{"self":[{"href":"https:\/\/harristweed-shop.be\/fr\/wp-json\/wp\/v2\/product\/375697","targetHints":{"allow":["GET"]}}],"collection":[{"href":"https:\/\/harristweed-shop.be\/fr\/wp-json\/wp\/v2\/product"}],"about":[{"href":"https:\/\/harristweed-shop.be\/fr\/wp-json\/wp\/v2\/types\/product"}],"wp:featuredmedia":[{"embeddable":true,"href":"https:\/\/harristweed-shop.be\/fr\/wp-json\/wp\/v2\/media\/375715"}],"wp:attachment":[{"href":"https:\/\/harristweed-shop.be\/fr\/wp-json\/wp\/v2\/media?parent=375697"}],"wp:term":[{"taxonomy":"product_brand","embeddable":true,"href":"https:\/\/harristweed-shop.be\/fr\/wp-json\/wp\/v2\/product_brand?post=375697"},{"taxonomy":"product_cat","embeddable":true,"href":"https:\/\/harristweed-shop.be\/fr\/wp-json\/wp\/v2\/product_cat?post=375697"},{"taxonomy":"product_tag","embeddable":true,"href":"https:\/\/harristweed-shop.be\/fr\/wp-json\/wp\/v2\/product_tag?post=375697"}],"curies":[{"name":"wp","href":"https:\/\/api.w.org\/{rel}","templated":true}]}}