{"id":375637,"date":"2024-03-01T13:10:33","date_gmt":"2024-03-01T13:10:33","guid":{"rendered":"https:\/\/harristweed-shop.be\/product\/olymp-signature-tailored-fit-signature-kent-nachtblauw\/"},"modified":"2026-05-05T05:01:41","modified_gmt":"2026-05-05T05:01:41","slug":"olymp-signature-tailored-fit-signature-kent-nachtblauw","status":"publish","type":"product","link":"https:\/\/harristweed-shop.be\/fr\/produit\/coupe-ajustee-olymp-signature-signature-kent-bleu-nuit\/","title":{"rendered":"Coupe ajust\u00e9e OLYMP SIGNATURE, SIGNATURE Kent, bleu nuit"},"content":{"rendered":"<p>Cette chemise unie OLYMP SIGNATURE, confectionn\u00e9e en twill de coton et cachemire bleu nuit exclusif, respire la simplicit\u00e9 et la sobri\u00e9t\u00e9. Ses finitions soign\u00e9es, avec coutures rabattues cousues main, boutonni\u00e8res surjet\u00e9es, subtils \u00e9l\u00e9ments contrastants et boutons ivoire, accentuent son allure d&#039;une qualit\u00e9 irr\u00e9prochable. Son design est sublim\u00e9 par une coupe cintr\u00e9e haut de gamme, le col Kent SIGNATURE embl\u00e9matique et une \u00e9paule optimis\u00e9e.<br \/>\nMati\u00e8re : Coton 90%, Cachemire 10%<\/p>","protected":false},"excerpt":{"rendered":"<p>SIGNATURE OLYMPIQUE<br \/>\nCoupe ajust\u00e9e, Signature Kent, bleu nuit<\/p>","protected":false},"featured_media":375655,"template":"","meta":[],"product_brand":[],"product_cat":[507,505,86,506],"product_tag":[],"class_list":{"0":"post-375637","1":"product","2":"type-product","3":"status-publish","4":"has-post-thumbnail","6":"product_cat-dress-hemden","7":"product_cat-dress-shirts","8":"product_cat-shirts-en-overhemden","9":"product_cat-shirts-und-hemden","10":"pa_merk-olymp-signature","12":"first","13":"instock","14":"taxable","15":"shipping-taxable","16":"purchasable","17":"product-type-variable"},"df_price":99.95,"df_sale_price":"","df_regular_price":99.95,"df_image_link":"https:\/\/harristweed-shop.be\/wp-content\/uploads\/2024\/03\/e3f94162826ba85a0d938bc88f003c16_OLYMP_SIGNATURE__Tailored_Fit__SIGNATURE_Kent__Nachtblauw-225x300.jpg","_links":{"self":[{"href":"https:\/\/harristweed-shop.be\/fr\/wp-json\/wp\/v2\/product\/375637","targetHints":{"allow":["GET"]}}],"collection":[{"href":"https:\/\/harristweed-shop.be\/fr\/wp-json\/wp\/v2\/product"}],"about":[{"href":"https:\/\/harristweed-shop.be\/fr\/wp-json\/wp\/v2\/types\/product"}],"wp:featuredmedia":[{"embeddable":true,"href":"https:\/\/harristweed-shop.be\/fr\/wp-json\/wp\/v2\/media\/375655"}],"wp:attachment":[{"href":"https:\/\/harristweed-shop.be\/fr\/wp-json\/wp\/v2\/media?parent=375637"}],"wp:term":[{"taxonomy":"product_brand","embeddable":true,"href":"https:\/\/harristweed-shop.be\/fr\/wp-json\/wp\/v2\/product_brand?post=375637"},{"taxonomy":"product_cat","embeddable":true,"href":"https:\/\/harristweed-shop.be\/fr\/wp-json\/wp\/v2\/product_cat?post=375637"},{"taxonomy":"product_tag","embeddable":true,"href":"https:\/\/harristweed-shop.be\/fr\/wp-json\/wp\/v2\/product_tag?post=375637"}],"curies":[{"name":"wp","href":"https:\/\/api.w.org\/{rel}","templated":true}]}}