{"id":374850,"date":"2024-03-01T12:39:33","date_gmt":"2024-03-01T12:39:33","guid":{"rendered":"https:\/\/harristweed-shop.be\/product\/olymp-signature-tailored-fit-signature-cutaway-bleu-3\/"},"modified":"2026-05-05T05:01:41","modified_gmt":"2026-05-05T05:01:41","slug":"olymp-signature-tailored-fit-signature-cutaway-bleu-3","status":"publish","type":"product","link":"https:\/\/harristweed-shop.be\/fr\/produit\/coupe-ajustee-signature-olymp-signature-cutaway-bleu-3\/","title":{"rendered":"Coupe ajust\u00e9e OLYMP SIGNATURE, coupe \u00e9chancr\u00e9e SIGNATURE, bleu"},"content":{"rendered":"<p>La popeline est la base de cette chemise OLYMP SIGNATURE, orn\u00e9e de subtiles rayures bleues et du col requin SIGNATURE. L\u00e9g\u00e8rement plus profond que d&#039;habitude, il offre un confort optimal, avec ou sans cravate, sublim\u00e9 par la coupe flatteuse des \u00e9paules. Ses ourlets plats raffin\u00e9s, ses boutonni\u00e8res perl\u00e9es et ses boutons en nacre, associ\u00e9s \u00e0 sa coupe ajust\u00e9e et ses tailles personnalis\u00e9es, rendent cette OLYMP SIGNATURE unique.<br \/>\nMati\u00e8re : Coton 100%<\/p>","protected":false},"excerpt":{"rendered":"<p>La popeline est la base de cette chemise OLYMP SIGNATURE, orn\u00e9e de subtiles rayures bleues et du col requin SIGNATURE. L\u00e9g\u00e8rement plus profond que d&#039;habitude, il offre un confort optimal, avec ou sans cravate, sublim\u00e9 par la coupe flatteuse des \u00e9paules. Ses ourlets plats raffin\u00e9s, ses boutonni\u00e8res perl\u00e9es et ses boutons en nacre, associ\u00e9s \u00e0 sa coupe ajust\u00e9e et ses tailles personnalis\u00e9es, rendent cette OLYMP SIGNATURE unique.<br \/>\nMati\u00e8re : Coton 100%<\/p>","protected":false},"featured_media":374868,"template":"","meta":[],"product_brand":[],"product_cat":[507,505,86,506],"product_tag":[],"class_list":{"0":"post-374850","1":"product","2":"type-product","3":"status-publish","4":"has-post-thumbnail","6":"product_cat-dress-hemden","7":"product_cat-dress-shirts","8":"product_cat-shirts-en-overhemden","9":"product_cat-shirts-und-hemden","10":"pa_merk-olymp-signature","12":"first","13":"instock","14":"taxable","15":"shipping-taxable","16":"purchasable","17":"product-type-variable"},"df_price":99.95,"df_sale_price":"","df_regular_price":99.95,"df_image_link":"https:\/\/harristweed-shop.be\/wp-content\/uploads\/2024\/03\/8e7cec0a0f62ed103bb952791adb3261_OLYMP_SIGNATURE__Tailored_Fit__SIGNATURE_Cutaway__Bleu-234x300.jpg","_links":{"self":[{"href":"https:\/\/harristweed-shop.be\/fr\/wp-json\/wp\/v2\/product\/374850","targetHints":{"allow":["GET"]}}],"collection":[{"href":"https:\/\/harristweed-shop.be\/fr\/wp-json\/wp\/v2\/product"}],"about":[{"href":"https:\/\/harristweed-shop.be\/fr\/wp-json\/wp\/v2\/types\/product"}],"wp:featuredmedia":[{"embeddable":true,"href":"https:\/\/harristweed-shop.be\/fr\/wp-json\/wp\/v2\/media\/374868"}],"wp:attachment":[{"href":"https:\/\/harristweed-shop.be\/fr\/wp-json\/wp\/v2\/media?parent=374850"}],"wp:term":[{"taxonomy":"product_brand","embeddable":true,"href":"https:\/\/harristweed-shop.be\/fr\/wp-json\/wp\/v2\/product_brand?post=374850"},{"taxonomy":"product_cat","embeddable":true,"href":"https:\/\/harristweed-shop.be\/fr\/wp-json\/wp\/v2\/product_cat?post=374850"},{"taxonomy":"product_tag","embeddable":true,"href":"https:\/\/harristweed-shop.be\/fr\/wp-json\/wp\/v2\/product_tag?post=374850"}],"curies":[{"name":"wp","href":"https:\/\/api.w.org\/{rel}","templated":true}]}}