{"id":374810,"date":"2024-03-01T12:39:10","date_gmt":"2024-03-01T12:39:10","guid":{"rendered":"https:\/\/harristweed-shop.be\/product\/olymp-signature-tailored-fit-signature-kent-pink\/"},"modified":"2026-05-05T05:01:41","modified_gmt":"2026-05-05T05:01:41","slug":"olymp-signature-tailored-fit-signature-kent-pink","status":"publish","type":"product","link":"https:\/\/harristweed-shop.be\/fr\/produit\/coupe-ajustee-olymp-signature-rose-kent-signature\/","title":{"rendered":"Coupe ajust\u00e9e OLYMP SIGNATURE, SIGNATURE Kent, rose"},"content":{"rendered":"<p>Le top du top\u00a0: ce nouveau haut OLYMP SIGNATURE, confectionn\u00e9 en twill raffin\u00e9, arbore le c\u00e9l\u00e8bre motif \u00e0 rayures. Cette chemise business haut de gamme est dot\u00e9e d&#039;un col Kent tombant SIGNATURE et de boutons en nacre v\u00e9ritable. Naturellement, elle arbore la coupe ajust\u00e9e caract\u00e9ristique de ce segment pour un confort personnalis\u00e9, des finitions soign\u00e9es et une \u00e9l\u00e9gance absolue. Disponible en rose et blanc.<br \/>\nMati\u00e8re : Coton 100%<\/p>","protected":false},"excerpt":{"rendered":"<p>Le top du top\u00a0: ce nouveau haut OLYMP SIGNATURE, confectionn\u00e9 en twill raffin\u00e9, arbore le c\u00e9l\u00e8bre motif \u00e0 rayures. Cette chemise business haut de gamme est dot\u00e9e d&#039;un col Kent tombant SIGNATURE et de boutons en nacre v\u00e9ritable. Naturellement, elle arbore la coupe ajust\u00e9e caract\u00e9ristique de ce segment pour un confort personnalis\u00e9, des finitions soign\u00e9es et une \u00e9l\u00e9gance absolue. Disponible en rose et blanc.<br \/>\nMati\u00e8re : Coton 100%<\/p>","protected":false},"featured_media":374828,"template":"","meta":[],"product_brand":[],"product_cat":[507,505,86,506],"product_tag":[],"class_list":{"0":"post-374810","1":"product","2":"type-product","3":"status-publish","4":"has-post-thumbnail","6":"product_cat-dress-hemden","7":"product_cat-dress-shirts","8":"product_cat-shirts-en-overhemden","9":"product_cat-shirts-und-hemden","10":"pa_merk-olymp-signature","12":"first","13":"instock","14":"taxable","15":"shipping-taxable","16":"purchasable","17":"product-type-variable"},"df_price":99.95,"df_sale_price":"","df_regular_price":99.95,"df_image_link":"https:\/\/harristweed-shop.be\/wp-content\/uploads\/2024\/03\/eeeb1296d4c8b32b5a7492735f98bf57_OLYMP_SIGNATURE__Tailored_Fit__SIGNATURE_Kent__Pink-234x300.jpg","_links":{"self":[{"href":"https:\/\/harristweed-shop.be\/fr\/wp-json\/wp\/v2\/product\/374810","targetHints":{"allow":["GET"]}}],"collection":[{"href":"https:\/\/harristweed-shop.be\/fr\/wp-json\/wp\/v2\/product"}],"about":[{"href":"https:\/\/harristweed-shop.be\/fr\/wp-json\/wp\/v2\/types\/product"}],"wp:featuredmedia":[{"embeddable":true,"href":"https:\/\/harristweed-shop.be\/fr\/wp-json\/wp\/v2\/media\/374828"}],"wp:attachment":[{"href":"https:\/\/harristweed-shop.be\/fr\/wp-json\/wp\/v2\/media?parent=374810"}],"wp:term":[{"taxonomy":"product_brand","embeddable":true,"href":"https:\/\/harristweed-shop.be\/fr\/wp-json\/wp\/v2\/product_brand?post=374810"},{"taxonomy":"product_cat","embeddable":true,"href":"https:\/\/harristweed-shop.be\/fr\/wp-json\/wp\/v2\/product_cat?post=374810"},{"taxonomy":"product_tag","embeddable":true,"href":"https:\/\/harristweed-shop.be\/fr\/wp-json\/wp\/v2\/product_tag?post=374810"}],"curies":[{"name":"wp","href":"https:\/\/api.w.org\/{rel}","templated":true}]}}