{"id":374409,"date":"2024-03-01T12:34:48","date_gmt":"2024-03-01T12:34:48","guid":{"rendered":"https:\/\/harristweed-shop.be\/product\/olymp-signature-tailored-fit-kent-wit-dubbele-manchet\/"},"modified":"2026-05-05T05:02:58","modified_gmt":"2026-05-05T05:02:58","slug":"olymp-signature-tailored-fit-kent-wit-dubbele-manchet","status":"publish","type":"product","link":"https:\/\/harristweed-shop.be\/fr\/produit\/olymp-signature-coupe-ajustee-kent-white-double-manchette\/","title":{"rendered":"OLYMP SIGNATURE, coupe ajust\u00e9e, Kent, blanc, double manchette"},"content":{"rendered":"<p>Cette chemise blanche classique en twill OLYMP SIGNATURE, \u00e0 l&#039;\u00e9clat \u00e9l\u00e9gant, est l&#039;accessoire id\u00e9al pour les occasions professionnelles et formelles. Son col Kent SIGNATURE discret refl\u00e8te cette qualit\u00e9. Comme toutes les chemises OLYMP SIGNATURE, elle arbore de nombreux d\u00e9tails raffin\u00e9s, notamment des ourlets plats, des boutonni\u00e8res perl\u00e9es et des boutons en nacre v\u00e9ritable. De plus, sa coupe ajust\u00e9e, disponible en tailles personnalis\u00e9es, et surtout, le design unique du col, des \u00e9paules et des poignets, garantissent un confort optimal.<br \/>\nMati\u00e8re : Coton 100%<\/p>","protected":false},"excerpt":{"rendered":"<p>Dit witte, in edel glanzend klassiek uitgevoerde OLYMP SIGNATURE hemd in keperkwaliteit is het perfecte attribuut voor business en representatieve gelegenheden \u2013 hetgeen ook tot uiting komt in het understatement van de SIGNATURE Kent-kraag. Net als elke OLYMP SIGNATURE heeft het allerlei fijne details, o.a. platte zomen, knoopsgaten met parelsteek en echte parelmoerknopen. Daarbij komen [&hellip;]<\/p>\n","protected":false},"featured_media":374427,"template":"","meta":[],"product_brand":[],"product_cat":[507,505,86,506],"product_tag":[],"class_list":{"0":"post-374409","1":"product","2":"type-product","3":"status-publish","4":"has-post-thumbnail","6":"product_cat-dress-hemden","7":"product_cat-dress-shirts","8":"product_cat-shirts-en-overhemden","9":"product_cat-shirts-und-hemden","10":"pa_merk-olymp-signature","12":"first","13":"instock","14":"taxable","15":"shipping-taxable","16":"purchasable","17":"product-type-variable"},"df_price":99.95,"df_sale_price":"","df_regular_price":99.95,"df_image_link":"https:\/\/harristweed-shop.be\/wp-content\/uploads\/2024\/03\/853c3a31d49f42b62995eefcc4e5f6bb_100158_20181_5693-234x300.jpg","_links":{"self":[{"href":"https:\/\/harristweed-shop.be\/fr\/wp-json\/wp\/v2\/product\/374409","targetHints":{"allow":["GET"]}}],"collection":[{"href":"https:\/\/harristweed-shop.be\/fr\/wp-json\/wp\/v2\/product"}],"about":[{"href":"https:\/\/harristweed-shop.be\/fr\/wp-json\/wp\/v2\/types\/product"}],"wp:featuredmedia":[{"embeddable":true,"href":"https:\/\/harristweed-shop.be\/fr\/wp-json\/wp\/v2\/media\/374427"}],"wp:attachment":[{"href":"https:\/\/harristweed-shop.be\/fr\/wp-json\/wp\/v2\/media?parent=374409"}],"wp:term":[{"taxonomy":"product_brand","embeddable":true,"href":"https:\/\/harristweed-shop.be\/fr\/wp-json\/wp\/v2\/product_brand?post=374409"},{"taxonomy":"product_cat","embeddable":true,"href":"https:\/\/harristweed-shop.be\/fr\/wp-json\/wp\/v2\/product_cat?post=374409"},{"taxonomy":"product_tag","embeddable":true,"href":"https:\/\/harristweed-shop.be\/fr\/wp-json\/wp\/v2\/product_tag?post=374409"}],"curies":[{"name":"wp","href":"https:\/\/api.w.org\/{rel}","templated":true}]}}