{"id":371508,"date":"2024-02-28T17:35:16","date_gmt":"2024-02-28T17:35:16","guid":{"rendered":"https:\/\/harristweed-shop.be\/product\/wellington-jack-3-kwart-navy\/"},"modified":"2026-05-05T05:02:59","modified_gmt":"2026-05-05T05:02:59","slug":"wellington-jack-3-kwart-navy","status":"publish","type":"product","link":"https:\/\/harristweed-shop.be\/fr\/produit\/veste-en-caoutchouc-3-4-bleu-marine\/","title":{"rendered":"Veste militaire Wellington \u201c\u00a0Renfield\u00a0\u201d en bleu marine"},"content":{"rendered":"<p>Veste de terrain pour homme \u201c Renfield \u201d \u2013 Veste \u00e9l\u00e9gante et fonctionnelle pour les loisirs, les voyages et les aventures en plein air<\/p>\n<p>La veste de terrain \u201c\u00a0Renfield\u00a0\u201d allie l\u2019esth\u00e9tique classique des v\u00eatements d\u2019ext\u00e9rieur \u00e0 une fonctionnalit\u00e9 moderne et un confort exceptionnel. Que ce soit pour la randonn\u00e9e, les voyages ou vos d\u00e9placements quotidiens en ville, ce mod\u00e8le classique et \u00e9l\u00e9gant impressionne par sa conception de haute qualit\u00e9 et bien pens\u00e9e.<\/p>\n<p>Avec sa coupe masculine et intemporelle, cette veste fonctionnelle de haute qualit\u00e9 est non seulement esth\u00e9tique, mais offre \u00e9galement de nombreux atouts\u00a0: quatre grandes poches ext\u00e9rieures verrouillables offrent un espace de rangement g\u00e9n\u00e9reux pour tous vos essentiels. Le col montant pratique avec capuche int\u00e9gr\u00e9e se range discr\u00e8tement lorsqu&#039;il n&#039;est pas utilis\u00e9. Les pattes de serrage \u00e0 la taille et aux poignets assurent un ajustement confortable et personnalis\u00e9. L&#039;int\u00e9rieur t\u00e9moigne \u00e9galement d&#039;un souci du d\u00e9tail m\u00e9ticuleux\u00a0: une demi-doublure respirante en coton 100% aux bords finis garantit un confort optimal, m\u00eame par temps chaud. Trois poches int\u00e9rieures s\u00e9curis\u00e9es et verrouillables offrent un espace pour votre t\u00e9l\u00e9phone portable, votre portefeuille ou vos documents de voyage \u2013 id\u00e9al pour vos d\u00e9placements\u00a0! Le tissu en coton technique respirant, coupe-vent et d\u00e9perlant poss\u00e8de une surface douce et velout\u00e9e et offre un confort exceptionnel \u2013 id\u00e9al pour la mi-saison.<\/p>\n<p>Cette veste de terrain est bien plus qu&#039;une simple veste de mi-saison ; c&#039;est une pi\u00e8ce \u00e9l\u00e9gante et fonctionnelle pour les hommes qui appr\u00e9cient la qualit\u00e9, la polyvalence et un design intemporel.<\/p>\n<p>\u2013 Demi-doubl\u00e9<br \/>\u2013 Ceinture et poignets r\u00e9glables individuellement<br \/>\u2013 Capuche rentr\u00e9e dans le col<br \/>\u2013 Lavable en machine<br \/>\u2013 \u00c9tiquette nominative<br \/>\u2013 Deux poches \u00e0 rabat inclin\u00e9es avec acc\u00e8s lat\u00e9ral pratique<br \/>\u2013 Deux poches poitrine refermables<\/p>\n<p>Mensurations du mannequin\u00a0: Le mannequin mesure 189\u00a0cm et porte une taille\u00a050.<br \/>Coupe : Coupe droite et confortable<br \/>Mesures du v\u00eatement\u00a0: Pour la taille 50, les mesures sont les suivantes\u00a0: Longueur dos\u00a0: 79\u00a0cm \u2013 Longueur des manches (depuis l\u2019ourlet)\u00a0: 67,5\u00a0cm \u2013 Largeur poitrine (demi-largeur)\u00a0: 60\u00a0cm \u2013 Largeur taille (demi-largeur)\u00a0: 57,5\u00a0cm<\/p>\n<p>Tissu ext\u00e9rieur\u00a0: coton 46%, polyester 40%, polyamide 14%<br \/>Doublure : polyester 70%, coton 30%<br \/>Doublure des manches : polyester 100%<\/p>","protected":false},"excerpt":{"rendered":"<p>Veste Wellington Field \u201c Renfield \u201d en bleu marine 10.<\/p>\n<p>La veste de terrain \u201c\u00a0Renfield\u00a0\u201d allie l\u2019esth\u00e9tique classique des v\u00eatements d\u2019ext\u00e9rieur \u00e0 une fonctionnalit\u00e9 moderne et un confort exceptionnel. Que ce soit pour la randonn\u00e9e, les voyages ou vos d\u00e9placements quotidiens en ville, ce mod\u00e8le classique et \u00e9l\u00e9gant impressionne par sa conception de haute qualit\u00e9 et bien pens\u00e9e.<\/p>","protected":false},"featured_media":545469,"template":"","meta":[],"product_brand":[],"product_cat":[530,87,482,531],"product_tag":[],"class_list":{"0":"post-371508","1":"product","2":"type-product","3":"status-publish","4":"has-post-thumbnail","6":"product_cat-heren-jassen-en-jacks","7":"product_cat-jassen-en-jacks","8":"product_cat-mantel-und-jacken","9":"product_cat-mantel-und-jacken-fur-herren","10":"pa_merk-wellington","12":"first","13":"instock","14":"taxable","15":"shipping-taxable","16":"purchasable","17":"product-type-variable"},"df_price":298,"df_sale_price":"","df_regular_price":298,"df_image_link":"https:\/\/harristweed-shop.be\/wp-content\/uploads\/2024\/02\/8c5f54ece858c0ccf61961bf20bf79d0_Wellington_Fieldjacket__Renfield__In_Navy-225x300.jpeg","_links":{"self":[{"href":"https:\/\/harristweed-shop.be\/fr\/wp-json\/wp\/v2\/product\/371508","targetHints":{"allow":["GET"]}}],"collection":[{"href":"https:\/\/harristweed-shop.be\/fr\/wp-json\/wp\/v2\/product"}],"about":[{"href":"https:\/\/harristweed-shop.be\/fr\/wp-json\/wp\/v2\/types\/product"}],"wp:featuredmedia":[{"embeddable":true,"href":"https:\/\/harristweed-shop.be\/fr\/wp-json\/wp\/v2\/media\/545469"}],"wp:attachment":[{"href":"https:\/\/harristweed-shop.be\/fr\/wp-json\/wp\/v2\/media?parent=371508"}],"wp:term":[{"taxonomy":"product_brand","embeddable":true,"href":"https:\/\/harristweed-shop.be\/fr\/wp-json\/wp\/v2\/product_brand?post=371508"},{"taxonomy":"product_cat","embeddable":true,"href":"https:\/\/harristweed-shop.be\/fr\/wp-json\/wp\/v2\/product_cat?post=371508"},{"taxonomy":"product_tag","embeddable":true,"href":"https:\/\/harristweed-shop.be\/fr\/wp-json\/wp\/v2\/product_tag?post=371508"}],"curies":[{"name":"wp","href":"https:\/\/api.w.org\/{rel}","templated":true}]}}