{"id":36976,"date":"2023-04-07T10:57:55","date_gmt":"2023-04-07T10:57:55","guid":{"rendered":"https:\/\/harristweed-shop.be\/product\/hornets-1871-rugby-shirt\/"},"modified":"2026-05-05T06:01:32","modified_gmt":"2026-05-05T06:01:32","slug":"hornets-1871-rugby-shirt","status":"publish","type":"product","link":"https:\/\/harristweed-shop.be\/fr\/produit\/maillot-de-rugby-des-hornets-1871\/","title":{"rendered":"Maillot de rugby des Hornets 1871"},"content":{"rendered":"<p>Membre fondateur de la Rugby Football Union en 1871 \u2013 Hornets RFC<\/p>\n<p>Le Hornets RFC \u00e9tait l&#039;un des membres fondateurs de la Rugby Football Union. Fond\u00e9 en 1868, il comptait plus de 90 membres r\u00e9partis en trois \u00e9quipes. Il jouait \u00e0 Wimbledon Common, \u00e0 20 minutes \u00e0 pied de la gare de Wimbledon.<\/p>\n<p>Les Hornets ont jou\u00e9 leur premier match contre Richmond en novembre 1865, ce qui en fait l&#039;un des plus anciens clubs du monde. Ils ont disput\u00e9 leurs matchs sur Wimbledon Common, une zone de 347 hectares de prairies dans le sud-ouest de Londres.<\/p>\n<p>Deux premiers joueurs des Hornets s\u00e9lectionn\u00e9s pour l&#039;\u00e9quipe d&#039;Angleterre de rugby<\/p>\n<p>Le capitaine du club \u00e9tait Leonard James Maton, \u00e9l\u00e8ve de l&#039;\u00e9cole de rugby, parti \u00e0 Londres pour devenir avocat. Avec Algernon Rutter et Edwin Ash de Richmond, il a r\u00e9dig\u00e9 les premi\u00e8res lois du jeu.<\/p>\n<p>\u00c0 cette \u00e9poque, les Hornets comptaient deux joueurs exceptionnels\u00a0: Harry Graham et son fr\u00e8re John, tous deux s\u00e9lectionn\u00e9s pour l&#039;Angleterre. Harry remporta quatre s\u00e9lections en \u00e9quipe d&#039;Angleterre en 1875 et 1876. John joua aux c\u00f4t\u00e9s de son fr\u00e8re lors du match international contre l&#039;Irlande \u00e0 Dublin le 13 d\u00e9cembre 1875.<br \/>\nLes Hornets et 21 clubs de rugby ont officialis\u00e9 le jeu du rugby football<\/p>\n<p>C&#039;est le 4 d\u00e9cembre 1870 qu&#039;Edwin Ash de Richmond et Benjamin Burns de Blackheath publi\u00e8rent une lettre dans le Times sugg\u00e9rant que \u00ab ceux qui jouent au rugby devraient se r\u00e9unir pour \u00e9tablir un code de pratique, car divers clubs jouent selon des r\u00e8gles diff\u00e9rentes des autres, ce qui rend le jeu difficile \u00e0 jouer. \u00bb<br \/>\nAinsi, le 26 janvier 1871, une r\u00e9union \u00e0 laquelle participaient des repr\u00e9sentants de 21 clubs s&#039;est tenue \u00e0 Londres au restaurant Pall Mall sur Regent Street.<br \/>\nCet \u00e9v\u00e9nement historique a inspir\u00e9 la conception de la collection The 21 Club et du maillot de rugby Hornets 1871<\/p>\n<p>La collection de mode \u00ab 21 Club \u00bb d&#039;Ellis Rugby s&#039;inspire de cet \u00e9v\u00e9nement historique qui a fa\u00e7onn\u00e9 le jeu du rugby.<\/p>\n<p>Les 21 clubs pr\u00e9sents \u00e0 la r\u00e9union \u00e9taient\u00a0: Blackheath (repr\u00e9sent\u00e9 par Burns et Frederick Stokes, ce dernier devenant le premier capitaine de l&#039;Angleterre), Richmond et Ravenscourt Park. \u00c9galement, West Kent, Marlborough Nomads, Wimbledon Hornets, Gipsies et Civil Service. De plus, The Law Club, Wellington College, Guy&#039;s Hospital, Flamingoes, Clapham Rovers et Harlequin FC. \u00c9galement, King&#039;s College Hospital, St Paul&#039;s, Queen&#039;s House et Lausanne. Enfin, Addison, Mohicans et Belsize Park.<\/p>\n<p>Si nombre de ces \u00e9quipes ont depuis \u00e9t\u00e9 dissoutes, la collection Ellis Rugby 21 Club leur redonne vie et propose une gamme passionnante de v\u00eatements de mode contemporains.<\/p>\n<p>La collection 21 Club par Ellis Rugby<\/p>\n<p>Confectionn\u00e9 en coton 100% au toucher satin\u00e9, le maillot de rugby Hornets 1871 arbore une broderie Hornets d\u00e9taill\u00e9e. Il est \u00e9galement assorti \u00e0 la patte int\u00e9rieure, aux poignets et au col, avec des chevrons sur les fentes et une bande \u00e0 l&#039;encolure. Un XV est \u00e9galement appliqu\u00e9 au dos. On retrouve \u00e9galement le logo Ellis Rugby sur le pied de col et l&#039;\u00e9cusson sur le bras.<\/p>","protected":false},"excerpt":{"rendered":"<p>Membre fondateur de la Rugby Football Union en 1871 \u2013 Hornets RFC<\/p>\n<p>Le Hornets RFC \u00e9tait l&#039;un des membres fondateurs de la Rugby Football Union. Fond\u00e9 en 1868, il comptait plus de 90 membres r\u00e9partis en trois \u00e9quipes. Il jouait \u00e0 Wimbledon Common, \u00e0 20 minutes \u00e0 pied de la gare de Wimbledon.<\/p>\n<p>Les Hornets ont jou\u00e9 leur premier match contre Richmond en novembre 1865, ce qui en fait l&#039;un des plus anciens clubs du monde. Ils ont disput\u00e9 leurs matchs sur Wimbledon Common, une zone de 347 hectares de prairies dans le sud-ouest de Londres.<\/p>","protected":false},"featured_media":36998,"template":"","meta":[],"product_brand":[],"product_cat":[973,576,398,1020,397,394,955,555],"product_tag":[],"class_list":{"0":"post-36976","1":"product","2":"type-product","3":"status-publish","4":"has-post-thumbnail","6":"product_cat-founding-13-shop-by-country-club","7":"product_cat-founding-13-rugby-shirts-vintage-rugby-shirts","8":"product_cat-founding-13-rugby-shirts","9":"product_cat-hornets","10":"product_cat-international","11":"product_cat-rugby-shirts-2","12":"product_cat-shop-by-country-club","13":"product_cat-vintage-rugby-shirts","14":"pa_merk-ellis-rugby","16":"first","17":"instock","18":"taxable","19":"shipping-taxable","20":"purchasable","21":"product-type-variable"},"df_price":89.95,"df_sale_price":"","df_regular_price":89.95,"df_image_link":"https:\/\/harristweed-shop.be\/wp-content\/uploads\/2023\/04\/ebc54ba68426a9d1dbeeda13b3a36833_Hornets_1871_Rugby_Shirt-300x300.jpg","_links":{"self":[{"href":"https:\/\/harristweed-shop.be\/fr\/wp-json\/wp\/v2\/product\/36976","targetHints":{"allow":["GET"]}}],"collection":[{"href":"https:\/\/harristweed-shop.be\/fr\/wp-json\/wp\/v2\/product"}],"about":[{"href":"https:\/\/harristweed-shop.be\/fr\/wp-json\/wp\/v2\/types\/product"}],"wp:featuredmedia":[{"embeddable":true,"href":"https:\/\/harristweed-shop.be\/fr\/wp-json\/wp\/v2\/media\/36998"}],"wp:attachment":[{"href":"https:\/\/harristweed-shop.be\/fr\/wp-json\/wp\/v2\/media?parent=36976"}],"wp:term":[{"taxonomy":"product_brand","embeddable":true,"href":"https:\/\/harristweed-shop.be\/fr\/wp-json\/wp\/v2\/product_brand?post=36976"},{"taxonomy":"product_cat","embeddable":true,"href":"https:\/\/harristweed-shop.be\/fr\/wp-json\/wp\/v2\/product_cat?post=36976"},{"taxonomy":"product_tag","embeddable":true,"href":"https:\/\/harristweed-shop.be\/fr\/wp-json\/wp\/v2\/product_tag?post=36976"}],"curies":[{"name":"wp","href":"https:\/\/api.w.org\/{rel}","templated":true}]}}