{"id":36899,"date":"2023-04-07T10:51:27","date_gmt":"2023-04-07T10:51:27","guid":{"rendered":"https:\/\/harristweed-shop.be\/product\/flamingoes-1871-rugby-shirt\/"},"modified":"2026-05-05T06:01:32","modified_gmt":"2026-05-05T06:01:32","slug":"flamingoes-1871-rugby-shirt","status":"publish","type":"product","link":"https:\/\/harristweed-shop.be\/fr\/produit\/maillot-de-rugby-des-flamants-roses-1871\/","title":{"rendered":"Maillot de rugby Flamingoes 1871"},"content":{"rendered":"<p>Maillot de rugby Flamingoes 1871<\/p>\n<p>Membre fondateur de la Rugby Football Union en 1871 \u2013 Flamingoes RFC<\/p>\n<p>Le Flamingoes RFC \u00e9tait l&#039;un des membres fondateurs de la Rugby Football Union. Fond\u00e9 en 1865, il comptait environ 95 membres r\u00e9partis en quatre \u00e9quipes. Il jouait \u00e0 Battersea Park, \u00e0 5 minutes \u00e0 pied de la gare de York Road et de l&#039;embarcad\u00e8re des bateaux \u00e0 vapeur.<br \/>\nIls ont \u00e9galement \u00e9volu\u00e9 au Clockhouse de Battersea Park Road. Les Flamingoes \u00e9taient, \u00e0 leur \u00e9poque, un club de premier ordre, avec un beau calendrier de matchs, o\u00f9 figuraient des \u00e9quipes comme Blackheath, Harlequins et Richmond.<br \/>\nLes Flamingoes et 21 clubs de rugby ont officialis\u00e9 le jeu du rugby football<\/p>\n<p>C&#039;est le 4 d\u00e9cembre 1870 qu&#039;Edwin Ash de Richmond et Benjamin Burns de Blackheath publi\u00e8rent une lettre dans le Times sugg\u00e9rant que \u00ab ceux qui jouent au rugby devraient se r\u00e9unir pour \u00e9tablir un code de pratique, car divers clubs jouent selon des r\u00e8gles diff\u00e9rentes des autres, ce qui rend le jeu difficile \u00e0 jouer. \u00bb<br \/>\nAinsi, le 26 janvier 1871, une r\u00e9union \u00e0 laquelle participaient des repr\u00e9sentants de 21 clubs s&#039;est tenue \u00e0 Londres au restaurant Pall Mall sur Regent Street.<br \/>\nCet \u00e9v\u00e9nement historique a inspir\u00e9 la conception de la collection The 21 Club et du maillot de rugby Flamingoes 1871<\/p>\n<p>La collection de mode \u00ab 21 Club \u00bb d&#039;Ellis Rugby s&#039;inspire de cet \u00e9v\u00e9nement historique qui a fa\u00e7onn\u00e9 le jeu du rugby.<\/p>\n<p>Les 21 clubs pr\u00e9sents \u00e0 la r\u00e9union \u00e9taient\u00a0: Blackheath (repr\u00e9sent\u00e9 par Burns et Frederick Stokes, ce dernier devenant le premier capitaine de l&#039;Angleterre), Richmond, Ravenscourt Park. \u00c9galement, West Kent, Marlborough Nomads, Wimbledon Hornets, Gipsies et Civil Service. De plus, The Law Club, Wellington College, Guy&#039;s Hospital, Flamingoes, Clapham Rovers et Harlequin FC. \u00c9galement, King&#039;s College Hospital, St Paul&#039;s, Queen&#039;s House et Lausanne. Enfin, Addison, Mohicans et Belsize Park.<\/p>\n<p>Bien que nombre de ces \u00e9quipes aient \u00e9t\u00e9 dissoutes depuis, la collection Ellis Rugby 21 Club leur redonne vie et propose une gamme passionnante de v\u00eatements de mode contemporains.<\/p>\n<p>La collection 21 Club par Ellis Rugby<\/p>\n<p>Confectionn\u00e9 en coton 100% au toucher satin\u00e9, le maillot de rugby Flamingoes 1871 arbore un \u00e9cusson Flamingoes appliqu\u00e9. Il est assorti \u00e0 la patte int\u00e9rieure, aux poignets et au col, avec des chevrons sur les fentes et une bande de propret\u00e9 \u00e0 l&#039;encolure. Il arbore \u00e9galement le num\u00e9ro huit appliqu\u00e9 au dos, ainsi que le logo Ellis Rugby sur le pied de col et l&#039;\u00e9cusson sur le bras.<\/p>","protected":false},"excerpt":{"rendered":"<p>Membre fondateur de la Rugby Football Union en 1871 \u2013 Flamingoes RFC<\/p>\n<p>Le Flamingoes RFC \u00e9tait l&#039;un des membres fondateurs de la Rugby Football Union. Fond\u00e9 en 1865, il comptait environ 95 membres r\u00e9partis en quatre \u00e9quipes. Il jouait \u00e0 Battersea Park, \u00e0 5 minutes \u00e0 pied de la gare de York Road et de l&#039;embarcad\u00e8re des bateaux \u00e0 vapeur.<br \/>\nIls ont \u00e9galement \u00e9volu\u00e9 au Clockhouse de Battersea Park Road. Les Flamingoes \u00e9taient, \u00e0 leur \u00e9poque, un club de premier ordre, avec un beau calendrier de matchs, o\u00f9 figuraient des \u00e9quipes comme Blackheath, Harlequins et Richmond.<\/p>","protected":false},"featured_media":36907,"template":"","meta":[],"product_brand":[],"product_cat":[1019,576,398,397,394,955,555],"product_tag":[],"class_list":{"0":"post-36899","1":"product","2":"type-product","3":"status-publish","4":"has-post-thumbnail","6":"product_cat-flamingoes","7":"product_cat-founding-13-rugby-shirts-vintage-rugby-shirts","8":"product_cat-founding-13-rugby-shirts","9":"product_cat-international","10":"product_cat-rugby-shirts-2","11":"product_cat-shop-by-country-club","12":"product_cat-vintage-rugby-shirts","13":"pa_merk-ellis-rugby","15":"first","16":"instock","17":"taxable","18":"shipping-taxable","19":"purchasable","20":"product-type-variable"},"df_price":89.95,"df_sale_price":"","df_regular_price":89.95,"df_image_link":"https:\/\/harristweed-shop.be\/wp-content\/uploads\/2023\/04\/6e0ab180e3ca3d7a67e40a221c4928eb_Flamingoes_1871_Rugby_Shirt-300x300.jpg","_links":{"self":[{"href":"https:\/\/harristweed-shop.be\/fr\/wp-json\/wp\/v2\/product\/36899","targetHints":{"allow":["GET"]}}],"collection":[{"href":"https:\/\/harristweed-shop.be\/fr\/wp-json\/wp\/v2\/product"}],"about":[{"href":"https:\/\/harristweed-shop.be\/fr\/wp-json\/wp\/v2\/types\/product"}],"wp:featuredmedia":[{"embeddable":true,"href":"https:\/\/harristweed-shop.be\/fr\/wp-json\/wp\/v2\/media\/36907"}],"wp:attachment":[{"href":"https:\/\/harristweed-shop.be\/fr\/wp-json\/wp\/v2\/media?parent=36899"}],"wp:term":[{"taxonomy":"product_brand","embeddable":true,"href":"https:\/\/harristweed-shop.be\/fr\/wp-json\/wp\/v2\/product_brand?post=36899"},{"taxonomy":"product_cat","embeddable":true,"href":"https:\/\/harristweed-shop.be\/fr\/wp-json\/wp\/v2\/product_cat?post=36899"},{"taxonomy":"product_tag","embeddable":true,"href":"https:\/\/harristweed-shop.be\/fr\/wp-json\/wp\/v2\/product_tag?post=36899"}],"curies":[{"name":"wp","href":"https:\/\/api.w.org\/{rel}","templated":true}]}}