{"id":36872,"date":"2023-04-07T10:46:49","date_gmt":"2023-04-07T10:46:49","guid":{"rendered":"https:\/\/harristweed-shop.be\/product\/new-zealand-rugby-league-shirt-vintage-style\/"},"modified":"2026-05-05T06:01:32","modified_gmt":"2026-05-05T06:01:32","slug":"new-zealand-rugby-league-shirt-vintage-style","status":"publish","type":"product","link":"https:\/\/harristweed-shop.be\/fr\/produit\/maillot-de-rugby-a-xiii-de-nouvelle-zelande-style-vintage\/","title":{"rendered":"Maillot de rugby \u00e0 XIII de Nouvelle-Z\u00e9lande, style vintage"},"content":{"rendered":"<p>Introduction \u00e0 la Ligue de rugby de Nouvelle-Z\u00e9lande<\/p>\n<p>Le maillot de la Ligue de rugby de Nouvelle-Z\u00e9lande est un maillot vintage de qualit\u00e9 produit par Ellis Rugby. Albert Henry Baskerville, originaire de Wellington, en Nouvelle-Z\u00e9lande, a eu l&#039;id\u00e9e d&#039;organiser une tourn\u00e9e de rugby professionnel au Royaume-Uni. Baskerville a recrut\u00e9 un nombre important de joueurs internationaux All Blacks lors de la tourn\u00e9e de 1905. Parmi eux, George Smith, qui, en plus de jouer pour les All Blacks, \u00e9tait un sportif excellent en athl\u00e9tisme.<\/p>\n<p>En 1907, l&#039;\u00e9quipe quitta la Nouvelle-Z\u00e9lande et affronta la Nouvelle-Galles du Sud \u00e0 Sydney, en Australie, pour son premier match \u00e0 Sydney. Le match connut un immense succ\u00e8s et les Australiens s&#039;int\u00e9ress\u00e8rent rapidement au rugby \u00e0 XIII. Ils cr\u00e9\u00e8rent leur propre organisation, la New South Wales Rugby League. Les touristes r\u00e9ussirent \u00e9galement \u00e0 recruter la star australienne Dally Messenger pour la tourn\u00e9e au Pays de Galles et en Angleterre.<\/p>\n<p>Le groupe fit escale \u00e0 Ceylan et atterrit en Angleterre le 30 septembre 1907. Ils disput\u00e8rent 35 matchs en Angleterre et au Pays de Galles, dont trois tests contre l&#039;Angleterre et un test-match contre le Pays de Galles. Ils s&#039;envol\u00e8rent ensuite pour l&#039;Australie o\u00f9 ils disput\u00e8rent dix autres matchs, dont trois tests-matchs contre l&#039;Australie. Cette tourn\u00e9e marqua l&#039;av\u00e8nement du rugby \u00e0 XIII en Australie et en Nouvelle-Z\u00e9lande.<\/p>\n<p>En savoir plus<\/p>\n<p>Le 13 juin 1908, le premier match de rugby \u00e0 XIII se joua sur le sol n\u00e9o-z\u00e9landais. La ligue jouait au profit de la m\u00e8re veuve de Baskerville. Pr\u00e8s de 7\u00a0000 spectateurs assist\u00e8rent \u00e0 ce match d&#039;exhibition \u00e0 Wellington, sans r\u00e9sultat.<\/p>\n<p>Malgr\u00e9 quelques difficult\u00e9s avec la F\u00e9d\u00e9ration n\u00e9o-z\u00e9landaise de rugby, le rugby \u00e0 XIII commen\u00e7a \u00e0 s&#039;implanter dans le pays. Auckland, Taranaki, Rotorua, Nelson, Southland, Wanganui, Marlborough, Invercargill, Hawke&#039;s Bay et South Auckland avaient toutes cr\u00e9\u00e9 des clubs en 1910.<\/p>\n<p>Le si\u00e8ge de la Rugby League fut cr\u00e9\u00e9 un an plus t\u00f4t et la Ligue de rugby d&#039;Auckland fut la premi\u00e8re \u00e0 lancer une comp\u00e9tition r\u00e9guli\u00e8re. La Ligue d&#039;Auckland connut une saison compl\u00e8te en 1912, avec son si\u00e8ge \u00e0 Eden Park. La m\u00eame ann\u00e9e vit \u00e9galement la cr\u00e9ation du tournoi local de rugby de Wellington.<\/p>\n<p>Lors de la tourn\u00e9e des Lions de la Ligue de rugby de Grande-Bretagne en Australie et en Nouvelle-Z\u00e9lande en 1910, les Kiwis effectu\u00e8rent leur premier test-match \u00e0 domicile, les Lions se r\u00e9v\u00e9lant trop forts. Un an plus tard, l&#039;\u00e9quipe n\u00e9o-z\u00e9landaise effectua une tourn\u00e9e en Australie.<\/p>\n<p>\u00c0 propos des matchs<\/p>\n<p>L&#039;ann\u00e9e 1920 fut un moment fort pour les Kiwis avec deux matchs contre les Lions britanniques, en tourn\u00e9e de rugby \u00e0 XV. Chaque \u00e9quipe des Lions attirait 40\u00a0000 spectateurs au stade d&#039;Auckland.<\/p>\n<p>C&#039;est en 1938, lors d&#039;une tourn\u00e9e en Australie, que l&#039;\u00e9quipe n\u00e9o-z\u00e9landaise adopta officiellement le nom de \u00ab\u00a0New Zealand Kiwis\u00a0\u00bb. Elle troqua \u00e9galement son maillot noir uni pour arborer un \u00ab\u00a0V\u00a0\u00bb blanc.<\/p>\n<p>\u00c0 la fin des ann\u00e9es 40 et au d\u00e9but des ann\u00e9es 50, les Kiwis de la Ligue n\u00e9o-z\u00e9landaise ont sans doute form\u00e9 l&#039;une de leurs meilleures \u00e9quipes. Ils sont rest\u00e9s invaincus lors de toutes les s\u00e9ries de tests de 1948 \u00e0 1951 et ont remport\u00e9 six de leurs neuf matchs.<\/p>\n<p>Lors de la premi\u00e8re Coupe du monde de rugby \u00e0 XIII de 1957, la Nouvelle-Z\u00e9lande participait aux c\u00f4t\u00e9s de l&#039;Australie et de la France. Malgr\u00e9 sa victoire contre le pays h\u00f4te, la France \u00e9choua en finale.<\/p>\n<p>Au cours de la p\u00e9riode 1961-1963, la Nouvelle-Z\u00e9lande a remport\u00e9 sept de ses dix matchs tests, dont une victoire 2-0 contre la Grande-Bretagne en 1962, alors consid\u00e9r\u00e9e comme la meilleure nation de rugby \u00e0 XIII au monde.<\/p>\n<p>La performance la plus marquante fut leur victoire record 19-0 contre la Grande-Bretagne \u00e0 Carlaw Park. C&#039;\u00e9tait seulement la deuxi\u00e8me fois qu&#039;une \u00e9quipe britannique \u00e9tait tenue \u00e0 0-0.<\/p>\n<p>Inspir\u00e9 des anciennes grandes \u00e9quipes de la Ligue de rugby de Nouvelle-Z\u00e9lande.<\/p>\n<p>La Ligue de rugby se soucie<\/p>\n<p>Pour chaque vente, Rugby League Cares re\u00e7oit un don caritatif. Ce don aide les joueurs \u00e0 se reconvertir dans le sport. Il soutient \u00e9galement les joueurs, anciens et actuels, qui souffrent de probl\u00e8mes de sant\u00e9 ou traversent des \u00e9preuves.<\/p>\n<p>Confectionn\u00e9 par Ellis Rugby en coton 100% au toucher satin\u00e9, ce maillot arbore une broderie d\u00e9taill\u00e9e sur l&#039;\u00e9cusson. Il est \u00e9galement dot\u00e9 d&#039;une finition \u00e0 chevrons sur les fentes et d&#039;une bande de velours \u00e0 l&#039;encolure.<\/p>\n<p>En plus du maillot vintage de la Ligue de rugby de Nouvelle-Z\u00e9lande, nous proposons \u00e9galement un polo vintage de la Ligue de rugby de Nouvelle-Z\u00e9lande et un t-shirt vintage de la Ligue de rugby de Nouvelle-Z\u00e9lande.<\/p>\n<p>Les tailles disponibles sont du S au 5XL.<\/p>","protected":false},"excerpt":{"rendered":"<p>Inspir\u00e9 par les anciennes grandes \u00e9quipes de rugby \u00e0 XIII n\u00e9o-z\u00e9landaises, la Nouvelle-Z\u00e9lande a remport\u00e9 sept de ses dix tests-matchs entre 1961 et 1963, dont une victoire 2-0 contre la Grande-Bretagne en 1962, alors consid\u00e9r\u00e9e comme la meilleure nation de rugby \u00e0 XIII au monde.<\/p>","protected":false},"featured_media":36880,"template":"","meta":[],"product_brand":[],"product_cat":[1011,397,556,882,394,955,555],"product_tag":[],"class_list":{"0":"post-36872","1":"product","2":"type-product","3":"status-publish","4":"has-post-thumbnail","6":"product_cat-all-blacks-new-zealand","7":"product_cat-international","8":"product_cat-international-vintage-rugby-shirts","9":"product_cat-rugby-league","10":"product_cat-rugby-shirts-2","11":"product_cat-shop-by-country-club","12":"product_cat-vintage-rugby-shirts","13":"pa_merk-ellis-rugby","15":"first","16":"instock","17":"taxable","18":"shipping-taxable","19":"purchasable","20":"product-type-variable"},"df_price":89.95,"df_sale_price":"","df_regular_price":89.95,"df_image_link":"https:\/\/harristweed-shop.be\/wp-content\/uploads\/2023\/04\/4877227625a2d11115829d9168b8ca92_New_Zealand_Rugby_League_Shirt_Vintage_Style-300x300.jpg","_links":{"self":[{"href":"https:\/\/harristweed-shop.be\/fr\/wp-json\/wp\/v2\/product\/36872","targetHints":{"allow":["GET"]}}],"collection":[{"href":"https:\/\/harristweed-shop.be\/fr\/wp-json\/wp\/v2\/product"}],"about":[{"href":"https:\/\/harristweed-shop.be\/fr\/wp-json\/wp\/v2\/types\/product"}],"wp:featuredmedia":[{"embeddable":true,"href":"https:\/\/harristweed-shop.be\/fr\/wp-json\/wp\/v2\/media\/36880"}],"wp:attachment":[{"href":"https:\/\/harristweed-shop.be\/fr\/wp-json\/wp\/v2\/media?parent=36872"}],"wp:term":[{"taxonomy":"product_brand","embeddable":true,"href":"https:\/\/harristweed-shop.be\/fr\/wp-json\/wp\/v2\/product_brand?post=36872"},{"taxonomy":"product_cat","embeddable":true,"href":"https:\/\/harristweed-shop.be\/fr\/wp-json\/wp\/v2\/product_cat?post=36872"},{"taxonomy":"product_tag","embeddable":true,"href":"https:\/\/harristweed-shop.be\/fr\/wp-json\/wp\/v2\/product_tag?post=36872"}],"curies":[{"name":"wp","href":"https:\/\/api.w.org\/{rel}","templated":true}]}}