{"id":3651,"date":"2020-08-26T15:34:47","date_gmt":"2020-08-26T15:34:47","guid":{"rendered":"https:\/\/harristweed-shop.be\/?post_type=product&#038;p=3651"},"modified":"2023-10-27T08:12:16","modified_gmt":"2023-10-27T08:12:16","slug":"waxcoat-mustard","status":"publish","type":"product","link":"https:\/\/harristweed-shop.be\/fr\/produit\/moutarde-enrobee-de-cire\/","title":{"rendered":"Moutarde cir\u00e9e"},"content":{"rendered":"<p>Confectionn\u00e9e en coton cir\u00e9 British Millerain 227 g, la veste Bexley pour homme est dot\u00e9e de trois poches, d&#039;une sangle de cou et d&#039;un patch d&#039;\u00e9paule. Id\u00e9ale \u00e0 superposer sur des pulls et des chemises pour un look d\u00e9contract\u00e9 et \u00e9l\u00e9gant. Une veste polyvalente en toutes saisons, parfaite \u00e0 la campagne comme en ville, un v\u00e9ritable best-seller.<\/p>\n<div class=\"single-product-row\" data-v-9d2be6c8=\"\" data-v-4c685a5c=\"\">\n<ul>\n<li>Coton cir\u00e9 Antique Millerain 8 oz<\/li>\n<li>Veste cir\u00e9e britannique classique<\/li>\n<li>Coupe sur mesure<\/li>\n<li>Plusieurs poches int\u00e9rieures<\/li>\n<li>Fermeture \u00e0 bouton-pression en laiton coupe-vent<\/li>\n<li>Doublure en coton 100%<\/li>\n<li>Fabriqu\u00e9 en Angleterre \u00e0 partir de mat\u00e9riaux anglais<\/li>\n<li>Le mannequin mesure 1,85 m, a un tour de poitrine de 104 cm et porte une taille L.<\/li>\n<\/ul>\n<p>&nbsp;<\/p>\n<\/div>\n<div class=\"single-product-row\" data-v-9d2be6c8=\"\" data-v-4c685a5c=\"\"><\/div>\n<p>&nbsp;<\/p>","protected":false},"excerpt":{"rendered":"<p>Magnifique veste\/manteau cir\u00e9 robuste. Couleur moutarde.<\/p>\n<p>Fabriqu\u00e9 en coton cir\u00e9 avec 3 poches, fermeture zipp\u00e9e et pression.<\/p>\n<p>Sangles \u00e0 la taille et col temp\u00eate,<\/p>\n<p>100% fabriqu\u00e9 en Angleterre par Peregrine.<\/p>","protected":false},"featured_media":3657,"template":"","meta":[],"product_brand":[],"product_cat":[87],"product_tag":[238,240,241,239,237],"class_list":{"0":"post-3651","1":"product","2":"type-product","3":"status-publish","4":"has-post-thumbnail","6":"product_cat-jassen-en-jacks","7":"product_tag-wax-coat","8":"product_tag-wax-jack","9":"product_tag-wax-jacket","10":"product_tag-wax-jas","11":"product_tag-waxcoat","13":"first","14":"outofstock","15":"taxable","16":"shipping-taxable","17":"product-type-variable"},"df_price":"","df_sale_price":"","df_regular_price":"","df_image_link":"https:\/\/harristweed-shop.be\/wp-content\/uploads\/2020\/08\/Waxcoat_mustard_2-300x300.jpg","_links":{"self":[{"href":"https:\/\/harristweed-shop.be\/fr\/wp-json\/wp\/v2\/product\/3651","targetHints":{"allow":["GET"]}}],"collection":[{"href":"https:\/\/harristweed-shop.be\/fr\/wp-json\/wp\/v2\/product"}],"about":[{"href":"https:\/\/harristweed-shop.be\/fr\/wp-json\/wp\/v2\/types\/product"}],"wp:featuredmedia":[{"embeddable":true,"href":"https:\/\/harristweed-shop.be\/fr\/wp-json\/wp\/v2\/media\/3657"}],"wp:attachment":[{"href":"https:\/\/harristweed-shop.be\/fr\/wp-json\/wp\/v2\/media?parent=3651"}],"wp:term":[{"taxonomy":"product_brand","embeddable":true,"href":"https:\/\/harristweed-shop.be\/fr\/wp-json\/wp\/v2\/product_brand?post=3651"},{"taxonomy":"product_cat","embeddable":true,"href":"https:\/\/harristweed-shop.be\/fr\/wp-json\/wp\/v2\/product_cat?post=3651"},{"taxonomy":"product_tag","embeddable":true,"href":"https:\/\/harristweed-shop.be\/fr\/wp-json\/wp\/v2\/product_tag?post=3651"}],"curies":[{"name":"wp","href":"https:\/\/api.w.org\/{rel}","templated":true}]}}