{"id":3594,"date":"2020-08-26T11:48:18","date_gmt":"2020-08-26T11:48:18","guid":{"rendered":"https:\/\/harristweed-shop.be\/?post_type=product&#038;p=3594"},"modified":"2023-10-27T08:43:28","modified_gmt":"2023-10-27T08:43:28","slug":"tweed-kostuum-donker-blauw-yorkshire-tweed","status":"publish","type":"product","link":"https:\/\/harristweed-shop.be\/fr\/produit\/costume-en-tweed-bleu-fonce-yorkshire-tweed\/","title":{"rendered":"Costume en tweed bleu fonc\u00e9 Yorkshire Tweed"},"content":{"rendered":"<p>La version Bucktrout de cet incontournable est aussi polyvalente qu&#039;\u00e9l\u00e9gante. Nous n&#039;avons jamais rencontr\u00e9 de situation o\u00f9 elle ne soit pas appropri\u00e9e. Cette veste sport classique est dot\u00e9e d&#039;une fermeture \u00e0 deux boutons, de poignets ajour\u00e9s et de renforts aux coudes. Portez-la par-dessus un t-shirt uni avec un jean pour une allure d\u00e9contract\u00e9e, ou rentrez-la dans une chemise boutonn\u00e9e pour une touche de raffinement. Quelle que soit la fa\u00e7on dont vous la portez, cette \u00e9l\u00e9gante pi\u00e8ce vous apportera une attention bien m\u00e9rit\u00e9e lors de vos sorties.<\/p>\n<ul>\n<li>Veste en tweed du Yorkshire en bleu<\/li>\n<li>Tweed provenant de Yorkshire Mills<\/li>\n<li>Tiss\u00e9 \u00e0 partir de pure laine<\/li>\n<li>Coudi\u00e8res<\/li>\n<li>Fermeture \u00e0 2 boutons<\/li>\n<li>Doublure en cachemire dor\u00e9<\/li>\n<li>Articles correspondants disponibles<\/li>\n<li>Couture moderne<\/li>\n<\/ul>","protected":false},"excerpt":{"rendered":"<div>\n<p>Magnifique costume en tweed fabriqu\u00e9 en v\u00e9ritable tweed du Yorkshire.<\/p>\n<p>Le costume est compos\u00e9 de trois pi\u00e8ces, y compris le gilet.<\/p>\n<p>&nbsp;<\/p>\n<\/div>\n<p>&nbsp;<\/p>","protected":false},"featured_media":3593,"template":"","meta":[],"product_brand":[],"product_cat":[231],"product_tag":[232,234,233],"class_list":{"0":"post-3594","1":"product","2":"type-product","3":"status-publish","4":"has-post-thumbnail","6":"product_cat-tweed-kostuums","7":"product_tag-tweed-colbert","8":"product_tag-tweed-jacket","9":"product_tag-tweed-jasje","10":"pa_merk-bucktrout","12":"first","13":"outofstock","14":"taxable","15":"shipping-taxable","16":"product-type-variable"},"df_price":"","df_sale_price":"","df_regular_price":"","df_image_link":"https:\/\/harristweed-shop.be\/wp-content\/uploads\/2020\/08\/Tweed-kostuum-PATRICK_YT013_GALLERY_4_1266_X_1800_800x-225x300.jpg","_links":{"self":[{"href":"https:\/\/harristweed-shop.be\/fr\/wp-json\/wp\/v2\/product\/3594","targetHints":{"allow":["GET"]}}],"collection":[{"href":"https:\/\/harristweed-shop.be\/fr\/wp-json\/wp\/v2\/product"}],"about":[{"href":"https:\/\/harristweed-shop.be\/fr\/wp-json\/wp\/v2\/types\/product"}],"wp:featuredmedia":[{"embeddable":true,"href":"https:\/\/harristweed-shop.be\/fr\/wp-json\/wp\/v2\/media\/3593"}],"wp:attachment":[{"href":"https:\/\/harristweed-shop.be\/fr\/wp-json\/wp\/v2\/media?parent=3594"}],"wp:term":[{"taxonomy":"product_brand","embeddable":true,"href":"https:\/\/harristweed-shop.be\/fr\/wp-json\/wp\/v2\/product_brand?post=3594"},{"taxonomy":"product_cat","embeddable":true,"href":"https:\/\/harristweed-shop.be\/fr\/wp-json\/wp\/v2\/product_cat?post=3594"},{"taxonomy":"product_tag","embeddable":true,"href":"https:\/\/harristweed-shop.be\/fr\/wp-json\/wp\/v2\/product_tag?post=3594"}],"curies":[{"name":"wp","href":"https:\/\/api.w.org\/{rel}","templated":true}]}}