{"id":3558,"date":"2020-08-26T11:08:48","date_gmt":"2020-08-26T11:08:48","guid":{"rendered":"https:\/\/harristweed-shop.be\/?post_type=product&#038;p=3558"},"modified":"2023-10-27T08:54:03","modified_gmt":"2023-10-27T08:54:03","slug":"tweed-colbert-groen-roze-yorkshire-tweed","status":"publish","type":"product","link":"https:\/\/harristweed-shop.be\/fr\/produit\/blazer-en-tweed-vert-rose-yorkshire-tweed\/","title":{"rendered":"Blazer en tweed vert rose Yorkshire Tweed"},"content":{"rendered":"<div>La version Bucktrout de cet incontournable est aussi polyvalente qu&#039;\u00e9l\u00e9gante. Nous n&#039;avons jamais rencontr\u00e9 de situation o\u00f9 elle ne soit pas appropri\u00e9e. Cette veste sport classique est dot\u00e9e d&#039;une fermeture \u00e0 deux boutons, de poignets ajour\u00e9s et de renforts aux coudes. Portez-la par-dessus un t-shirt uni avec un jean pour une allure d\u00e9contract\u00e9e, ou rentrez-la dans une chemise boutonn\u00e9e pour une touche de raffinement. Quelle que soit la fa\u00e7on dont vous la portez, cette \u00e9l\u00e9gante pi\u00e8ce vous apportera une attention bien m\u00e9rit\u00e9e lors de vos sorties.<\/div>\n<ul>\n<li>Veste en tweed du Yorkshire \u00e0 carreaux verts et roses<\/li>\n<li><span class=\"s2\">Tweed provenant de Yorkshire Mills<\/span><\/li>\n<li><span class=\"s2\">Tiss\u00e9 \u00e0 partir de pure laine<\/span><\/li>\n<li>Coudi\u00e8res<\/li>\n<li>Fermeture \u00e0 2 boutons<\/li>\n<li>Doublure en cachemire dor\u00e9<\/li>\n<li>Couture moderne<\/li>\n<\/ul>","protected":false},"excerpt":{"rendered":"<div>\n<p>Magnifique veste en tweed du Yorkshire authentique. Une veste sport classique au look moderne.<\/p>\n<p>Peut \u00e9galement \u00eatre combin\u00e9 avec un cardigan assorti dans le m\u00eame tissu.<\/p>\n<\/div>\n<p>&nbsp;<\/p>","protected":false},"featured_media":3566,"template":"","meta":[],"product_brand":[],"product_cat":[393,15],"product_tag":[90,91,89],"class_list":{"0":"post-3558","1":"product","2":"type-product","3":"status-publish","4":"has-post-thumbnail","6":"product_cat-harris-tweed-heren-jasjes","7":"product_cat-harris-tweed-colberts","8":"product_tag-harris-tweed-colbert","9":"product_tag-harris-tweed-jacket","10":"product_tag-harris-tweed-jasje","11":"pa_merk-bucktrout","13":"first","14":"outofstock","15":"taxable","16":"shipping-taxable","17":"product-type-variable"},"df_price":"","df_sale_price":"","df_regular_price":"","df_image_link":"https:\/\/harristweed-shop.be\/wp-content\/uploads\/2020\/08\/Tweed-jasje-PATRICK_YT003_GALLERY_1_1266_X_1800_800x-225x300.jpg","_links":{"self":[{"href":"https:\/\/harristweed-shop.be\/fr\/wp-json\/wp\/v2\/product\/3558","targetHints":{"allow":["GET"]}}],"collection":[{"href":"https:\/\/harristweed-shop.be\/fr\/wp-json\/wp\/v2\/product"}],"about":[{"href":"https:\/\/harristweed-shop.be\/fr\/wp-json\/wp\/v2\/types\/product"}],"wp:featuredmedia":[{"embeddable":true,"href":"https:\/\/harristweed-shop.be\/fr\/wp-json\/wp\/v2\/media\/3566"}],"wp:attachment":[{"href":"https:\/\/harristweed-shop.be\/fr\/wp-json\/wp\/v2\/media?parent=3558"}],"wp:term":[{"taxonomy":"product_brand","embeddable":true,"href":"https:\/\/harristweed-shop.be\/fr\/wp-json\/wp\/v2\/product_brand?post=3558"},{"taxonomy":"product_cat","embeddable":true,"href":"https:\/\/harristweed-shop.be\/fr\/wp-json\/wp\/v2\/product_cat?post=3558"},{"taxonomy":"product_tag","embeddable":true,"href":"https:\/\/harristweed-shop.be\/fr\/wp-json\/wp\/v2\/product_tag?post=3558"}],"curies":[{"name":"wp","href":"https:\/\/api.w.org\/{rel}","templated":true}]}}