{"id":34640,"date":"2023-04-05T14:18:43","date_gmt":"2023-04-05T14:18:43","guid":{"rendered":"https:\/\/harristweed-shop.be\/product\/wellington-waterafstotende-wax-jas-camel-2\/"},"modified":"2026-04-09T03:55:32","modified_gmt":"2026-04-09T03:55:32","slug":"wellington-waterafstotende-wax-jas-camel-2","status":"publish","type":"product","link":"https:\/\/harristweed-shop.be\/fr\/produit\/veste-ciree-impermeable-wellington-camel-2\/","title":{"rendered":"Veste cir\u00e9e Wellington pour homme \u201c Starberg \u201d beige"},"content":{"rendered":"<p>Look tendance, confort optimal\u00a0: la veste cir\u00e9e \u00ab\u00a0Starberg\u00a0\u00bb est l\u00e9gendaire, alliant design traditionnel et fonctionnalit\u00e9. Fabriqu\u00e9e \u00e0 l&#039;origine en coton cir\u00e9 d\u00e9perlant, elle prot\u00e8ge efficacement de la pluie et du vent, que ce soit en for\u00eat, \u00e0 la mer ou en ville. <\/p>\n<p>La finition antique sp\u00e9ciale d\u00e9veloppe une patine unique au fil du temps, rehaussant l&#039;allure h\u00e9ritage distinctive de cette veste. Des d\u00e9tails signature comme le col en velours c\u00f4tel\u00e9 marron, les poches plaqu\u00e9es basses, les poches fendues confortables, les poignets en velours c\u00f4tel\u00e9 et la solide fermeture \u00e9clair en laiton \u00e0 double curseur soulignent l&#039;allure unique d&#039;une v\u00e9ritable veste cir\u00e9e, fabriqu\u00e9e en Angleterre. Cette veste robuste et culte, id\u00e9ale pour toutes les saisons, est le compagnon id\u00e9al non seulement pour les activit\u00e9s de plein air, mais aussi une pi\u00e8ce de mode pour les adeptes du style britannique.<\/p>\n<p>\u2013 Fermeture \u00e9clair \u00e0 double sens<br \/>\u2013 Poches \u00e0 rabat plaqu\u00e9es<br \/>\u2013 Col en velours c\u00f4tel\u00e9<br \/>\u2013 \u00c9tiquette nominative<br \/>\u2013 Sacoches<br \/>\u2013 Poignets en velours c\u00f4tel\u00e9<br \/>\u2013 Doublure matelass\u00e9e chaude<br \/>\u2013 Hydrofuge<br \/>\u2013 Coupe-vent<\/p>\n<p>Mensurations du mod\u00e8le : Le mannequin mesure 189 cm et porte une taille 50.<br \/>Coupe : Coupe r\u00e9guli\u00e8re<br \/>Dimensions de l&#039;article : Pour la taille 50 les mesures sont : Longueur du dos : 79 cm \u2013 Longueur des manches \u00e0 partir du ballon : 69 cm \u2013 Demi-taille : 59 cm<\/p>\n<p>Tissu ext\u00e9rieur : coton 100%<br \/>Doublure : 55% polyester, 45% viscose<br \/>Doublure des manches : 55% polyester, 45% viscose<\/p>","protected":false},"excerpt":{"rendered":"<p>Veste cir\u00e9e Wellington pour homme \u201c Starberg \u201d beige 29.<\/p>\n<p>Look tendance, confort optimal\u00a0: la veste cir\u00e9e \u00ab\u00a0Starberg\u00a0\u00bb est l\u00e9gendaire, alliant design traditionnel et fonctionnalit\u00e9. Fabriqu\u00e9e \u00e0 l&#039;origine en coton cir\u00e9 d\u00e9perlant, elle prot\u00e8ge efficacement de la pluie et du vent, que ce soit en for\u00eat, \u00e0 la mer ou en ville.<\/p>","protected":false},"featured_media":542690,"template":"","meta":[],"product_brand":[],"product_cat":[530,87,482,531,1026],"product_tag":[],"class_list":{"0":"post-34640","1":"product","2":"type-product","3":"status-publish","4":"has-post-thumbnail","6":"product_cat-heren-jassen-en-jacks","7":"product_cat-jassen-en-jacks","8":"product_cat-mantel-und-jacken","9":"product_cat-mantel-und-jacken-fur-herren","10":"product_cat-wax-jackets","11":"pa_merk-wellington","13":"first","14":"instock","15":"taxable","16":"shipping-taxable","17":"purchasable","18":"product-type-variable"},"df_price":249.95,"df_sale_price":"","df_regular_price":249.95,"df_image_link":"https:\/\/harristweed-shop.be\/wp-content\/uploads\/2023\/04\/a8c834606abb3025724170fb417ec4cf_Wellington_Waterafstotende_Wax_jas__Camel-225x300.jpg","_links":{"self":[{"href":"https:\/\/harristweed-shop.be\/fr\/wp-json\/wp\/v2\/product\/34640","targetHints":{"allow":["GET"]}}],"collection":[{"href":"https:\/\/harristweed-shop.be\/fr\/wp-json\/wp\/v2\/product"}],"about":[{"href":"https:\/\/harristweed-shop.be\/fr\/wp-json\/wp\/v2\/types\/product"}],"wp:featuredmedia":[{"embeddable":true,"href":"https:\/\/harristweed-shop.be\/fr\/wp-json\/wp\/v2\/media\/542690"}],"wp:attachment":[{"href":"https:\/\/harristweed-shop.be\/fr\/wp-json\/wp\/v2\/media?parent=34640"}],"wp:term":[{"taxonomy":"product_brand","embeddable":true,"href":"https:\/\/harristweed-shop.be\/fr\/wp-json\/wp\/v2\/product_brand?post=34640"},{"taxonomy":"product_cat","embeddable":true,"href":"https:\/\/harristweed-shop.be\/fr\/wp-json\/wp\/v2\/product_cat?post=34640"},{"taxonomy":"product_tag","embeddable":true,"href":"https:\/\/harristweed-shop.be\/fr\/wp-json\/wp\/v2\/product_tag?post=34640"}],"curies":[{"name":"wp","href":"https:\/\/api.w.org\/{rel}","templated":true}]}}