{"id":322376,"date":"2023-12-31T16:03:30","date_gmt":"2023-12-31T16:03:30","guid":{"rendered":"https:\/\/harristweed-shop.be\/product\/alan-paine-lamswol-vest-navy\/"},"modified":"2026-05-05T05:06:52","modified_gmt":"2026-05-05T05:06:52","slug":"alan-paine-lamswol-vest-navy","status":"publish","type":"product","link":"https:\/\/harristweed-shop.be\/fr\/produit\/gilet-en-laine-dagneau-alan-paine-bleu-marine\/","title":{"rendered":"Cardigan en laine d&#039;agneau Cornwall bleu marine \u2013 Coupe classique"},"content":{"rendered":"<p>Notre cardigan classique en V de coupe traditionnelle des Cornouailles est un classique intemporel, parfait pour compl\u00e9ter la garde-robe masculine. Ce v\u00eatement arbore des boutons traditionnels, deux poches passepoil\u00e9es et est confectionn\u00e9 en pure laine d&#039;agneau ultra-douce, fil\u00e9e par la plus ancienne filature d&#039;Europe, Z. Hinchliffe, fond\u00e9e dans le Yorkshire, en Angleterre, il y a 250 ans. Il pr\u00e9sente une coupe ample \u00e0 la taille et une coupe d\u00e9contract\u00e9e, plus traditionnelle et confortable.<\/p>\n<p>Coupe classique \u2013 Notre coupe la plus g\u00e9n\u00e9reuse<br \/>\nLaine d&#039;agneau douce 100% \u2013 calibre 7<br \/>\nEnti\u00e8rement fa\u00e7onn\u00e9 \u2013 Tricot\u00e9 \u00e0 la forme<br \/>\n\u00c9paule de selle traditionnelle<br \/>\nReli\u00e9 \u00e0 la main \u2013 Chaque pi\u00e8ce tricot\u00e9e est jointe point par point<br \/>\nOurlet et poignets c\u00f4tel\u00e9s<br \/>\nLavage \u00e0 la main seulement<br \/>\nFermeture \u00e0 5 boutons<\/p>\n<p>\u00c9tabli en 1907<br \/>\nDepuis 1907, la marque de fabrique des produits Alan Paine est la qualit\u00e9 et le savoir-faire des fibres de luxe.<\/p>\n<p>PATRIMOINE BRITANNIQUE<br \/>\nLa marque Alan Paine perp\u00e9tue la tradition du pass\u00e9 en cr\u00e9ant un style \u00e9volutif et non une mode r\u00e9volutionnaire.<\/p>\n<p>117 ans de savoir-faire<br \/>\nSeules des fibres naturelles issues de ressources g\u00e9r\u00e9es durablement sont utilis\u00e9es dans la cr\u00e9ation de nos magnifiques tricots.<br \/>\nEn tant qu&#039;entreprise, nous adh\u00e9rons aux normes les plus \u00e9lev\u00e9es afin de fournir des produits qui combinent un style et une coupe \u00e9volutifs avec un confort et un toucher luxueux.<\/p>","protected":false},"excerpt":{"rendered":"<p>Cardigan en laine d&#039;agneau Cornwall bleu marine \u2013 Coupe classique.<\/p>\n<p>Ce v\u00eatement pr\u00e9sente des boutons de cardigan traditionnels, deux poches passepoil\u00e9es et est fabriqu\u00e9 \u00e0 partir de pure laine d&#039;agneau ultra-douce et fil\u00e9 par le plus ancien filateur d&#039;Europe, Z. Hinchliffe, fond\u00e9 dans le Yorkshire, en Angleterre, il y a 250 ans. <\/p>","protected":false},"featured_media":322388,"template":"","meta":[],"product_brand":[],"product_cat":[470,486,84,392,566,487],"product_tag":[],"class_list":{"0":"post-322376","1":"product","2":"type-product","3":"status-publish","4":"has-post-thumbnail","6":"product_cat-pull-over","7":"product_cat-pullover-und-westen","8":"product_cat-truien-en-pullovers","9":"product_cat-vesten","10":"product_cat-westen","11":"product_cat-wollpullover","12":"pa_merk-alan-paine","14":"first","15":"instock","16":"taxable","17":"shipping-taxable","18":"purchasable","19":"product-type-variable"},"df_price":199.95,"df_sale_price":"","df_regular_price":199.95,"df_image_link":"https:\/\/harristweed-shop.be\/wp-content\/uploads\/2023\/12\/8bbb034cdad0be95e08fe3a44212073a_Alan_Paine_Lamswol_vest___Navy-225x300.jpg","_links":{"self":[{"href":"https:\/\/harristweed-shop.be\/fr\/wp-json\/wp\/v2\/product\/322376","targetHints":{"allow":["GET"]}}],"collection":[{"href":"https:\/\/harristweed-shop.be\/fr\/wp-json\/wp\/v2\/product"}],"about":[{"href":"https:\/\/harristweed-shop.be\/fr\/wp-json\/wp\/v2\/types\/product"}],"wp:featuredmedia":[{"embeddable":true,"href":"https:\/\/harristweed-shop.be\/fr\/wp-json\/wp\/v2\/media\/322388"}],"wp:attachment":[{"href":"https:\/\/harristweed-shop.be\/fr\/wp-json\/wp\/v2\/media?parent=322376"}],"wp:term":[{"taxonomy":"product_brand","embeddable":true,"href":"https:\/\/harristweed-shop.be\/fr\/wp-json\/wp\/v2\/product_brand?post=322376"},{"taxonomy":"product_cat","embeddable":true,"href":"https:\/\/harristweed-shop.be\/fr\/wp-json\/wp\/v2\/product_cat?post=322376"},{"taxonomy":"product_tag","embeddable":true,"href":"https:\/\/harristweed-shop.be\/fr\/wp-json\/wp\/v2\/product_tag?post=322376"}],"curies":[{"name":"wp","href":"https:\/\/api.w.org\/{rel}","templated":true}]}}