{"id":318976,"date":"2023-12-29T13:17:39","date_gmt":"2023-12-29T13:17:39","guid":{"rendered":"https:\/\/harristweed-shop.be\/product\/alan-paine-lamswol-pullover-v-hals-updated-fit-driftwood\/"},"modified":"2026-05-05T05:06:52","modified_gmt":"2026-05-05T05:06:52","slug":"alan-paine-lamswol-pullover-v-hals-updated-fit-driftwood","status":"publish","type":"product","link":"https:\/\/harristweed-shop.be\/fr\/produit\/pull-en-laine-dagneau-alan-paine-a-col-en-v-coupe-revisitee-driftwood\/","title":{"rendered":"Pull Alan Paine en laine d&#039;agneau \u00e0 col en V, coupe revisit\u00e9e \u2013 Driftwood"},"content":{"rendered":"<p>Un v\u00e9ritable classique. Ce pull \u00e0 col V est confectionn\u00e9 en pure laine d&#039;agneau ultra-douce et fil\u00e9 par la plus ancienne filature d&#039;Europe, Z. Hinchliffe, fond\u00e9e dans le Yorkshire, en Angleterre, il y a 250 ans. Il pr\u00e9sente une coupe semi-ajust\u00e9e et une coupe classique contemporaine, l\u00e9g\u00e8rement fusel\u00e9e \u00e0 la taille et \u00e0 la poitrine, tout en offrant un grand confort et une grande libert\u00e9 de mouvement.<\/p>\n<p>Coupe r\u00e9guli\u00e8re \u2013 Notre coupe la plus r\u00e9guli\u00e8re et la plus moderne<br \/>\nLaine d&#039;agneau douce 100% \u2013 calibre 7<br \/>\nEnti\u00e8rement fa\u00e7onn\u00e9 \u2013 Tricot\u00e9 \u00e0 la forme<br \/>\n\u00c9paule de selle semi-classique traditionnelle<br \/>\nChaque point est reli\u00e9 \u00e0 la main<br \/>\nOurlet et poignets c\u00f4tel\u00e9s<br \/>\nLavage \u00e0 la main seulement<br \/>\nCol en V<\/p>\n<p>\u00c9tabli en 1907<br \/>\nDepuis 1907, la marque de fabrique des produits Alan Paine est la qualit\u00e9 et le savoir-faire des fibres de luxe.<\/p>\n<p>PATRIMOINE BRITANNIQUE<br \/>\nLa marque Alan Paine perp\u00e9tue la tradition du pass\u00e9 en cr\u00e9ant un style \u00e9volutif et non une mode r\u00e9volutionnaire.<\/p>\n<p>117 ans de savoir-faire<br \/>\nSeules des fibres naturelles issues de ressources g\u00e9r\u00e9es durablement sont utilis\u00e9es dans la cr\u00e9ation de nos magnifiques tricots.<br \/>\nEn tant qu&#039;entreprise, nous adh\u00e9rons aux normes les plus \u00e9lev\u00e9es afin de fournir des produits qui combinent un style et une coupe \u00e9volutifs avec un confort et un toucher luxueux.<\/p>","protected":false},"excerpt":{"rendered":"<p>Pull en laine d&#039;agneau Alan Paine \u00e0 col en V, coupe revisit\u00e9e \u2013 Driftwood.<\/p>\n<p>Un v\u00e9ritable classique. Ce pull col V est confectionn\u00e9 en pure laine d&#039;agneau ultra-douce et fil\u00e9 par la plus ancienne filature d&#039;Europe, Z. Hinchliffe, fond\u00e9e dans le Yorkshire, en Angleterre, il y a 250 ans. <\/p>","protected":false},"featured_media":322820,"template":"","meta":[],"product_brand":[],"product_cat":[486,84,442,487],"product_tag":[],"class_list":{"0":"post-318976","1":"product","2":"type-product","3":"status-publish","4":"has-post-thumbnail","6":"product_cat-pullover-und-westen","7":"product_cat-truien-en-pullovers","8":"product_cat-wollen-truien","9":"product_cat-wollpullover","10":"pa_merk-alan-paine","12":"first","13":"instock","14":"taxable","15":"shipping-taxable","16":"purchasable","17":"product-type-variable"},"df_price":139.95,"df_sale_price":"","df_regular_price":139.95,"df_image_link":"https:\/\/harristweed-shop.be\/wp-content\/uploads\/2023\/12\/f48484a8afca7df821cf4bba7332c140_Alan_Paine_Lamswol_Pullover_V_hals__Updated_Fit___Driftwood-212x300.jpg","_links":{"self":[{"href":"https:\/\/harristweed-shop.be\/fr\/wp-json\/wp\/v2\/product\/318976","targetHints":{"allow":["GET"]}}],"collection":[{"href":"https:\/\/harristweed-shop.be\/fr\/wp-json\/wp\/v2\/product"}],"about":[{"href":"https:\/\/harristweed-shop.be\/fr\/wp-json\/wp\/v2\/types\/product"}],"wp:featuredmedia":[{"embeddable":true,"href":"https:\/\/harristweed-shop.be\/fr\/wp-json\/wp\/v2\/media\/322820"}],"wp:attachment":[{"href":"https:\/\/harristweed-shop.be\/fr\/wp-json\/wp\/v2\/media?parent=318976"}],"wp:term":[{"taxonomy":"product_brand","embeddable":true,"href":"https:\/\/harristweed-shop.be\/fr\/wp-json\/wp\/v2\/product_brand?post=318976"},{"taxonomy":"product_cat","embeddable":true,"href":"https:\/\/harristweed-shop.be\/fr\/wp-json\/wp\/v2\/product_cat?post=318976"},{"taxonomy":"product_tag","embeddable":true,"href":"https:\/\/harristweed-shop.be\/fr\/wp-json\/wp\/v2\/product_tag?post=318976"}],"curies":[{"name":"wp","href":"https:\/\/api.w.org\/{rel}","templated":true}]}}