{"id":31833,"date":"2023-03-31T12:35:27","date_gmt":"2023-03-31T12:35:27","guid":{"rendered":"https:\/\/harristweed-shop.be\/product\/tweed-vestje-iain-waistcoat-mustard-blue-check-2\/"},"modified":"2023-03-31T12:36:21","modified_gmt":"2023-03-31T12:36:21","slug":"tweed-vestje-iain-waistcoat-mustard-blue-check-2","status":"publish","type":"product","link":"https:\/\/harristweed-shop.be\/fr\/produit\/cardigan-en-tweed-gilet-iain-a-carreaux-bleu-moutarde-2\/","title":{"rendered":"Cardigan en tweed, gilet Iain \u2013 Carreaux moutarde\/bleu"},"content":{"rendered":"<p>Un gilet classique \u00e0 5 boutons, \u00e0 porter avec ou sans veste. Con\u00e7us pour compl\u00e9ter nos vestes, les gilets Iain sont disponibles dans une vari\u00e9t\u00e9 de tweeds et arborent une jolie doublure cachemire au dos.<\/p>\n<p>Tiss\u00e9 \u00e0 la main \u00e0 partir de pure laine 100%<br \/>\nDos doubl\u00e9 cachemire avec ajusteur<br \/>\nfermeture \u00e0 5 boutons<br \/>\nPoches du monde<br \/>\nVeste assortie disponible (Voir Veste Patrick)<\/p>\n<p>INFORMATION<br \/>\nTweed \u2013 Laine 100%<br \/>\nDoublure - Ac\u00e9tate 50%\/Viscose 50%<br \/>\nNettoyage \u00e0 sec uniquement<br \/>\nArticles correspondants disponibles<\/p>","protected":false},"excerpt":{"rendered":"<p>A classic 5 button waistcoat that can be worn with or without a jacket. Created to compliment our jacket styles, the Iain Waistcoats are available in a variety of Tweeds and are finished with an attractive paisley lining back. Hand woven from 100% pure wool Paisley lining back with adjuster 5 button fastening Welt pockets [&hellip;]<\/p>\n","protected":false},"featured_media":0,"template":"","meta":[],"product_brand":[],"product_cat":[510,512,88,511],"product_tag":[],"class_list":{"0":"post-31833","1":"product","2":"type-product","3":"status-publish","5":"product_cat-heren-vestjes","6":"product_cat-herren-westen-und-gilets","7":"product_cat-vestjes-en-gilets","8":"product_cat-westen-und-gilets","9":"pa_merk-bucktrout","11":"first","12":"instock","13":"taxable","14":"shipping-taxable","15":"purchasable","16":"product-type-variable"},"df_price":149.95,"df_sale_price":"","df_regular_price":149.95,"df_image_link":"https:\/\/harristweed-shop.be\/wp-content\/uploads\/woocommerce-placeholder-300x300.png","_links":{"self":[{"href":"https:\/\/harristweed-shop.be\/fr\/wp-json\/wp\/v2\/product\/31833","targetHints":{"allow":["GET"]}}],"collection":[{"href":"https:\/\/harristweed-shop.be\/fr\/wp-json\/wp\/v2\/product"}],"about":[{"href":"https:\/\/harristweed-shop.be\/fr\/wp-json\/wp\/v2\/types\/product"}],"wp:attachment":[{"href":"https:\/\/harristweed-shop.be\/fr\/wp-json\/wp\/v2\/media?parent=31833"}],"wp:term":[{"taxonomy":"product_brand","embeddable":true,"href":"https:\/\/harristweed-shop.be\/fr\/wp-json\/wp\/v2\/product_brand?post=31833"},{"taxonomy":"product_cat","embeddable":true,"href":"https:\/\/harristweed-shop.be\/fr\/wp-json\/wp\/v2\/product_cat?post=31833"},{"taxonomy":"product_tag","embeddable":true,"href":"https:\/\/harristweed-shop.be\/fr\/wp-json\/wp\/v2\/product_tag?post=31833"}],"curies":[{"name":"wp","href":"https:\/\/api.w.org\/{rel}","templated":true}]}}