{"id":318284,"date":"2023-12-29T10:33:44","date_gmt":"2023-12-29T10:33:44","guid":{"rendered":"https:\/\/harristweed-shop.be\/product\/shirt-eterna-jersey\/"},"modified":"2026-04-08T13:55:35","modified_gmt":"2026-04-08T13:55:35","slug":"shirt-eterna-jersey","status":"publish","type":"product","link":"https:\/\/harristweed-shop.be\/fr\/produit\/maillot-eterna\/","title":{"rendered":"Maillot Eterna"},"content":{"rendered":"<p>Poche poitrine sans poche poitrine<br \/>\nCoupe SLIM FIT<br \/>\nMat\u00e9riau Jersey<br \/>\nCouleur bleu<br \/>\nConception simple<br \/>\nPoignets Poignets combin\u00e9s<br \/>\nCollier en forme de col<br \/>\nPour lisser<br \/>\nSANS REPASSAGE<br \/>\nMati\u00e8re 100% coton<br \/>\nConvient \u00e0 la coupe SLIM FIT<\/p>\n<p>C&#039;EST CE QUE REPR\u00c9SENTE CETTE CHEMISE<br \/>\nCoupe ajust\u00e9e. Tr\u00e8s ajust\u00e9e. \u00c9l\u00e9gante.<\/p>\n<p>Les chemises ETERNA SLIM FIT pr\u00e9sentent une coupe ajust\u00e9e et ajust\u00e9e.<br \/>\nParfait pour tous les hommes qui souhaitent mettre en valeur leur silhouette de mani\u00e8re \u00e9l\u00e9gante et d\u00e9licate.<\/p>","protected":false},"excerpt":{"rendered":"<p>Chemise Eterna Jersey.<\/p>\n<p>Parfait pour tous les hommes qui souhaitent mettre en valeur leur silhouette de mani\u00e8re \u00e9l\u00e9gante et d\u00e9licate.<\/p>","protected":false},"featured_media":318302,"template":"","meta":[],"product_brand":[],"product_cat":[507,505,86,506],"product_tag":[],"class_list":{"0":"post-318284","1":"product","2":"type-product","3":"status-publish","4":"has-post-thumbnail","6":"product_cat-dress-hemden","7":"product_cat-dress-shirts","8":"product_cat-shirts-en-overhemden","9":"product_cat-shirts-und-hemden","10":"pa_merk-eterna","12":"first","13":"instock","14":"taxable","15":"shipping-taxable","16":"purchasable","17":"product-type-variable"},"df_price":89.95,"df_sale_price":"","df_regular_price":89.95,"df_image_link":"https:\/\/harristweed-shop.be\/wp-content\/uploads\/2023\/12\/bf5b786d7b91034384b93070e7428ca1_100040_20201_4579-208x300.jpg","_links":{"self":[{"href":"https:\/\/harristweed-shop.be\/fr\/wp-json\/wp\/v2\/product\/318284","targetHints":{"allow":["GET"]}}],"collection":[{"href":"https:\/\/harristweed-shop.be\/fr\/wp-json\/wp\/v2\/product"}],"about":[{"href":"https:\/\/harristweed-shop.be\/fr\/wp-json\/wp\/v2\/types\/product"}],"wp:featuredmedia":[{"embeddable":true,"href":"https:\/\/harristweed-shop.be\/fr\/wp-json\/wp\/v2\/media\/318302"}],"wp:attachment":[{"href":"https:\/\/harristweed-shop.be\/fr\/wp-json\/wp\/v2\/media?parent=318284"}],"wp:term":[{"taxonomy":"product_brand","embeddable":true,"href":"https:\/\/harristweed-shop.be\/fr\/wp-json\/wp\/v2\/product_brand?post=318284"},{"taxonomy":"product_cat","embeddable":true,"href":"https:\/\/harristweed-shop.be\/fr\/wp-json\/wp\/v2\/product_cat?post=318284"},{"taxonomy":"product_tag","embeddable":true,"href":"https:\/\/harristweed-shop.be\/fr\/wp-json\/wp\/v2\/product_tag?post=318284"}],"curies":[{"name":"wp","href":"https:\/\/api.w.org\/{rel}","templated":true}]}}