{"id":31793,"date":"2023-03-31T12:35:18","date_gmt":"2023-03-31T12:35:18","guid":{"rendered":"https:\/\/harristweed-shop.be\/product\/tweed-vestje-iain-waistcoat-green-pink-check\/"},"modified":"2026-04-09T03:55:32","modified_gmt":"2026-04-09T03:55:32","slug":"tweed-vestje-iain-waistcoat-green-pink-check","status":"publish","type":"product","link":"https:\/\/harristweed-shop.be\/fr\/produit\/gilet-en-tweedje-iain-vert-rose-a-carreaux\/","title":{"rendered":"Gilet en tweed du Yorkshire, gilet Iain \u2013 \u00e0 carreaux verts et roses"},"content":{"rendered":"<p>Un cardigan classique \u00e0 cinq boutons, \u00e0 porter avec ou sans veste. Les cardigans Iain sont con\u00e7us pour s&#039;harmoniser avec nos vestes et sont disponibles dans diff\u00e9rents tweeds. Ils sont orn\u00e9s d&#039;une \u00e9l\u00e9gante doublure cachemire au dos.\n<\/p>\n<p>Gilet en tweed du Yorkshire \u00e0 carreaux verts et roses<br \/>\n<br \/>\u2013 Tweed des usines du Yorkshire<br \/>\n<br \/>\u2013 Tiss\u00e9 en pure laine<br \/>\n<br \/>\u2013 Doublure dor\u00e9e \u00e0 motifs cachemire au dos avec fermeture r\u00e9glable<br \/>\n<br \/>\u2013 5 boutons sur le devant<br \/>\n<br \/>\u2013 Poches passepoil\u00e9es<br \/>\n<br \/>\u2013 Personnalisation moderne<\/p>","protected":false},"excerpt":{"rendered":"<p>Gilet en tweed du Yorkshire, gilet Iain \u2013 \u00e0 carreaux verts et roses.<\/p>\n<p>\u2013 Tissu ext\u00e9rieur \u2013 Laine 100%<br \/>\n\u2013 Doublure \u2013 ac\u00e9tate 50%\/viscose 50%<br \/>\nNettoyage \u00e0 sec uniquement<br \/>\nArticles assortis disponibles<\/p>","protected":false},"featured_media":31830,"template":"","meta":[],"product_brand":[],"product_cat":[510,512,88,511],"product_tag":[],"class_list":{"0":"post-31793","1":"product","2":"type-product","3":"status-publish","4":"has-post-thumbnail","6":"product_cat-heren-vestjes","7":"product_cat-herren-westen-und-gilets","8":"product_cat-vestjes-en-gilets","9":"product_cat-westen-und-gilets","10":"pa_merk-bucktrout","12":"first","13":"instock","14":"taxable","15":"shipping-taxable","16":"purchasable","17":"product-type-variable"},"df_price":169.95,"df_sale_price":"","df_regular_price":169.95,"df_image_link":"https:\/\/harristweed-shop.be\/wp-content\/uploads\/2023\/03\/a7831726e1acaa5757a68039139b1927_Tweed_Vestje__IAIN_WAISTCOAT___Green_Pink_Check-225x300.jpg","_links":{"self":[{"href":"https:\/\/harristweed-shop.be\/fr\/wp-json\/wp\/v2\/product\/31793","targetHints":{"allow":["GET"]}}],"collection":[{"href":"https:\/\/harristweed-shop.be\/fr\/wp-json\/wp\/v2\/product"}],"about":[{"href":"https:\/\/harristweed-shop.be\/fr\/wp-json\/wp\/v2\/types\/product"}],"wp:featuredmedia":[{"embeddable":true,"href":"https:\/\/harristweed-shop.be\/fr\/wp-json\/wp\/v2\/media\/31830"}],"wp:attachment":[{"href":"https:\/\/harristweed-shop.be\/fr\/wp-json\/wp\/v2\/media?parent=31793"}],"wp:term":[{"taxonomy":"product_brand","embeddable":true,"href":"https:\/\/harristweed-shop.be\/fr\/wp-json\/wp\/v2\/product_brand?post=31793"},{"taxonomy":"product_cat","embeddable":true,"href":"https:\/\/harristweed-shop.be\/fr\/wp-json\/wp\/v2\/product_cat?post=31793"},{"taxonomy":"product_tag","embeddable":true,"href":"https:\/\/harristweed-shop.be\/fr\/wp-json\/wp\/v2\/product_tag?post=31793"}],"curies":[{"name":"wp","href":"https:\/\/api.w.org\/{rel}","templated":true}]}}