{"id":31457,"date":"2023-03-31T12:31:32","date_gmt":"2023-03-31T12:31:32","guid":{"rendered":"https:\/\/harristweed-shop.be\/product\/yorkshire-tweed-pantalon-mens-tweed-trousers-green\/"},"modified":"2026-04-09T04:10:31","modified_gmt":"2026-04-09T04:10:31","slug":"yorkshire-tweed-pantalon-mens-tweed-trousers-green","status":"publish","type":"product","link":"https:\/\/harristweed-shop.be\/fr\/produit\/pantalon-en-tweed-yorkshire-pour-homme-pantalon-en-tweed-vert\/","title":{"rendered":"Pantalon en tweed Yorkshire, pantalon en tweed pour homme \u2013 Vert"},"content":{"rendered":"<p>Notre gamme de costumes sur mesure, en constante expansion, comprend d\u00e9sormais une s\u00e9lection de pantalons qui s&#039;accordent parfaitement avec nos manteaux et gilets. Ces pantalons en tweed du Yorkshire se marient \u00e0 merveille avec le manteau Patrick et les gilets en tweed assortis, pour une tenue compl\u00e8te. D\u00e9couvrez notre collection de costumes pour plus d&#039;informations.\n<\/p>\n<p>Pantalon homme en tweed du Yorkshire, couleur verte<br \/>\n<br \/>\u2013 Du tweed provenant d&#039;usines textiles du Yorkshire<br \/>\n<br \/>\u2013 Face avant plate<br \/>\n2 poches lat\u00e9rales, 2 poches arri\u00e8re<br \/>\n<br \/>\u2013 Demi-doubl\u00e9<\/p>","protected":false},"excerpt":{"rendered":"<p>Pantalon en tweed du Yorkshire, pantalon en tweed pour homme \u2013 Vert.<\/p>\n<p>\u2013 Tissu ext\u00e9rieur \u2013 Laine 100%<br \/>\n\u2013 Doublure \u2013 50% coton\/50% polyester \u2013 semi-doubl\u00e9e pour plus de confort.<br \/>\nNettoyage \u00e0 sec uniquement<br \/>\nArticles assortis disponibles<\/p>","protected":false},"featured_media":31469,"template":"","meta":[],"product_brand":[],"product_cat":[513,602,604,514],"product_tag":[],"class_list":{"0":"post-31457","1":"product","2":"type-product","3":"status-publish","4":"has-post-thumbnail","6":"product_cat-broeken","7":"product_cat-hosen","8":"product_cat-hosen-aus-tweed","9":"product_cat-tweed-pantalons-broeken","10":"pa_merk-bucktrout","12":"first","13":"outofstock","14":"taxable","15":"shipping-taxable","16":"product-type-variable"},"df_price":"","df_sale_price":"","df_regular_price":"","df_image_link":"https:\/\/harristweed-shop.be\/wp-content\/uploads\/2023\/03\/74114b0f9c3cbbab3008d24ce88369a2_6192YorkshireTweed_Pantalon__MENS_TWEED_TROUSERS___GREEN-225x300.jpg","_links":{"self":[{"href":"https:\/\/harristweed-shop.be\/fr\/wp-json\/wp\/v2\/product\/31457","targetHints":{"allow":["GET"]}}],"collection":[{"href":"https:\/\/harristweed-shop.be\/fr\/wp-json\/wp\/v2\/product"}],"about":[{"href":"https:\/\/harristweed-shop.be\/fr\/wp-json\/wp\/v2\/types\/product"}],"wp:featuredmedia":[{"embeddable":true,"href":"https:\/\/harristweed-shop.be\/fr\/wp-json\/wp\/v2\/media\/31469"}],"wp:attachment":[{"href":"https:\/\/harristweed-shop.be\/fr\/wp-json\/wp\/v2\/media?parent=31457"}],"wp:term":[{"taxonomy":"product_brand","embeddable":true,"href":"https:\/\/harristweed-shop.be\/fr\/wp-json\/wp\/v2\/product_brand?post=31457"},{"taxonomy":"product_cat","embeddable":true,"href":"https:\/\/harristweed-shop.be\/fr\/wp-json\/wp\/v2\/product_cat?post=31457"},{"taxonomy":"product_tag","embeddable":true,"href":"https:\/\/harristweed-shop.be\/fr\/wp-json\/wp\/v2\/product_tag?post=31457"}],"curies":[{"name":"wp","href":"https:\/\/api.w.org\/{rel}","templated":true}]}}