{"id":31404,"date":"2023-03-31T12:30:40","date_gmt":"2023-03-31T12:30:40","guid":{"rendered":"https:\/\/harristweed-shop.be\/product\/harris-tweed-pantalon-mens-tweed-trousers-navy-herringbone\/"},"modified":"2026-04-21T11:07:15","modified_gmt":"2026-04-21T11:07:15","slug":"harris-tweed-pantalon-mens-tweed-trousers-navy-herringbone","status":"publish","type":"product","link":"https:\/\/harristweed-shop.be\/fr\/produit\/pantalon-en-tweed-harris-pour-homme-bleu-marine-a-chevrons\/","title":{"rendered":"Pantalon en tweed Harris pour homme \u2013 Motif \u00e0 chevrons bleu marine"},"content":{"rendered":"<p>Notre gamme de costumes sur mesure, en constante expansion, comprend d\u00e9sormais une s\u00e9lection de pantalons qui s&#039;accordent parfaitement avec nos vestes et gilets. Ces pantalons en tweed Harris compl\u00e8tent \u00e0 merveille la veste Patrick et les gilets en tweed, pour une tenue impeccable. D\u00e9couvrez notre collection de costumes et laissez-vous inspirer.\n<\/p>\n<p>\u2013 Tweed Harris anthracite \u00e0 motif chevrons <br \/>\u2013 Tiss\u00e9 \u00e0 la main en pure laine 100%<br \/>\n<br \/>\u2013 Face avant plate<br \/>\n2 poches lat\u00e9rales, 2 poches arri\u00e8re<br \/>\n<br \/>\u2013 Demi-doubl\u00e9<\/p>","protected":false},"excerpt":{"rendered":"<p>Pantalon en tweed Harris, pantalon en tweed pour homme \u2013 motif chevrons marine.<\/p>\n<p>\u2013 Harris Tweed \u2013 Laine 100%<br \/>\n\u2013 Doublure \u2013 50% coton\/50% polyester \u2013 semi-doubl\u00e9e pour plus de confort.<br \/>\n\u2013 Le v\u00eatement est muni d&#039;une \u00e9tiquette confirmant l&#039;authenticit\u00e9 du tissu comme \u00e9tant du v\u00e9ritable Harris Tweed.<br \/>\n\u2013 Nettoyage \u00e0 sec uniquement.<br \/>\nArticles assortis disponibles.<\/p>","protected":false},"featured_media":31427,"template":"","meta":[],"product_brand":[],"product_cat":[513,1123,1158,602,604,514],"product_tag":[],"class_list":{"0":"post-31404","1":"product","2":"type-product","3":"status-publish","4":"has-post-thumbnail","6":"product_cat-broeken","7":"product_cat-harris-tweed-broeken","8":"product_cat-harris-tweed-hosen","9":"product_cat-hosen","10":"product_cat-hosen-aus-tweed","11":"product_cat-tweed-pantalons-broeken","12":"pa_merk-bucktrout","14":"first","15":"instock","16":"taxable","17":"shipping-taxable","18":"purchasable","19":"product-type-variable"},"df_price":219,"df_sale_price":"","df_regular_price":219,"df_image_link":"https:\/\/harristweed-shop.be\/wp-content\/uploads\/2023\/03\/5c02c2ed243eb9324457c106c6c2312e_6186Harris_Tweed_Pantalon__MENS_TWEED_TROUSERS___NAVY_HERRINGBONE-225x300.jpg","_links":{"self":[{"href":"https:\/\/harristweed-shop.be\/fr\/wp-json\/wp\/v2\/product\/31404","targetHints":{"allow":["GET"]}}],"collection":[{"href":"https:\/\/harristweed-shop.be\/fr\/wp-json\/wp\/v2\/product"}],"about":[{"href":"https:\/\/harristweed-shop.be\/fr\/wp-json\/wp\/v2\/types\/product"}],"wp:featuredmedia":[{"embeddable":true,"href":"https:\/\/harristweed-shop.be\/fr\/wp-json\/wp\/v2\/media\/31427"}],"wp:attachment":[{"href":"https:\/\/harristweed-shop.be\/fr\/wp-json\/wp\/v2\/media?parent=31404"}],"wp:term":[{"taxonomy":"product_brand","embeddable":true,"href":"https:\/\/harristweed-shop.be\/fr\/wp-json\/wp\/v2\/product_brand?post=31404"},{"taxonomy":"product_cat","embeddable":true,"href":"https:\/\/harristweed-shop.be\/fr\/wp-json\/wp\/v2\/product_cat?post=31404"},{"taxonomy":"product_tag","embeddable":true,"href":"https:\/\/harristweed-shop.be\/fr\/wp-json\/wp\/v2\/product_tag?post=31404"}],"curies":[{"name":"wp","href":"https:\/\/api.w.org\/{rel}","templated":true}]}}