{"id":310159,"date":"2023-12-22T15:33:39","date_gmt":"2023-12-22T15:33:39","guid":{"rendered":"https:\/\/harristweed-shop.be\/product\/harris-tweed-ladies-cap-670-green-brown\/"},"modified":"2026-04-08T14:11:22","modified_gmt":"2026-04-08T14:11:22","slug":"harris-tweed-ladies-cap-670-green-brown","status":"publish","type":"product","link":"https:\/\/harristweed-shop.be\/fr\/produit\/casquette-femme-en-tweed-harris-670-vert-marron\/","title":{"rendered":"Casquette femme Harris tweed 670 Vert Marron"},"content":{"rendered":"<p>Notre casquette classique pour femme, style Baker Boy, est notre best-seller en tweed Harris authentique, d\u00e9clin\u00e9e dans une gamme de motifs traditionnels et traditionnels, ainsi que de carreaux modernes et \u00e9clatants. Doublure en satin matelass\u00e9 ton sur ton avec bandeau \u00e9lastique \u00e0 l&#039;arri\u00e8re pour s&#039;adapter \u00e0 la plupart des tours de t\u00eate.<\/p>","protected":false},"excerpt":{"rendered":"<p>Notre casquette classique pour femme, style Baker Boy, est notre best-seller en tweed Harris authentique, d\u00e9clin\u00e9e dans une gamme de motifs traditionnels et traditionnels, ainsi que de carreaux modernes et \u00e9clatants. Doublure en satin matelass\u00e9 ton sur ton avec bandeau \u00e9lastique \u00e0 l&#039;arri\u00e8re pour s&#039;adapter \u00e0 la plupart des tours de t\u00eate.<\/p>","protected":false},"featured_media":310160,"template":"","meta":[],"product_brand":[],"product_cat":[1062,1125,1119,1164,1173,433,542,83],"product_tag":[],"class_list":{"0":"post-310159","1":"product","2":"type-product","3":"status-publish","4":"has-post-thumbnail","6":"product_cat-damen-caps","7":"product_cat-harris-tweed-dames-petten-harris-tweed-hoeden-petten-en-caps","8":"product_cat-harris-tweed-hoeden-petten-en-caps","9":"product_cat-harris-tweed-mutzen-und-hute","10":"product_cat-harris-tweed-mutzen-und-hute-fur-damen","11":"product_cat-harris-tweed-petten","12":"product_cat-hute-und-caps","13":"product_cat-petten-en-caps","14":"pa_merk-harristweed","16":"first","17":"outofstock","18":"taxable","19":"shipping-taxable","20":"purchasable","21":"product-type-simple"},"df_price":59.95,"df_sale_price":"","df_regular_price":59.95,"df_image_link":"https:\/\/harristweed-shop.be\/wp-content\/uploads\/2023\/12\/05d15141397c84b2c205789375727f2a_Harris_tweed_Ladies_cap_670_Green_Brown-300x300.jpg","_links":{"self":[{"href":"https:\/\/harristweed-shop.be\/fr\/wp-json\/wp\/v2\/product\/310159","targetHints":{"allow":["GET"]}}],"collection":[{"href":"https:\/\/harristweed-shop.be\/fr\/wp-json\/wp\/v2\/product"}],"about":[{"href":"https:\/\/harristweed-shop.be\/fr\/wp-json\/wp\/v2\/types\/product"}],"wp:featuredmedia":[{"embeddable":true,"href":"https:\/\/harristweed-shop.be\/fr\/wp-json\/wp\/v2\/media\/310160"}],"wp:attachment":[{"href":"https:\/\/harristweed-shop.be\/fr\/wp-json\/wp\/v2\/media?parent=310159"}],"wp:term":[{"taxonomy":"product_brand","embeddable":true,"href":"https:\/\/harristweed-shop.be\/fr\/wp-json\/wp\/v2\/product_brand?post=310159"},{"taxonomy":"product_cat","embeddable":true,"href":"https:\/\/harristweed-shop.be\/fr\/wp-json\/wp\/v2\/product_cat?post=310159"},{"taxonomy":"product_tag","embeddable":true,"href":"https:\/\/harristweed-shop.be\/fr\/wp-json\/wp\/v2\/product_tag?post=310159"}],"curies":[{"name":"wp","href":"https:\/\/api.w.org\/{rel}","templated":true}]}}