{"id":309877,"date":"2023-12-22T10:42:24","date_gmt":"2023-12-22T10:42:24","guid":{"rendered":"https:\/\/harristweed-shop.be\/product\/harris-tweed-flat-cap-steel-blue-check\/"},"modified":"2026-04-08T14:25:27","modified_gmt":"2026-04-08T14:25:27","slug":"harris-tweed-flat-cap-steel-blue-check","status":"publish","type":"product","link":"https:\/\/harristweed-shop.be\/fr\/produit\/casquette-plate-en-tweed-harris-a-carreaux-bleu-acier\/","title":{"rendered":"Casquette plate en tweed Harris \u00e0 carreaux bleu acier"},"content":{"rendered":"<p>V\u00e9ritable Harris Tweed<\/p>\n<p>Dos profond<\/p>\n<p>Doublure en satin<\/p>\n<p>Casquette plate en v\u00e9ritable Harris Tweed. Tiss\u00e9e \u00e0 la main dans les H\u00e9brides ext\u00e9rieures avec de la laine locale, cette \u00e9toffe \u00e9cossaise classique conna\u00eet un renouveau. Une doublure en satin de qualit\u00e9 conf\u00e8re \u00e0 la casquette Highland Harris un luxe in\u00e9dit.<\/p>","protected":false},"excerpt":{"rendered":"<p>Genuine Harris Tweed Deep Back Satin Lining Genuine Harris Tweed flat cap. Handwoven in the Outer Hebrides using local wool, this classic Scottish fabric is now enjoying a renaissance. A quality satin lining lifts the Highland Harris Cap to a new level of luxury.<\/p>","protected":false},"featured_media":309883,"template":"","meta":[],"product_brand":[],"product_cat":[1166,1120,1119,1164,433,547,542,83],"product_tag":[],"class_list":{"0":"post-309877","1":"product","2":"type-product","3":"status-publish","4":"has-post-thumbnail","6":"product_cat-harris-tweed-caps-schiebermutze","7":"product_cat-harris-tweed-flat-caps-harris-tweed-hoeden-petten-en-caps","8":"product_cat-harris-tweed-hoeden-petten-en-caps","9":"product_cat-harris-tweed-mutzen-und-hute","10":"product_cat-harris-tweed-petten","11":"product_cat-harris-tweed-mutzen","12":"product_cat-hute-und-caps","13":"product_cat-petten-en-caps","14":"pa_merk-harristweed","16":"first","17":"instock","18":"taxable","19":"shipping-taxable","20":"purchasable","21":"product-type-variable"},"df_price":59.95,"df_sale_price":"","df_regular_price":59.95,"df_image_link":"https:\/\/harristweed-shop.be\/wp-content\/uploads\/2023\/12\/db7db5b2aac3aec02a1f24b76f3fd348_Harris_tweed_Flat_cap_Steel_Blue_Check-300x300.jpg","_links":{"self":[{"href":"https:\/\/harristweed-shop.be\/fr\/wp-json\/wp\/v2\/product\/309877","targetHints":{"allow":["GET"]}}],"collection":[{"href":"https:\/\/harristweed-shop.be\/fr\/wp-json\/wp\/v2\/product"}],"about":[{"href":"https:\/\/harristweed-shop.be\/fr\/wp-json\/wp\/v2\/types\/product"}],"wp:featuredmedia":[{"embeddable":true,"href":"https:\/\/harristweed-shop.be\/fr\/wp-json\/wp\/v2\/media\/309883"}],"wp:attachment":[{"href":"https:\/\/harristweed-shop.be\/fr\/wp-json\/wp\/v2\/media?parent=309877"}],"wp:term":[{"taxonomy":"product_brand","embeddable":true,"href":"https:\/\/harristweed-shop.be\/fr\/wp-json\/wp\/v2\/product_brand?post=309877"},{"taxonomy":"product_cat","embeddable":true,"href":"https:\/\/harristweed-shop.be\/fr\/wp-json\/wp\/v2\/product_cat?post=309877"},{"taxonomy":"product_tag","embeddable":true,"href":"https:\/\/harristweed-shop.be\/fr\/wp-json\/wp\/v2\/product_tag?post=309877"}],"curies":[{"name":"wp","href":"https:\/\/api.w.org\/{rel}","templated":true}]}}