{"id":3074,"date":"2020-08-15T12:07:25","date_gmt":"2020-08-15T12:07:25","guid":{"rendered":"https:\/\/harristweed-shop.be\/?post_type=product&#038;p=3074"},"modified":"2023-10-27T10:15:32","modified_gmt":"2023-10-27T10:15:32","slug":"harris-tweed-vestje","status":"publish","type":"product","link":"https:\/\/harristweed-shop.be\/fr\/produit\/gilet-en-tweed-harris\/","title":{"rendered":"Gilet Harris Tweed 650"},"content":{"rendered":"<p><img fetchpriority=\"high\" decoding=\"async\" class=\"alignnone size-full wp-image-495\" src=\"https:\/\/harristweed-shop.be\/wp-content\/uploads\/2019\/10\/images.png\" alt=\"\" width=\"314\" height=\"161\" srcset=\"https:\/\/harristweed-shop.be\/wp-content\/uploads\/2019\/10\/images.png 314w, https:\/\/harristweed-shop.be\/wp-content\/uploads\/2019\/10\/images-262x134.png 262w, https:\/\/harristweed-shop.be\/wp-content\/uploads\/2019\/10\/images-300x154.png 300w\" sizes=\"(max-width: 314px) 100vw, 314px\" \/>\u00a0 par <img decoding=\"async\" class=\"alignnone size-full wp-image-504\" src=\"https:\/\/harristweed-shop.be\/wp-content\/uploads\/2019\/10\/Schermafbeelding-2019-10-24-om-11.03.27.png\" alt=\"\" width=\"215\" height=\"95\" \/><\/p>\n<p>\u00ab L&#039;un des meilleurs tweeds au monde \u00bb<\/p>\n<p>Le gilet sportif en Harris Tweed aux couleurs caract\u00e9ristiques des H\u00e9brides \u00e9cossaises, confectionn\u00e9 en pure laine de mouton. Sportif et indestructible, le Harris Tweed est tiss\u00e9 \u00e0 la main en \u00c9cosse. Un incontournable pour homme.<\/p>\n<p>&nbsp;<\/p>","protected":false},"excerpt":{"rendered":"<p>Magnifique cardigan en tweed Harris vert \u00e0 carreaux rouge et bleu. \u00c0 associer avec une veste et une casquette assorties du m\u00eame tissu.<\/p>\n<p>Harris Tweed \u2013 tiss\u00e9 \u00e0 la main en \u00c9cosse<\/p>\n<p><img fetchpriority=\"high\" decoding=\"async\" class=\"alignnone size-full wp-image-495\" src=\"https:\/\/harristweed-shop.be\/wp-content\/uploads\/2019\/10\/images.png\" alt=\"\" width=\"314\" height=\"161\" srcset=\"https:\/\/harristweed-shop.be\/wp-content\/uploads\/2019\/10\/images.png 314w, https:\/\/harristweed-shop.be\/wp-content\/uploads\/2019\/10\/images-262x134.png 262w, https:\/\/harristweed-shop.be\/wp-content\/uploads\/2019\/10\/images-300x154.png 300w\" sizes=\"(max-width: 314px) 100vw, 314px\" \/><\/p>\n<p>&nbsp;<\/p>","protected":false},"featured_media":3076,"template":"","meta":[],"product_brand":[],"product_cat":[88],"product_tag":[221,220,219],"class_list":{"0":"post-3074","1":"product","2":"type-product","3":"status-publish","4":"has-post-thumbnail","6":"product_cat-vestjes-en-gilets","7":"product_tag-harris-tweed","8":"product_tag-tweed-giletje","9":"product_tag-tweed-vestje","10":"pa_merk-harristweed","12":"first","13":"outofstock","14":"taxable","15":"shipping-taxable","16":"product-type-variable"},"df_price":"","df_sale_price":"","df_regular_price":"","df_image_link":"https:\/\/harristweed-shop.be\/wp-content\/uploads\/2020\/08\/Harris-Tweed-giletje-Taylor_2233_650_0714-225x300.jpg","_links":{"self":[{"href":"https:\/\/harristweed-shop.be\/fr\/wp-json\/wp\/v2\/product\/3074","targetHints":{"allow":["GET"]}}],"collection":[{"href":"https:\/\/harristweed-shop.be\/fr\/wp-json\/wp\/v2\/product"}],"about":[{"href":"https:\/\/harristweed-shop.be\/fr\/wp-json\/wp\/v2\/types\/product"}],"wp:featuredmedia":[{"embeddable":true,"href":"https:\/\/harristweed-shop.be\/fr\/wp-json\/wp\/v2\/media\/3076"}],"wp:attachment":[{"href":"https:\/\/harristweed-shop.be\/fr\/wp-json\/wp\/v2\/media?parent=3074"}],"wp:term":[{"taxonomy":"product_brand","embeddable":true,"href":"https:\/\/harristweed-shop.be\/fr\/wp-json\/wp\/v2\/product_brand?post=3074"},{"taxonomy":"product_cat","embeddable":true,"href":"https:\/\/harristweed-shop.be\/fr\/wp-json\/wp\/v2\/product_cat?post=3074"},{"taxonomy":"product_tag","embeddable":true,"href":"https:\/\/harristweed-shop.be\/fr\/wp-json\/wp\/v2\/product_tag?post=3074"}],"curies":[{"name":"wp","href":"https:\/\/api.w.org\/{rel}","templated":true}]}}