{"id":298250,"date":"2023-12-13T21:38:38","date_gmt":"2023-12-13T21:38:38","guid":{"rendered":"https:\/\/harristweed-shop.be\/product\/harris-tweed-esk-overnight-bag-in-macleod-tartan\/"},"modified":"2026-04-30T17:33:56","modified_gmt":"2026-04-30T17:33:56","slug":"harris-tweed-esk-overnight-bag-in-macleod-tartan","status":"publish","type":"product","link":"https:\/\/harristweed-shop.be\/fr\/produit\/sac-de-voyage-harris-tweed-esk-en-tartan-macleod\/","title":{"rendered":"Sac de voyage Harris Tweed \u00ab Esk \u00bb en tartan MacLeod"},"content":{"rendered":"<p data-start=\"232\" data-end=\"586\">D\u00e9couvrez le compagnon de voyage id\u00e9al pour les courts s\u00e9jours, les week-ends en ville ou les escapades improvis\u00e9es d&#039;une nuit\u00a0: le&nbsp;<strong data-start=\"325\" data-end=\"348\">\u201cSac de voyage \u201d Esk \u00bb<\/strong>&nbsp;par Glen Appin. Ce sac \u00e9l\u00e9gant combine&nbsp;<strong data-start=\"396\" data-end=\"460\">Authentique artisanat \u00e9cossais alli\u00e9 \u00e0 une fonctionnalit\u00e9 pratique<\/strong>, gr\u00e2ce \u00e0 l&#039;embl\u00e9matique&nbsp;<strong data-start=\"483\" data-end=\"504\">Tissu Harris Tweed<\/strong>, tiss\u00e9s \u00e0 la main dans les H\u00e9brides ext\u00e9rieures \u00e9cossaises.<span data-state=\"closed\"><span data-testid=\"webpage-citation-pill\"><a href=\"https:\/\/thehatcompany.com\/collections\/glen-appin\/products\/glen-appin-harris-tweed-travel-overnight-esk-bag-blue-green-check?utm_source=chatgpt.com\" target=\"_blank\"><\/a><\/span><\/span><\/p>\n<p data-start=\"616\" data-end=\"950\">Le sac de voyage Esk est fabriqu\u00e9 en&nbsp;<strong data-start=\"652\" data-end=\"683\">100% v\u00e9ritable laine Harris Tweed<\/strong>, avec une entreprise&nbsp;<strong data-start=\"701\" data-end=\"722\">doublure en polyester<\/strong>&nbsp;et \u00e9l\u00e9gant&nbsp;<strong data-start=\"735\" data-end=\"750\">accents en PU<\/strong>&nbsp;Pour une durabilit\u00e9 accrue, le sac arbore un look classique et intemporel et offre un espace suffisant pour tous vos essentiels pour un court s\u00e9jour ou une escapade de week-end.<span data-state=\"closed\"><span data-testid=\"webpage-citation-pill\"><a href=\"https:\/\/thehatcompany.com\/collections\/glen-appin\/products\/glen-appin-harris-tweed-travel-overnight-esk-bag-blue-green-check?utm_source=chatgpt.com\" target=\"_blank\"><\/a><\/span><\/span><\/p>\n<p><strong data-start=\"956\" data-end=\"969\">Caract\u00e9ristiques<\/strong><\/p>\n<ul data-start=\"970\" data-end=\"1504\">\n<li data-start=\"970\" data-end=\"1062\"><strong data-start=\"972\" data-end=\"986\">Mat\u00e9riel:<\/strong>&nbsp;Authentique laine Harris Tweed tiss\u00e9e \u00e0 la main avec \u00e9tiquette officielle Harris Tweed<\/li>\n<li data-start=\"1063\" data-end=\"1130\"><strong data-start=\"1065\" data-end=\"1077\">Garniture:<\/strong>&nbsp;Int\u00e9rieur en polyester r\u00e9sistant pour une utilisation durable<\/li>\n<li data-start=\"1131\" data-end=\"1192\"><strong data-start=\"1133\" data-end=\"1146\">Fermeture:<\/strong>&nbsp;Double fermeture \u00e9clair pour un rangement s\u00e9curis\u00e9<\/li>\n<li data-start=\"1193\" data-end=\"1268\"><strong data-start=\"1195\" data-end=\"1212\">Confort de port :<\/strong>&nbsp;Deux poign\u00e9es robustes et une base solide avec des picots<\/li>\n<li data-start=\"1269\" data-end=\"1371\"><strong data-start=\"1271\" data-end=\"1284\">Mise en page:<\/strong>&nbsp;Poche int\u00e9rieure zipp\u00e9e et poches plaqu\u00e9es suppl\u00e9mentaires, id\u00e9ales pour le t\u00e9l\u00e9phone et les accessoires<\/li>\n<li data-start=\"1372\" data-end=\"1504\"><strong data-start=\"1374\" data-end=\"1389\">Dimensions:<\/strong>&nbsp;\u00b1 25 cm (H) \u00d7 45 cm (L) \u00d7 22 cm (P) \u2014 taille id\u00e9ale pour une utilisation de nuit&nbsp;<span data-state=\"closed\"><span data-testid=\"webpage-citation-pill\"><a href=\"https:\/\/thehatcompany.com\/collections\/glen-appin\/products\/glen-appin-harris-tweed-travel-overnight-esk-bag-blue-green-check?utm_source=chatgpt.com\" target=\"_blank\"><\/a><\/span><\/span><\/li>\n<\/ul>\n<p data-start=\"1555\" data-end=\"1981\">Ce sac week-end offre&nbsp;<strong data-start=\"1580\" data-end=\"1623\">Un m\u00e9lange id\u00e9al de style et de fonctionnalit\u00e9<\/strong>. Le design classique en tweed conf\u00e8re \u00e0 vos voyages une allure raffin\u00e9e et intemporelle, tandis que la conception astucieuse et la finition robuste garantissent&nbsp;<strong data-start=\"1767\" data-end=\"1793\">commodit\u00e9 pratique sur la route<\/strong>. Que vous partiez en voyage dans une ville charmante ou que vous passiez une nuit en pleine nature, le sac de voyage Esk est synonyme de fiabilit\u00e9, de confort et de caract\u00e8re.<span data-state=\"closed\"><span data-testid=\"webpage-citation-pill\"><a href=\"https:\/\/thehatcompany.com\/collections\/glen-appin\/products\/glen-appin-harris-tweed-travel-overnight-esk-bag-blue-green-check?utm_source=chatgpt.com\" target=\"_blank\"><\/a><\/span><\/span><\/p>\n<p><strong data-start=\"1987\" data-end=\"2004\">Id\u00e9al pour :<\/strong><\/p>\n<p data-start=\"2005\" data-end=\"2168\">\u2714 Voyages de fin de semaine ou d&#039;affaires<br data-start=\"2029\" data-end=\"2032\">\u2714 Essentiels rapidement rang\u00e9s<br data-start=\"2060\" data-end=\"2063\">\u2714 Amateurs de design classique et authentique<br data-start=\"2110\" data-end=\"2113\">\u2714 Id\u00e9e cadeau pour les voyageurs et les personnes soucieuses de leur style<\/p>","protected":false},"excerpt":{"rendered":"<p>Sac de voyage Harris Tweed &#039;Esk&#039; en tartan MacLeod COL015.<\/p>\n<p>Ce sac \u00e9l\u00e9gant allie un savoir-faire \u00e9cossais authentique \u00e0 une fonctionnalit\u00e9 pratique, gr\u00e2ce au tissu embl\u00e9matique Harris Tweed, tiss\u00e9 \u00e0 la main dans les H\u00e9brides ext\u00e9rieures \u00e9cossaises.<\/p>","protected":false},"featured_media":298251,"template":"","meta":[],"product_brand":[],"product_cat":[899,638,904,1167,1140,1162,1138,900,809,901,808,898],"product_tag":[],"class_list":{"0":"post-298250","1":"product","2":"type-product","3":"status-publish","4":"has-post-thumbnail","6":"product_cat-geschenke","7":"product_cat-gifts","8":"product_cat-handtaschen","9":"product_cat-harris-tweed-reisetaschen","10":"product_cat-harris-tweed-reistassen","11":"product_cat-harris-tweed-taschen","12":"product_cat-harris-tweed-tassen","13":"product_cat-reisetaschen","14":"product_cat-reistas","15":"product_cat-taschen","16":"product_cat-tassen","17":"product_cat-tassen-gifts","18":"pa_merk-harristweed","20":"first","21":"instock","22":"taxable","23":"shipping-taxable","24":"purchasable","25":"product-type-simple"},"df_price":159.95,"df_sale_price":"","df_regular_price":159.95,"df_image_link":"https:\/\/harristweed-shop.be\/wp-content\/uploads\/2023\/12\/a49ef139e9940d4ea7729f247356c2b9_Harris_Tweed__Esk__Overnight_Bag_in_MacLeod_Tartan-300x300.jpg","_links":{"self":[{"href":"https:\/\/harristweed-shop.be\/fr\/wp-json\/wp\/v2\/product\/298250","targetHints":{"allow":["GET"]}}],"collection":[{"href":"https:\/\/harristweed-shop.be\/fr\/wp-json\/wp\/v2\/product"}],"about":[{"href":"https:\/\/harristweed-shop.be\/fr\/wp-json\/wp\/v2\/types\/product"}],"wp:featuredmedia":[{"embeddable":true,"href":"https:\/\/harristweed-shop.be\/fr\/wp-json\/wp\/v2\/media\/298251"}],"wp:attachment":[{"href":"https:\/\/harristweed-shop.be\/fr\/wp-json\/wp\/v2\/media?parent=298250"}],"wp:term":[{"taxonomy":"product_brand","embeddable":true,"href":"https:\/\/harristweed-shop.be\/fr\/wp-json\/wp\/v2\/product_brand?post=298250"},{"taxonomy":"product_cat","embeddable":true,"href":"https:\/\/harristweed-shop.be\/fr\/wp-json\/wp\/v2\/product_cat?post=298250"},{"taxonomy":"product_tag","embeddable":true,"href":"https:\/\/harristweed-shop.be\/fr\/wp-json\/wp\/v2\/product_tag?post=298250"}],"curies":[{"name":"wp","href":"https:\/\/api.w.org\/{rel}","templated":true}]}}