{"id":298202,"date":"2023-12-13T21:33:18","date_gmt":"2023-12-13T21:33:18","guid":{"rendered":"https:\/\/harristweed-shop.be\/product\/harris-tweed-clyde-weekend-bag-in-grey-black-tartan\/"},"modified":"2026-04-14T13:04:50","modified_gmt":"2026-04-14T13:04:50","slug":"harris-tweed-clyde-weekend-bag-in-grey-black-tartan","status":"publish","type":"product","link":"https:\/\/harristweed-shop.be\/fr\/produit\/sac-week-end-harris-tweed-clyde-en-tartan-gris-noir\/","title":{"rendered":"Sac week-end Harris Tweed \u00ab\u00a0Clyde\u00a0\u00bb en tartan gris\/noir"},"content":{"rendered":"<p>Sac de week-end \u00ab Clyde \u00bb en tweed Harris.<br \/>\n100% Ext\u00e9rieur en laine Harris Tweed,<br \/>\nDoublure en polyester et garniture en PU.<br \/>\n33cm x 52cm x 30cm.<br \/>\nSac \u00e9tonnamment l\u00e9ger, grand, avec fermeture zipp\u00e9e et rembourr\u00e9,<br \/>\nbandouli\u00e8re r\u00e9glable.<\/p>","protected":false},"excerpt":{"rendered":"<p>Sac de week-end \u00ab Clyde \u00bb en tweed Harris.<br \/>\n100% Ext\u00e9rieur en laine Harris Tweed,<br \/>\nDoublure en polyester et garniture en PU.<br \/>\n33cm x 52cm x 30cm.<br \/>\nSac \u00e9tonnamment l\u00e9ger, grand, avec fermeture zipp\u00e9e et rembourr\u00e9,<br \/>\nbandouli\u00e8re r\u00e9glable.<\/p>","protected":false},"featured_media":298203,"template":"","meta":[],"product_brand":[],"product_cat":[899,638,904,1167,1140,1162,1138,900,809,901,898,808],"product_tag":[],"class_list":{"0":"post-298202","1":"product","2":"type-product","3":"status-publish","4":"has-post-thumbnail","6":"product_cat-geschenke","7":"product_cat-gifts","8":"product_cat-handtaschen","9":"product_cat-harris-tweed-reisetaschen","10":"product_cat-harris-tweed-reistassen","11":"product_cat-harris-tweed-taschen","12":"product_cat-harris-tweed-tassen","13":"product_cat-reisetaschen","14":"product_cat-reistas","15":"product_cat-taschen","16":"product_cat-tassen-gifts","17":"product_cat-tassen","18":"pa_merk-harristweed","20":"first","21":"instock","22":"taxable","23":"shipping-taxable","24":"purchasable","25":"product-type-simple"},"df_price":198.95,"df_sale_price":"","df_regular_price":198.95,"df_image_link":"https:\/\/harristweed-shop.be\/wp-content\/uploads\/2023\/12\/7e335a4328525510904dd8cd862b7483_Harris_Tweed__Clyde__Weekend_Bag_in_Grey_Black_Tartan-300x300.jpg","_links":{"self":[{"href":"https:\/\/harristweed-shop.be\/fr\/wp-json\/wp\/v2\/product\/298202","targetHints":{"allow":["GET"]}}],"collection":[{"href":"https:\/\/harristweed-shop.be\/fr\/wp-json\/wp\/v2\/product"}],"about":[{"href":"https:\/\/harristweed-shop.be\/fr\/wp-json\/wp\/v2\/types\/product"}],"wp:featuredmedia":[{"embeddable":true,"href":"https:\/\/harristweed-shop.be\/fr\/wp-json\/wp\/v2\/media\/298203"}],"wp:attachment":[{"href":"https:\/\/harristweed-shop.be\/fr\/wp-json\/wp\/v2\/media?parent=298202"}],"wp:term":[{"taxonomy":"product_brand","embeddable":true,"href":"https:\/\/harristweed-shop.be\/fr\/wp-json\/wp\/v2\/product_brand?post=298202"},{"taxonomy":"product_cat","embeddable":true,"href":"https:\/\/harristweed-shop.be\/fr\/wp-json\/wp\/v2\/product_cat?post=298202"},{"taxonomy":"product_tag","embeddable":true,"href":"https:\/\/harristweed-shop.be\/fr\/wp-json\/wp\/v2\/product_tag?post=298202"}],"curies":[{"name":"wp","href":"https:\/\/api.w.org\/{rel}","templated":true}]}}