{"id":298193,"date":"2023-12-13T21:23:22","date_gmt":"2023-12-13T21:23:22","guid":{"rendered":"https:\/\/harristweed-shop.be\/product\/harris-tweed-cassley-classic-handbag-in-purple-pink-tartan\/"},"modified":"2026-04-08T14:40:52","modified_gmt":"2026-04-08T14:40:52","slug":"harris-tweed-cassley-classic-handbag-in-purple-pink-tartan","status":"publish","type":"product","link":"https:\/\/harristweed-shop.be\/fr\/produit\/sac-a-main-classique-harris-tweed-cassley-en-tartan-rose-et-violet\/","title":{"rendered":"Sac \u00e0 main classique \u00ab Cassley \u00bb en tweed Harris, motif tartan violet\/rose"},"content":{"rendered":"<p>Sac \u00e0 main classique \u00ab Cassley \u00bb en tweed Harris.<br \/>\n100% Ext\u00e9rieur en laine Harris Tweed,<br \/>\nDoublure en polyester et garniture en PU.<br \/>\n25cm x 38cm x 11cm.<br \/>\nPeut \u00eatre port\u00e9 \u00e0 l&#039;\u00e9paule.<br \/>\nGrande poche centrale zipp\u00e9e avec compartiments de chaque c\u00f4t\u00e9 avec fermeture \u00e0 pression.<\/p>","protected":false},"excerpt":{"rendered":"<p>Sac \u00e0 main classique \u00ab Cassley \u00bb en tweed Harris.<br \/>\n100% Ext\u00e9rieur en laine Harris Tweed,<br \/>\nDoublure en polyester et garniture en PU.<br \/>\n25cm x 38cm x 11cm.<br \/>\nPeut \u00eatre port\u00e9 \u00e0 l&#039;\u00e9paule.<br \/>\nGrande poche centrale zipp\u00e9e avec compartiments de chaque c\u00f4t\u00e9 avec fermeture \u00e0 pression.<\/p>","protected":false},"featured_media":298194,"template":"","meta":[],"product_brand":[],"product_cat":[899,638,903,904,1163,1139,1162,1138,901,808,898],"product_tag":[],"class_list":{"0":"post-298193","1":"product","2":"type-product","3":"status-publish","4":"has-post-thumbnail","6":"product_cat-geschenke","7":"product_cat-gifts","8":"product_cat-handtas","9":"product_cat-handtaschen","10":"product_cat-harris-tweed-handtasche","11":"product_cat-harris-tweed-handtassen","12":"product_cat-harris-tweed-taschen","13":"product_cat-harris-tweed-tassen","14":"product_cat-taschen","15":"product_cat-tassen","16":"product_cat-tassen-gifts","17":"pa_merk-harristweed","19":"first","20":"outofstock","21":"taxable","22":"shipping-taxable","23":"purchasable","24":"product-type-simple"},"df_price":89.95,"df_sale_price":"","df_regular_price":89.95,"df_image_link":"https:\/\/harristweed-shop.be\/wp-content\/uploads\/2023\/12\/e782e533e6851c3c7319b97c9ace106b_Harris_Tweed__Cassley__Classic_Handbag_in_Purple_Pink_Tartan-300x300.jpg","_links":{"self":[{"href":"https:\/\/harristweed-shop.be\/fr\/wp-json\/wp\/v2\/product\/298193","targetHints":{"allow":["GET"]}}],"collection":[{"href":"https:\/\/harristweed-shop.be\/fr\/wp-json\/wp\/v2\/product"}],"about":[{"href":"https:\/\/harristweed-shop.be\/fr\/wp-json\/wp\/v2\/types\/product"}],"wp:featuredmedia":[{"embeddable":true,"href":"https:\/\/harristweed-shop.be\/fr\/wp-json\/wp\/v2\/media\/298194"}],"wp:attachment":[{"href":"https:\/\/harristweed-shop.be\/fr\/wp-json\/wp\/v2\/media?parent=298193"}],"wp:term":[{"taxonomy":"product_brand","embeddable":true,"href":"https:\/\/harristweed-shop.be\/fr\/wp-json\/wp\/v2\/product_brand?post=298193"},{"taxonomy":"product_cat","embeddable":true,"href":"https:\/\/harristweed-shop.be\/fr\/wp-json\/wp\/v2\/product_cat?post=298193"},{"taxonomy":"product_tag","embeddable":true,"href":"https:\/\/harristweed-shop.be\/fr\/wp-json\/wp\/v2\/product_tag?post=298193"}],"curies":[{"name":"wp","href":"https:\/\/api.w.org\/{rel}","templated":true}]}}