{"id":286131,"date":"2023-12-05T15:33:19","date_gmt":"2023-12-05T15:33:19","guid":{"rendered":"https:\/\/harristweed-shop.be\/product\/otley-tote-harris-tweed-handbag-mustard\/"},"modified":"2026-04-08T14:40:55","modified_gmt":"2026-04-08T14:40:55","slug":"otley-tote-harris-tweed-handbag-mustard","status":"publish","type":"product","link":"https:\/\/harristweed-shop.be\/fr\/produit\/sac-fourre-tout-otley-en-tweed-harris-moutarde\/","title":{"rendered":"Sac cabas Otley en tweed Harris \u2013 Moutarde"},"content":{"rendered":"<p>\u2013 Disponible dans une s\u00e9lection de tissus Harris Tweed<br \/>\n<br \/>\u2013 Tiss\u00e9 \u00e0 la main en pure laine 100%<br \/>\n<br \/>\u2013 Finition cuir v\u00e9ritable<br \/>\n<br \/>- Doublure effet daim<br \/>\n<br \/>\u2013 Poche ext\u00e9rieure zipp\u00e9e<br \/>\n<br \/>\u2013 Petite poche zipp\u00e9e \u00e0 l&#039;int\u00e9rieur<br \/>\n<br \/>\u2013 30 cm (L) x 35 cm (H) x 6 cm (P)<br \/>\n<br \/>\u2013 Hauteur de la poign\u00e9e : 28 cm<\/p>","protected":false},"excerpt":{"rendered":"<p>Sac \u00e0 main cabas Otley en tweed Harris \u2013 Moutarde.<\/p>\n<p>\u2013 Harris Tweed \u2013 Laine 100%<br \/>\n\u2013 Doublure \u2013 Polyester 100% (effet daim)<br \/>\n\u2013 Finition \u2013 Cuir 100%<\/p>","protected":false},"featured_media":286132,"template":"","meta":[],"product_brand":[],"product_cat":[899,638,903,904,1163,1139,1162,1138,901,808,898],"product_tag":[],"class_list":{"0":"post-286131","1":"product","2":"type-product","3":"status-publish","4":"has-post-thumbnail","6":"product_cat-geschenke","7":"product_cat-gifts","8":"product_cat-handtas","9":"product_cat-handtaschen","10":"product_cat-harris-tweed-handtasche","11":"product_cat-harris-tweed-handtassen","12":"product_cat-harris-tweed-taschen","13":"product_cat-harris-tweed-tassen","14":"product_cat-taschen","15":"product_cat-tassen","16":"product_cat-tassen-gifts","17":"pa_merk-harristweed","19":"first","20":"outofstock","21":"taxable","22":"shipping-taxable","23":"purchasable","24":"product-type-simple"},"df_price":169.95,"df_sale_price":"","df_regular_price":169.95,"df_image_link":"https:\/\/harristweed-shop.be\/wp-content\/uploads\/2023\/12\/f4e316eb5d3a8a15325f7bdaf4168335_Otley_Tote_Harris_Tweed_Handbag_mustard-300x300.jpg","_links":{"self":[{"href":"https:\/\/harristweed-shop.be\/fr\/wp-json\/wp\/v2\/product\/286131","targetHints":{"allow":["GET"]}}],"collection":[{"href":"https:\/\/harristweed-shop.be\/fr\/wp-json\/wp\/v2\/product"}],"about":[{"href":"https:\/\/harristweed-shop.be\/fr\/wp-json\/wp\/v2\/types\/product"}],"wp:featuredmedia":[{"embeddable":true,"href":"https:\/\/harristweed-shop.be\/fr\/wp-json\/wp\/v2\/media\/286132"}],"wp:attachment":[{"href":"https:\/\/harristweed-shop.be\/fr\/wp-json\/wp\/v2\/media?parent=286131"}],"wp:term":[{"taxonomy":"product_brand","embeddable":true,"href":"https:\/\/harristweed-shop.be\/fr\/wp-json\/wp\/v2\/product_brand?post=286131"},{"taxonomy":"product_cat","embeddable":true,"href":"https:\/\/harristweed-shop.be\/fr\/wp-json\/wp\/v2\/product_cat?post=286131"},{"taxonomy":"product_tag","embeddable":true,"href":"https:\/\/harristweed-shop.be\/fr\/wp-json\/wp\/v2\/product_tag?post=286131"}],"curies":[{"name":"wp","href":"https:\/\/api.w.org\/{rel}","templated":true}]}}