{"id":27769,"date":"2023-03-26T13:21:44","date_gmt":"2023-03-26T13:21:44","guid":{"rendered":"https:\/\/harristweed-shop.be\/product\/wellington-tweed-visgraat-jack-blauw\/"},"modified":"2026-04-21T11:11:48","modified_gmt":"2026-04-21T11:11:48","slug":"wellington-tweed-visgraat-jack-blauw","status":"publish","type":"product","link":"https:\/\/harristweed-shop.be\/fr\/produit\/veste-wellington-en-tweed-a-chevrons-bleu\/","title":{"rendered":"Manteau en tweed \u201c\u00a0Autriche\u00a0\u201d \u00e0 chevrons bleus"},"content":{"rendered":"<p>Le style est un d\u00e9fi quotidien\u00a0: le compagnon id\u00e9al doit \u00eatre d\u00e9contract\u00e9 et discret, tout en rayonnant de style et en s&#039;affirmant. Cette veste en tweed \u00ab\u00a0Austria\u00a0\u00bb r\u00e9pond \u00e0 cette exigence avec brio. Le tweed de haute qualit\u00e9 impressionne par son charisme. Sa coupe gilet amovible garantit confort et chaleur. Son col montant remarquable, avec son rabat-temp\u00eate en similicuir et ses coutures zigzag contrast\u00e9es, attire tous les regards. Cette veste cintr\u00e9e offre une coupe confortable avec une fermeture boutonn\u00e9e, des poches \u00e0 rabat avec ouvertures lat\u00e9rales pour plus de praticit\u00e9 et une fente au dos.<\/p>\n<p>\u2013 Insert de gilet amovible<br \/>\u2013 \u00c9tiquette nominative<br \/>- Ventilation \u00e0 l&#039;arri\u00e8re<br \/>\u2013 Rabat anti-temp\u00eate<br \/>\u2013 Deux poches int\u00e9rieures<br \/>\u2013 Deux poches \u00e0 rabat<\/p>\n<p>Mensurations du mod\u00e8le : Le mannequin mesure 189 cm et porte une taille 50.<br \/>Coupe : Veste homme courte et ajust\u00e9e style blazer.<br \/>Dimensions de l&#039;article : Les dimensions pour la taille 50 sont : Demi-poitrine : 59 cm \u2013 Demi-taille : 56 cm \u2013 Longueur des manches \u00e0 partir du ballon : 67 cm \u2013 Longueur du dos : 74 cm<\/p>\n<p>Tissu ext\u00e9rieur : 95% laine vierge, 5% cachemire<br \/>Doublure : 60% viscose, 40% polyester<br \/>Doublure des manches : polyester 100%<\/p>","protected":false},"excerpt":{"rendered":"<p>Manteau Harris Tweed Austria \u00e0 chevrons bleus 610.<\/p>\n<p>Le style est un d\u00e9fi quotidien\u00a0: le compagnon id\u00e9al doit \u00eatre d\u00e9contract\u00e9 et discret, tout en rayonnant de style et d&#039;audace. Cette veste en tweed \u00ab\u00a0Austria\u00a0\u00bb r\u00e9pond \u00e0 cette exigence avec brio.<\/p>","protected":false},"featured_media":27793,"template":"","meta":[],"product_brand":[],"product_cat":[530,87,482,531],"product_tag":[],"class_list":{"0":"post-27769","1":"product","2":"type-product","3":"status-publish","4":"has-post-thumbnail","6":"product_cat-heren-jassen-en-jacks","7":"product_cat-jassen-en-jacks","8":"product_cat-mantel-und-jacken","9":"product_cat-mantel-und-jacken-fur-herren","10":"pa_merk-wellington","12":"first","13":"instock","14":"taxable","15":"shipping-taxable","16":"purchasable","17":"product-type-variable"},"df_price":299.95,"df_sale_price":"","df_regular_price":299.95,"df_image_link":"https:\/\/harristweed-shop.be\/wp-content\/uploads\/2023\/03\/4b31d977b6dc4feaa438f3672caa74ce_Wellington_Tweed_Jack__4-225x300.jpg","_links":{"self":[{"href":"https:\/\/harristweed-shop.be\/fr\/wp-json\/wp\/v2\/product\/27769","targetHints":{"allow":["GET"]}}],"collection":[{"href":"https:\/\/harristweed-shop.be\/fr\/wp-json\/wp\/v2\/product"}],"about":[{"href":"https:\/\/harristweed-shop.be\/fr\/wp-json\/wp\/v2\/types\/product"}],"wp:featuredmedia":[{"embeddable":true,"href":"https:\/\/harristweed-shop.be\/fr\/wp-json\/wp\/v2\/media\/27793"}],"wp:attachment":[{"href":"https:\/\/harristweed-shop.be\/fr\/wp-json\/wp\/v2\/media?parent=27769"}],"wp:term":[{"taxonomy":"product_brand","embeddable":true,"href":"https:\/\/harristweed-shop.be\/fr\/wp-json\/wp\/v2\/product_brand?post=27769"},{"taxonomy":"product_cat","embeddable":true,"href":"https:\/\/harristweed-shop.be\/fr\/wp-json\/wp\/v2\/product_cat?post=27769"},{"taxonomy":"product_tag","embeddable":true,"href":"https:\/\/harristweed-shop.be\/fr\/wp-json\/wp\/v2\/product_tag?post=27769"}],"curies":[{"name":"wp","href":"https:\/\/api.w.org\/{rel}","templated":true}]}}