{"id":26892,"date":"2023-03-25T12:52:51","date_gmt":"2023-03-25T12:52:51","guid":{"rendered":"https:\/\/harristweed-shop.be\/product\/flat-cap-630-harris-tweed-groen-overruit\/"},"modified":"2026-04-25T13:34:46","modified_gmt":"2026-04-25T13:34:46","slug":"flat-cap-630-harris-tweed-groen-overruit","status":"publish","type":"product","link":"https:\/\/harristweed-shop.be\/fr\/produit\/casquette-plate-630-harris-tweed-a-carreaux-verts\/","title":{"rendered":"Casquette plate Harris Tweed vert mousse Oakmoor"},"content":{"rendered":"<p>Notre casquette plate Oakmoor est un classique intemporel. Un indispensable de la garde-robe de tout homme ou femme de la campagne, d\u00e9sormais confectionn\u00e9e en laine vierge 100% de premi\u00e8re qualit\u00e9.<\/p>\n<p>Que vous soyez en ville ou \u00e0 la campagne, cet article conviendra \u00e0 coup s\u00fbr \u00e0 toutes les occasions.<br \/>\nConfectionn\u00e9 avec un souci du d\u00e9tail exceptionnel, du tweed tiss\u00e9 \u00e0 la main au processus de fabrication, ce chapeau a \u00e9t\u00e9 con\u00e7u avec une grande minutie. Nous l&#039;avons pens\u00e9 pour allier style, durabilit\u00e9 et qualit\u00e9.<\/p>\n<p>Le Harris Tweed est un tissu haut de gamme, fabriqu\u00e9 artisanalement en \u00c9cosse \u00e0 partir de pure laine vierge \u2013 ce qui signifie qu&#039;elle n&#039;a jamais \u00e9t\u00e9 utilis\u00e9e auparavant. Il est largement consid\u00e9r\u00e9 comme l&#039;un des tissus les plus luxueux au monde et est le seul \u00e0 b\u00e9n\u00e9ficier d&#039;une protection l\u00e9gislative garantissant une qualit\u00e9 optimale.<br \/>\nSelon la loi, le Harris Tweed doit \u00eatre\u00a0: \u201c\u00a0tiss\u00e9 \u00e0 la main par les insulaires dans leurs foyers des H\u00e9brides ext\u00e9rieures, fini dans les H\u00e9brides ext\u00e9rieures et fabriqu\u00e9 \u00e0 partir de pure laine vierge teinte et fil\u00e9e dans les H\u00e9brides ext\u00e9rieures.\u00a0\u201d Ces \u00eeles se situent au nord de l\u2019\u00c9cosse, sur les archipels de Lewis, Harris, Uist et Barra.<\/p>\n<p>Chaque rouleau produit doit \u00eatre inspect\u00e9 par un membre de la Harris Tweed Authority avant d&#039;\u00eatre estampill\u00e9 \u00e0 la main et exp\u00e9di\u00e9 pour utilisation.<br \/>\nAinsi, si vous achetez un produit Harris Tweed, vous pouvez \u00eatre s\u00fbr qu&#039;il sera confectionn\u00e9 \u00e0 la main \u00e0 la perfection !<\/p>\n<p>Chez Walker &amp; Hawkes, nous concevons des casquettes en tweed depuis plus de 20 ans.<br \/>\nAssoci\u00e9e au tissu Harris Tweed de renomm\u00e9e mondiale, la casquette plate Oakmoor vous r\u00e9v\u00e9lera le v\u00e9ritable sens d&#039;un savoir-faire d&#039;excellence.<\/p>\n<p>Votre casquette Oakmoor vous aidera \u00e0 garder la t\u00eate au chaud pendant les mois les plus froids gr\u00e2ce \u00e0 sa robustesse et \u00e0 sa coupe ajust\u00e9e.<br \/>\nId\u00e9ale pour les mois chauds gr\u00e2ce \u00e0 sa l\u00e9g\u00e8ret\u00e9 et sa respirabilit\u00e9 naturelles. Dot\u00e9e d&#039;une visi\u00e8re rigide pour prot\u00e9ger vos yeux du soleil.<br \/>\nNous avons inclus un bandeau anti-transpiration c\u00f4tel\u00e9 pour absorber la transpiration \u2013 il pr\u00e9vient \u00e9galement les d\u00e9mangeaisons du cuir chevelu dues au contact avec la laine.<\/p>\n<p>Nous proposons une gamme de couleurs. Choisissez une teinte naturelle qui capture \u00e0 merveille l&#039;atmosph\u00e8re des paysages \u00e9cossais. Ou optez pour un style plus contemporain avec nos coloris plus vifs.<br \/>\nCompl\u00e9tez votre \u00e9l\u00e9gante tenue champ\u00eatre avec nos autres v\u00eatements en Harris Tweed. Gilets, gants et blazers assortis disponibles.<\/p>\n<p>Veillez \u00e0 mesurer pr\u00e9cis\u00e9ment votre tour de t\u00eate pour obtenir la coupe parfaite que vous attendez d&#039;un produit Walker and Hawkes.<\/p>\n<p>Lavage \u00e0 la main ou nettoyage \u00e0 sec uniquement pour pr\u00e9server la qualit\u00e9.<\/p>\n<p>100% Authentique Harris Tweed \u2013 tiss\u00e9 \u00e0 la main dans les H\u00e9brides ext\u00e9rieures d&#039;\u00c9cosse. Reconnu comme l&#039;un des tissus les plus luxueux au monde.<br \/>\nForts de plus de 20 ans d&#039;exp\u00e9rience, nous concevons des v\u00eatements en tweed depuis plus de 20 ans. Vous \u00eates donc assur\u00e9 d&#039;un savoir-faire d&#039;excellence.<br \/>\nR\u00e9sistant \u2013 Le tweed est tiss\u00e9 extr\u00eamement serr\u00e9, ce qui le rend tr\u00e8s r\u00e9sistant. Il peut \u00eatre tiss\u00e9 plus de 20\u00a0000 fois sans se casser.<br \/>\nSource renouvelable \u2013 la laine des moutons repousse chaque ann\u00e9e, ce qui en fait une source renouvelable. La production de laine g\u00e9n\u00e8re \u00e9galement de faibles \u00e9missions de carbone.<br \/>\nR\u00e9sistant \u00e0 l&#039;eau \u2013 il est r\u00e9sistant \u00e0 l&#039;eau car il peut absorber jusqu&#039;\u00e0 30% de son poids en humidit\u00e9 sans s&#039;imbiber.<br \/>\nSensation de solidit\u00e9 \u2013 comme toujours, les chapeaux Walker and Hawkes offrent un ajustement profond pour une sensation de confort et de fermet\u00e9 autour de la t\u00eate. Consultez notre guide des tailles.<br \/>\nProtection UV \u2013 la laine vous prot\u00e8ge naturellement des rayons UV.<br \/>\nR\u00e9sistant aux plis et aux rides \u2013 vous n&#039;aurez pas \u00e0 vous soucier du froissement ou du froissement de votre v\u00eatement en tweed gr\u00e2ce \u00e0 son \u00e9lasticit\u00e9 naturelle.<br \/>\nVotre casquette sera exp\u00e9di\u00e9e rapidement et en toute s\u00e9curit\u00e9.<br \/>\nDisponible en vert mousse, gris acier, bleu nuit, anthracite, gris anthracite et sable blanc.<br \/>\nGilet, gants et blazers assortis disponibles pour compl\u00e9ter la tenue.<br \/>\nConvient \u00e0 une large gamme d&#039;utilisations, notamment : le tir, la randonn\u00e9e, la mode, les v\u00eatements d&#039;ext\u00e9rieur, les courses, les mariages, les occasions formelles et plus encore !<br \/>\nCaract\u00e9ristiques principales<\/p>\n<p>L&#039;enveloppe ext\u00e9rieure est fabriqu\u00e9e \u00e0 partir de pure laine vierge 100%.<br \/>\nLa doublure int\u00e9rieure est en polyester matelass\u00e9 100%.<br \/>\nPointe cousue vers le bas.<br \/>\nBandeau anti-transpiration c\u00f4tel\u00e9 gros-grain.<br \/>\n\u00c9tiquettes authentiques Harris Tweed.<br \/>\n\u00c9tiquette de couture amovible en Harris Tweed.<\/p>","protected":false},"excerpt":{"rendered":"<p>Our Oakmoor Flat Cap is sincere to the timeless classic. An essential wardrobe item in any country man or woman\u2019s wardrobe, now made with premium 100% virgin wool. So whether you\u2019re in the town or the countryside, this item is guaranteed to fit the occasion. Crafted to perfection \u2013 all the way from the hand-woven [&hellip;]<\/p>\n","protected":false},"featured_media":26902,"template":"","meta":[],"product_brand":[],"product_cat":[1166,1120,1119,1164,433,547,542,83],"product_tag":[],"class_list":{"0":"post-26892","1":"product","2":"type-product","3":"status-publish","4":"has-post-thumbnail","6":"product_cat-harris-tweed-caps-schiebermutze","7":"product_cat-harris-tweed-flat-caps-harris-tweed-hoeden-petten-en-caps","8":"product_cat-harris-tweed-hoeden-petten-en-caps","9":"product_cat-harris-tweed-mutzen-und-hute","10":"product_cat-harris-tweed-petten","11":"product_cat-harris-tweed-mutzen","12":"product_cat-hute-und-caps","13":"product_cat-petten-en-caps","14":"pa_merk-harristweed","16":"first","17":"instock","18":"taxable","19":"shipping-taxable","20":"purchasable","21":"product-type-variable"},"df_price":59.95,"df_sale_price":"","df_regular_price":59.95,"df_image_link":"https:\/\/harristweed-shop.be\/wp-content\/uploads\/2023\/03\/4bcd8edddca2544336d15b5d1db0def9_Flat_Cap_630_Harris_Tweed_Groen_overruit-300x300.jpg","_links":{"self":[{"href":"https:\/\/harristweed-shop.be\/fr\/wp-json\/wp\/v2\/product\/26892","targetHints":{"allow":["GET"]}}],"collection":[{"href":"https:\/\/harristweed-shop.be\/fr\/wp-json\/wp\/v2\/product"}],"about":[{"href":"https:\/\/harristweed-shop.be\/fr\/wp-json\/wp\/v2\/types\/product"}],"wp:featuredmedia":[{"embeddable":true,"href":"https:\/\/harristweed-shop.be\/fr\/wp-json\/wp\/v2\/media\/26902"}],"wp:attachment":[{"href":"https:\/\/harristweed-shop.be\/fr\/wp-json\/wp\/v2\/media?parent=26892"}],"wp:term":[{"taxonomy":"product_brand","embeddable":true,"href":"https:\/\/harristweed-shop.be\/fr\/wp-json\/wp\/v2\/product_brand?post=26892"},{"taxonomy":"product_cat","embeddable":true,"href":"https:\/\/harristweed-shop.be\/fr\/wp-json\/wp\/v2\/product_cat?post=26892"},{"taxonomy":"product_tag","embeddable":true,"href":"https:\/\/harristweed-shop.be\/fr\/wp-json\/wp\/v2\/product_tag?post=26892"}],"curies":[{"name":"wp","href":"https:\/\/api.w.org\/{rel}","templated":true}]}}