{"id":263769,"date":"2023-11-17T11:22:56","date_gmt":"2023-11-17T11:22:56","guid":{"rendered":"https:\/\/harristweed-shop.be\/product\/brown-harris-tweed-holdall\/"},"modified":"2026-04-08T15:10:38","modified_gmt":"2026-04-08T15:10:38","slug":"brown-harris-tweed-holdall","status":"publish","type":"product","link":"https:\/\/harristweed-shop.be\/fr\/produit\/sac-de-voyage-en-tweed-harris-marron\/","title":{"rendered":"Sac fourre-tout en tweed Harris marron"},"content":{"rendered":"<p>Notre sac fourre-tout contemporain et \u00e9l\u00e9gant est confectionn\u00e9 en cuir authentique et en pure laine vierge, le Harris Tweed, l&#039;une des mati\u00e8res les plus c\u00e9l\u00e8bres au monde, produite par les petits fermiers de l&#039;\u00eele de Harris. Ce motif Harris Tweed gris allie design traditionnel et modernit\u00e9. Le doux tissu tweed \u00e0 carreaux, associ\u00e9 \u00e0 une finition en cuir noir vieilli, conf\u00e8re \u00e0 cette gamme un style typiquement anglais. Un cadeau id\u00e9al pour vos proches ou pour vous faire plaisir.<\/p>\n<p>Il comprend :<\/p>\n<p>Poche ext\u00e9rieure<br \/>\nPoche int\u00e9rieure zipp\u00e9e<br \/>\ngarniture en cuir<br \/>\nPoign\u00e9es de transport<br \/>\nBandouli\u00e8re r\u00e9glable<\/p>\n<p>Dimensions : L : 50 cm, H : 35 cm, P : 25 cm<\/p>","protected":false},"excerpt":{"rendered":"<p>Notre sac fourre-tout contemporain et \u00e9l\u00e9gant est fabriqu\u00e9 \u00e0 partir de cuir authentique et de pure laine vierge appel\u00e9e Harris Tweed<\/p>","protected":false},"featured_media":263770,"template":"","meta":[],"product_brand":[],"product_cat":[899,638,904,1167,1140,1162,1138,900,809,901,808,898],"product_tag":[],"class_list":{"0":"post-263769","1":"product","2":"type-product","3":"status-publish","4":"has-post-thumbnail","6":"product_cat-geschenke","7":"product_cat-gifts","8":"product_cat-handtaschen","9":"product_cat-harris-tweed-reisetaschen","10":"product_cat-harris-tweed-reistassen","11":"product_cat-harris-tweed-taschen","12":"product_cat-harris-tweed-tassen","13":"product_cat-reisetaschen","14":"product_cat-reistas","15":"product_cat-taschen","16":"product_cat-tassen","17":"product_cat-tassen-gifts","18":"pa_merk-harristweed","20":"first","21":"outofstock","22":"taxable","23":"shipping-taxable","24":"purchasable","25":"product-type-simple"},"df_price":239.95,"df_sale_price":"","df_regular_price":239.95,"df_image_link":"https:\/\/harristweed-shop.be\/wp-content\/uploads\/2023\/11\/aae836b55b9e78cf2251e777696d3f6e_Brown_Harris_Tweed_Holdall-300x300.jpg","_links":{"self":[{"href":"https:\/\/harristweed-shop.be\/fr\/wp-json\/wp\/v2\/product\/263769","targetHints":{"allow":["GET"]}}],"collection":[{"href":"https:\/\/harristweed-shop.be\/fr\/wp-json\/wp\/v2\/product"}],"about":[{"href":"https:\/\/harristweed-shop.be\/fr\/wp-json\/wp\/v2\/types\/product"}],"wp:featuredmedia":[{"embeddable":true,"href":"https:\/\/harristweed-shop.be\/fr\/wp-json\/wp\/v2\/media\/263770"}],"wp:attachment":[{"href":"https:\/\/harristweed-shop.be\/fr\/wp-json\/wp\/v2\/media?parent=263769"}],"wp:term":[{"taxonomy":"product_brand","embeddable":true,"href":"https:\/\/harristweed-shop.be\/fr\/wp-json\/wp\/v2\/product_brand?post=263769"},{"taxonomy":"product_cat","embeddable":true,"href":"https:\/\/harristweed-shop.be\/fr\/wp-json\/wp\/v2\/product_cat?post=263769"},{"taxonomy":"product_tag","embeddable":true,"href":"https:\/\/harristweed-shop.be\/fr\/wp-json\/wp\/v2\/product_tag?post=263769"}],"curies":[{"name":"wp","href":"https:\/\/api.w.org\/{rel}","templated":true}]}}