{"id":260060,"date":"2023-11-15T10:59:09","date_gmt":"2023-11-15T10:59:09","guid":{"rendered":"https:\/\/harristweed-shop.be\/product\/all-blacks-1983-rugby-t-shirt\/"},"modified":"2026-05-05T05:11:31","modified_gmt":"2026-05-05T05:11:31","slug":"all-blacks-1983-rugby-t-shirt","status":"publish","type":"product","link":"https:\/\/harristweed-shop.be\/fr\/produit\/t-shirt-de-rugby-all-blacks-1983\/","title":{"rendered":"T-shirt de rugby All Blacks 1983"},"content":{"rendered":"<p>T-shirt de rugby All Blacks 1983<\/p>\n<p>L&#039;ann\u00e9e 1983 a vu na\u00eetre une \u00e9quipe redoutable dans le monde du rugby\u00a0: les All Blacks de Nouvelle-Z\u00e9lande. R\u00e9put\u00e9s pour leur esprit indomptable, leur talent et leurs prouesses tactiques, les All Blacks ont affich\u00e9 une domination sans pr\u00e9c\u00e9dent, laissant leurs adversaires bouche b\u00e9e et admiratifs. Remontons le temps pour revivre ces triomphes inoubliables et les performances remarquables de la l\u00e9gendaire \u00e9quipe de rugby des All Blacks de Nouvelle-Z\u00e9lande de 1983.<\/p>\n<p>All Blacks 1983 Rugby<\/p>\n<p>Sous la direction de l&#039;entra\u00eeneur Bryce Rope, les All Blacks ont entam\u00e9 une s\u00e9rie de victoires exceptionnelle, d\u00e9montrant leur supr\u00e9matie sur le terrain. L&#039;\u00e9quipe a fait preuve d&#039;un travail d&#039;\u00e9quipe, d&#039;une pr\u00e9cision et d&#039;un flair exceptionnels, gagnant le respect des amateurs de rugby du monde entier.<\/p>\n<p>Attaque explosive et rugby d\u00e9fensif tenace<\/p>\n<p>En effet, le style de jeu des All Blacks \u00e9tait un magnifique m\u00e9lange de mouvements offensifs fluides et de strat\u00e9gies d\u00e9fensives inflexibles. Men\u00e9 par le charismatique capitaine Andy Dalton, l&#039;\u00e9quipe comptait un panel de joueurs talentueux qui ont marqu\u00e9 le sport \u00e0 jamais.<\/p>\n<p>Des ailiers agiles comme Stu Wilson et Bernie Fraser, ainsi que l&#039;arri\u00e8re Alan Hewson, ont men\u00e9 la ligne offensive des All Blacks avec une vitesse et une agilit\u00e9 impressionnantes. Leur capacit\u00e9 \u00e0 percer les lignes d\u00e9fensives et \u00e0 inscrire des essais \u00e9poustouflants a laiss\u00e9 les spectateurs bouche b\u00e9e. Avec des meneurs de jeu comme Dave Loveridge, \u00e9paul\u00e9 par Ian Dunn ou Wayne Smith, l&#039;\u00e9quipe a orchestr\u00e9 ses attaques avec pr\u00e9cision et ing\u00e9niosit\u00e9.<\/p>\n<p>Pack redoutable des All Blacks<\/p>\n<p>Le pilier du succ\u00e8s des All Blacks r\u00e9sidait cependant dans leur d\u00e9fense imp\u00e9n\u00e9trable. Le redoutable trio de premi\u00e8re ligne, Gary Knight, Andy Dalton et John Ashworth, ainsi que les imposants deuxi\u00e8mes lignes Andy Haden et Gary Whetton, formaient un mur redoutable, perturbant constamment les coups de pied arr\u00eat\u00e9s adverses. Cette d\u00e9fense inflexible \u00e9tait renforc\u00e9e par la f\u00e9rocit\u00e9 des flankers Mark Shaw et Jock Hobbs, ainsi que du num\u00e9ro huit Murray Mexted, rendant la p\u00e9n\u00e9tration de leur ligne d\u00e9fensive extr\u00eamement difficile.<\/p>\n<p>La tourn\u00e9e des \u00eeles britanniques en Nouvelle-Z\u00e9lande s&#039;est av\u00e9r\u00e9e particuli\u00e8rement m\u00e9morable. Les All Blacks ont inflig\u00e9 des d\u00e9faites cuisantes \u00e0 leurs adversaires. L&#039;\u00e9quipe a \u00e9galement offert une d\u00e9monstration de rugby fascinante, d\u00e9montrant son g\u00e9nie technique, son physique et sa d\u00e9termination in\u00e9branlable. Elle a laiss\u00e9 une trace ind\u00e9l\u00e9bile dans l&#039;histoire du rugby.<\/p>\n<p>All Blacks 1983 Rugby<\/p>\n<p>En plus de ce t-shirt inspir\u00e9, nous proposons \u00e9galement un maillot de rugby All Black 1983.<\/p>","protected":false},"excerpt":{"rendered":"<p>T-shirt de rugby All Blacks 1983<\/p>\n<p>L&#039;ann\u00e9e 1983 a vu na\u00eetre une \u00e9quipe redoutable dans le monde du rugby\u00a0: les All Blacks de Nouvelle-Z\u00e9lande. R\u00e9put\u00e9s pour leur esprit indomptable, leur talent et leurs prouesses tactiques, les All Blacks ont affich\u00e9 une domination sans pr\u00e9c\u00e9dent, laissant leurs adversaires bouche b\u00e9e et admiratifs. Remontons le temps pour revivre ces triomphes inoubliables et les performances remarquables de la l\u00e9gendaire \u00e9quipe de rugby des All Blacks de Nouvelle-Z\u00e9lande de 1983.<\/p>","protected":false},"featured_media":260068,"template":"","meta":[],"product_brand":[],"product_cat":[1011,397,394,1145,955,905],"product_tag":[],"class_list":{"0":"post-260060","1":"product","2":"type-product","3":"status-publish","4":"has-post-thumbnail","6":"product_cat-all-blacks-new-zealand","7":"product_cat-international","8":"product_cat-rugby-shirts-2","9":"product_cat-rugby-t-shirts","10":"product_cat-shop-by-country-club","11":"product_cat-t-shirts-rugby-shirts-2","12":"pa_merk-ellis-rugby","14":"first","15":"instock","16":"taxable","17":"shipping-taxable","18":"purchasable","19":"product-type-variable"},"df_price":37.95,"df_sale_price":"","df_regular_price":37.95,"df_image_link":"https:\/\/harristweed-shop.be\/wp-content\/uploads\/2023\/11\/1be482ec5c09b52e25f8d44f0c07fab9_All_Blacks_1983_Rugby_T_Shirt-300x300.jpg","_links":{"self":[{"href":"https:\/\/harristweed-shop.be\/fr\/wp-json\/wp\/v2\/product\/260060","targetHints":{"allow":["GET"]}}],"collection":[{"href":"https:\/\/harristweed-shop.be\/fr\/wp-json\/wp\/v2\/product"}],"about":[{"href":"https:\/\/harristweed-shop.be\/fr\/wp-json\/wp\/v2\/types\/product"}],"wp:featuredmedia":[{"embeddable":true,"href":"https:\/\/harristweed-shop.be\/fr\/wp-json\/wp\/v2\/media\/260068"}],"wp:attachment":[{"href":"https:\/\/harristweed-shop.be\/fr\/wp-json\/wp\/v2\/media?parent=260060"}],"wp:term":[{"taxonomy":"product_brand","embeddable":true,"href":"https:\/\/harristweed-shop.be\/fr\/wp-json\/wp\/v2\/product_brand?post=260060"},{"taxonomy":"product_cat","embeddable":true,"href":"https:\/\/harristweed-shop.be\/fr\/wp-json\/wp\/v2\/product_cat?post=260060"},{"taxonomy":"product_tag","embeddable":true,"href":"https:\/\/harristweed-shop.be\/fr\/wp-json\/wp\/v2\/product_tag?post=260060"}],"curies":[{"name":"wp","href":"https:\/\/api.w.org\/{rel}","templated":true}]}}